{"id":11259,"date":"2023-10-23T16:04:17","date_gmt":"2023-10-23T14:04:17","guid":{"rendered":"https:\/\/uyquelindo.com\/?page_id=11259"},"modified":"2024-08-29T19:43:07","modified_gmt":"2024-08-29T17:43:07","slug":"cortadores-personalizados-de-arcilla-polimerica","status":"publish","type":"page","link":"https:\/\/uyquelindo.com\/en\/custom-polymer-clay-cutters\/","title":{"rendered":"Custom polymer clay cutters"},"content":{"rendered":"<p><div class=\"fusion-fullwidth fullwidth-box fusion-builder-row-1 fusion-flex-container nonhundred-percent-fullwidth non-hundred-percent-height-scrolling\" style=\"--awb-background-position:left top;--awb-border-sizes-top:0px;--awb-border-sizes-bottom:0px;--awb-border-sizes-left:0px;--awb-border-sizes-right:0px;--awb-border-radius-top-left:0px;--awb-border-radius-top-right:0px;--awb-border-radius-bottom-right:0px;--awb-border-radius-bottom-left:0px;--awb-padding-top:50px;--awb-padding-bottom:50px;--awb-flex-wrap:wrap;\" ><div class=\"fusion-builder-row fusion-row fusion-flex-align-items-flex-start fusion-flex-content-wrap\" style=\"max-width:1216.8px;margin-left: calc(-4% \/ 2 );margin-right: calc(-4% \/ 2 );\"><div class=\"fusion-layout-column fusion_builder_column fusion-builder-column-0 fusion_builder_column_1_1 1_1 fusion-flex-column fusion-flex-align-self-flex-start fusion-column-no-min-height\" style=\"--awb-bg-blend:overlay;--awb-bg-size:cover;--awb-width-large:100%;--awb-margin-top-large:0px;--awb-spacing-right-large:1.92%;--awb-margin-bottom-large:0px;--awb-spacing-left-large:1.92%;--awb-width-medium:100%;--awb-spacing-right-medium:1.92%;--awb-spacing-left-medium:1.92%;--awb-width-small:100%;--awb-spacing-right-small:1.92%;--awb-spacing-left-small:1.92%;\"><div class=\"fusion-column-wrapper fusion-flex-justify-content-flex-start fusion-content-layout-column\"><div class=\"fusion-text fusion-text-1\"><h1 style=\"text-align: center;\"><span style=\"color: #f46f72;\"><span class=\"ILfuVd\" lang=\"es\"><span class=\"hgKElc\"><b>\u00bf<\/b><\/span><\/span>C\u00d3MO COMPRAR CORTADORES PERSONALIZADOS<br \/>\nDE ARCILLA POLIMERICA?<\/span><br \/>\n<span style=\"color: #a49d86;\">Paso a paso y completa el formulario<\/span><\/h1>\n<\/div><div class=\"fusion-separator fusion-full-width-sep\" style=\"align-self: center;margin-left: auto;margin-right: auto;margin-top:40px;width:100%;\"><\/div><\/div><\/div><div class=\"fusion-layout-column fusion_builder_column fusion-builder-column-1 fusion_builder_column_1_1 1_1 fusion-flex-column\" style=\"--awb-padding-top:15px;--awb-padding-right:15px;--awb-padding-bottom:15px;--awb-padding-left:15px;--awb-overflow:hidden;--awb-bg-color:var(--awb-custom12);--awb-bg-color-hover:var(--awb-custom12);--awb-bg-size:cover;--awb-border-radius:10px 10px 10px 10px;--awb-width-large:100%;--awb-margin-top-large:0px;--awb-spacing-right-large:1.92%;--awb-margin-bottom-large:0px;--awb-spacing-left-large:1.92%;--awb-width-medium:100%;--awb-order-medium:0;--awb-spacing-right-medium:1.92%;--awb-spacing-left-medium:1.92%;--awb-width-small:100%;--awb-order-small:0;--awb-spacing-right-small:1.92%;--awb-spacing-left-small:1.92%;\" data-scroll-devices=\"small-visibility,medium-visibility,large-visibility\"><div class=\"fusion-column-wrapper fusion-column-has-shadow fusion-flex-justify-content-flex-start fusion-content-layout-column\"><div class=\"fusion-text fusion-text-2\"><p><strong>En Uy qu\u00e9 lindo! nos hace ilusi\u00f3n ayudarte a dar vida a tus ideas y para eso nada mejor que nuestros cortadores personalizados de arcilla polim\u00e9rica. Aqu\u00ed tienes una gu\u00eda sencilla para solicitar tu propio cortador \u00aba la carta\u00bb:<\/strong><\/p>\n<\/div><ul style=\"--awb-line-height:23.8px;--awb-icon-width:23.8px;--awb-icon-height:23.8px;--awb-icon-margin:9.8px;--awb-content-margin:33.6px;--awb-circlecolor:#f05858;--awb-circle-yes-font-size:12.32px;\" class=\"fusion-checklist fusion-checklist-1 fusion-checklist-default type-icons\"><li class=\"fusion-li-item\" style=\"\"><span class=\"icon-wrapper circle-yes\"><i class=\"fusion-li-icon fa-image fas\" aria-hidden=\"true\"><\/i><\/span><div class=\"fusion-li-item-content\">\n<p><strong>Paso 1: Dise\u00f1o Inicial y orden de compra<br \/>\n<\/strong><\/p>\n<p>Proporciona una imagen de referencia de tu dise\u00f1o. Puede ser un dibujo, una ilustraci\u00f3n o incluso una fotograf\u00eda. Adj\u00fantala luego en el fromulario y elige la medida m\u00e1xima. Es un cortador de contorno o tiene un estampado? Lo necesitas todo en una pieza o estampa separada del contorno? (esto es especialmente eficaz si vas a trabajar en otras arcillas o diferentes espesores). Recuerda que nuestros cortadores con estampa est\u00e1n dise\u00f1ados para\u00a0 espesores de 3\/4 mm.<br \/>\nSi la realizaci\u00f3n es posible (seg\u00fan el tama\u00f1o de los detalles) te enviaremos una cotizaci\u00f3n a la cuenta de email que has ingresado y si acordamos, crearemos una orden de compra con la descripci\u00f3n del producto y su coste. As\u00ed podr\u00e1s agregar este producto al carro y realizar el pago antes de iniciar las tareas.<\/p>\n<\/div><\/li><li class=\"fusion-li-item\" style=\"\"><span class=\"icon-wrapper circle-yes\"><i class=\"fusion-li-icon fa-magic fas\" aria-hidden=\"true\"><\/i><\/span><div class=\"fusion-li-item-content\">\n<p><strong>Paso 2: Creaci\u00f3n del Archivo 2D<\/strong><\/p>\n<p>Transformaremos tu imagen en un archivo 2D. Aqu\u00ed es donde se define la forma del cortador.<\/p>\n<\/div><\/li><li class=\"fusion-li-item\" style=\"\"><span class=\"icon-wrapper circle-yes\"><i class=\"fusion-li-icon fa-handshake fas\" aria-hidden=\"true\"><\/i><\/span><div class=\"fusion-li-item-content\">\n<p><strong>Paso 3: Aprobaci\u00f3n<\/strong><\/p>\n<p>Te enviaremos una imagen el dise\u00f1o 2D para que lo revises y apruebes. Puedes sugerir modificaciones si es necesario.<\/p>\n<\/div><\/li><li class=\"fusion-li-item\" style=\"\"><span class=\"icon-wrapper circle-yes\"><i class=\"fusion-li-icon fa-cube fas\" aria-hidden=\"true\"><\/i><\/span><div class=\"fusion-li-item-content\">\n<p><strong>Paso 4: Generaci\u00f3n del Archivo 3D<\/strong><\/p>\n<p>Una vez que tengamos tu aprobaci\u00f3n, convertiremos el dise\u00f1o 2D en un archivo 3D, que es la representaci\u00f3n tridimensional de tu cortador.<\/p>\n<\/div><\/li><li class=\"fusion-li-item\" style=\"\"><span class=\"icon-wrapper circle-yes\"><i class=\"fusion-li-icon fa-tools fas\" aria-hidden=\"true\"><\/i><\/span><div class=\"fusion-li-item-content\">\n<p><strong>Paso 5: Impresi\u00f3n de Prueba<\/strong><\/p>\n<p>Imprimiremos una copia de prueba de tu cortador para verificar su funcionalidad y precisi\u00f3n. Esto garantiza que tu cortador funcione perfectamente.<\/p>\n<\/div><\/li><li class=\"fusion-li-item\" style=\"\"><span class=\"icon-wrapper circle-yes\"><i class=\"fusion-li-icon fa-video fas\" aria-hidden=\"true\"><\/i><\/span><div class=\"fusion-li-item-content\">\n<p><strong>Paso 6: Tu Opini\u00f3n Cuenta<\/strong><\/p>\n<p>Te enviaremos una imagen de la prueba de corte para que la revises y confirmes que cumple con tus expectativas.<\/p>\n<\/div><\/li><li class=\"fusion-li-item\" style=\"\"><span class=\"icon-wrapper circle-yes\"><i class=\"fusion-li-icon fa-shipping-fast fas\" aria-hidden=\"true\"><\/i><\/span><div class=\"fusion-li-item-content\">\n<p><strong>Paso 7: Producci\u00f3n y Env\u00edo<\/strong><\/p>\n<p>Una vez que nos des tu aprobaci\u00f3n, procederemos a la producci\u00f3n de tu cortador personalizado y lo enviaremos a la direcci\u00f3n que elijas. Recuerda que podemos incluir copias adicionales si las necesitas.<\/p>\n<\/div><\/li><\/ul><div class=\"fusion-text fusion-text-3\" style=\"--awb-margin-top:10px;\"><p>\u00a1Listo! En solo unos sencillos pasos, podr\u00e1s tener en tus manos un cortador personalizado que refleje tu creatividad. \u00bfListo para comenzar? Porfavor, completa el siguiente formulario.<\/p>\n<\/div><\/div><\/div><\/div><\/div><div class=\"fusion-fullwidth fullwidth-box fusion-builder-row-2 fusion-flex-container has-pattern-background has-mask-background nonhundred-percent-fullwidth non-hundred-percent-height-scrolling\" style=\"--awb-background-position:left top;--awb-border-sizes-top:0px;--awb-border-sizes-bottom:0px;--awb-border-sizes-left:0px;--awb-border-sizes-right:0px;--awb-border-radius-top-left:0px;--awb-border-radius-top-right:0px;--awb-border-radius-bottom-right:0px;--awb-border-radius-bottom-left:0px;--awb-padding-top:10px;--awb-padding-bottom:10px;--awb-flex-wrap:wrap;\" ><div class=\"fusion-builder-row fusion-row fusion-flex-align-items-flex-start fusion-flex-content-wrap\" style=\"max-width:1216.8px;margin-left: calc(-4% \/ 2 );margin-right: calc(-4% \/ 2 );\"><div class=\"fusion-layout-column fusion_builder_column fusion-builder-column-2 fusion_builder_column_1_1 1_1 fusion-flex-column\" style=\"--awb-bg-size:cover;--awb-width-large:100%;--awb-margin-top-large:0px;--awb-spacing-right-large:1.92%;--awb-margin-bottom-large:0px;--awb-spacing-left-large:1.92%;--awb-width-medium:100%;--awb-order-medium:0;--awb-spacing-right-medium:1.92%;--awb-spacing-left-medium:1.92%;--awb-width-small:100%;--awb-order-small:0;--awb-spacing-right-small:1.92%;--awb-spacing-left-small:1.92%;\"><div class=\"fusion-column-wrapper fusion-column-has-shadow fusion-flex-justify-content-flex-start fusion-content-layout-column\"><div class=\"fusion-title title fusion-title-1 fusion-sep-none fusion-title-text fusion-title-size-one\" style=\"--awb-margin-bottom:30px;--awb-margin-top-small:0px;--awb-margin-right-small:0px;--awb-margin-bottom-small:20px;--awb-margin-left-small:0px;\"><h1 class=\"fusion-title-heading title-heading-left fusion-responsive-typography-calculated\" style=\"margin:0;--fontSize:35;line-height:1;\">Algo especial<\/h1><\/div><\/div><\/div><div class=\"fusion-layout-column fusion_builder_column fusion-builder-column-3 fusion_builder_column_1_2 1_2 fusion-flex-column\" style=\"--awb-padding-bottom:10px;--awb-bg-blend:overlay;--awb-bg-size:cover;--awb-width-large:50%;--awb-margin-top-large:0px;--awb-spacing-right-large:3.84%;--awb-margin-bottom-large:0px;--awb-spacing-left-large:3.84%;--awb-width-medium:100%;--awb-spacing-right-medium:1.92%;--awb-spacing-left-medium:1.92%;--awb-width-small:100%;--awb-spacing-right-small:1.92%;--awb-spacing-left-small:1.92%;\"><div class=\"fusion-column-wrapper fusion-flex-justify-content-flex-start fusion-content-layout-column\"><div class=\"fusion-image-element \" style=\"text-align:left;--awb-caption-title-font-family:var(--h2_typography-font-family);--awb-caption-title-font-weight:var(--h2_typography-font-weight);--awb-caption-title-font-style:var(--h2_typography-font-style);--awb-caption-title-size:var(--h2_typography-font-size);--awb-caption-title-transform:var(--h2_typography-text-transform);--awb-caption-title-line-height:var(--h2_typography-line-height);--awb-caption-title-letter-spacing:var(--h2_typography-letter-spacing);\"><span class=\" fusion-imageframe imageframe-none imageframe-1 hover-type-none fusion-animated\" data-animationType=\"zoomInDown\" data-animationDuration=\"0.1\" data-animationOffset=\"top-into-view\"><img decoding=\"async\" width=\"1080\" height=\"1350\" alt=\"Cortadores personalizados de arcilla polim\u00e9rica\" title=\"04-32-ind12-35-3\" src=\"https:\/\/uyquelindo.com\/wp-content\/uploads\/2023\/09\/04-32-ind12-35-3.jpg\" class=\"img-responsive wp-image-10934\" srcset=\"https:\/\/uyquelindo.com\/wp-content\/uploads\/2023\/09\/04-32-ind12-35-3-200x250.jpg 200w, https:\/\/uyquelindo.com\/wp-content\/uploads\/2023\/09\/04-32-ind12-35-3-400x500.jpg 400w, https:\/\/uyquelindo.com\/wp-content\/uploads\/2023\/09\/04-32-ind12-35-3-600x750.jpg 600w, https:\/\/uyquelindo.com\/wp-content\/uploads\/2023\/09\/04-32-ind12-35-3-800x1000.jpg 800w, https:\/\/uyquelindo.com\/wp-content\/uploads\/2023\/09\/04-32-ind12-35-3.jpg 1080w\" sizes=\"(max-width: 1024px) 100vw, (max-width: 640px) 100vw, 600px\" \/><\/span><\/div><\/div><\/div><div class=\"fusion-layout-column fusion_builder_column fusion-builder-column-4 fusion_builder_column_1_2 1_2 fusion-flex-column\" style=\"--awb-padding-bottom:10px;--awb-bg-size:cover;--awb-width-large:50%;--awb-margin-top-large:0px;--awb-spacing-right-large:3.84%;--awb-margin-bottom-large:0px;--awb-spacing-left-large:3.84%;--awb-width-medium:100%;--awb-order-medium:0;--awb-spacing-right-medium:1.92%;--awb-spacing-left-medium:1.92%;--awb-width-small:100%;--awb-order-small:0;--awb-spacing-right-small:1.92%;--awb-spacing-left-small:1.92%;\"><div class=\"fusion-column-wrapper fusion-column-has-shadow fusion-flex-justify-content-flex-start fusion-content-layout-column\"><div class=\"fusion-form fusion-form-builder fusion-form-form-wrapper fusion-form-11263\" style=\"--awb-tooltip-text-color:#ffffff;--awb-tooltip-background-color:#333333;--awb-form-placeholder-color:rgba(71,71,71,0.5);--awb-form-text-color:#474747;\" data-form-id=\"11263\" data-config=\"{&quot;form_id&quot;:&quot;11263&quot;,&quot;form_post_id&quot;:&quot;11263&quot;,&quot;post_id&quot;:11259,&quot;form_type&quot;:&quot;ajax&quot;,&quot;confirmation_type&quot;:&quot;message&quot;,&quot;redirect_url&quot;:&quot;&quot;,&quot;redirect_timeout&quot;:&quot;0&quot;,&quot;field_labels&quot;:{&quot;tipo_de_herramienta&quot;:&quot;TIPO DE HERRAMIENTA&quot;,&quot;nombre&quot;:&quot;Nombre&quot;,&quot;email&quot;:&quot;Tu correo electr\\u00f3nico&quot;,&quot;mensaje&quot;:&quot;Mensaje&quot;,&quot;&quot;:&quot;&quot;},&quot;field_logics&quot;:{&quot;tipo_de_herramienta&quot;:&quot;[{\\&quot;operator\\&quot;:\\&quot;and\\&quot;,\\&quot;comparison\\&quot;:\\&quot;equal\\&quot;,\\&quot;field\\&quot;:null,\\&quot;value\\&quot;:\\&quot;\\&quot;}]&quot;,&quot;nombre&quot;:&quot;&quot;,&quot;email&quot;:&quot;&quot;,&quot;mensaje&quot;:&quot;&quot;,&quot;&quot;:&quot;&quot;,&quot;notice_1&quot;:&quot;&quot;,&quot;submit_1&quot;:&quot;&quot;},&quot;field_types&quot;:{&quot;tipo_de_herramienta&quot;:&quot;checkbox&quot;,&quot;nombre&quot;:&quot;text&quot;,&quot;email&quot;:&quot;email&quot;,&quot;mensaje&quot;:&quot;textarea&quot;,&quot;&quot;:&quot;upload&quot;,&quot;notice_1&quot;:&quot;notice&quot;,&quot;recaptcha_1&quot;:&quot;recaptcha&quot;,&quot;submit_1&quot;:&quot;submit&quot;},&quot;nonce_method&quot;:&quot;ajax&quot;,&quot;form_views&quot;:&quot;&quot;,&quot;form_views_counting&quot;:&quot;&quot;}\"><form action=\"https:\/\/uyquelindo.com\/en\/custom-polymer-clay-cutters\/\" method=\"post\" class=\"fusion-form fusion-form-11263\" enctype=\"multipart\/form-data\"><div class=\"fusion-fullwidth fullwidth-box fusion-builder-row-2-1 fusion-flex-container nonhundred-percent-fullwidth non-hundred-percent-height-scrolling\" style=\"--awb-border-radius-top-left:0px;--awb-border-radius-top-right:0px;--awb-border-radius-bottom-right:0px;--awb-border-radius-bottom-left:0px;--awb-flex-wrap:wrap;\" ><div class=\"fusion-builder-row fusion-row fusion-flex-align-items-flex-start fusion-flex-content-wrap\" style=\"width:103% !important;max-width:103% !important;margin-left: calc(-3% \/ 2 );margin-right: calc(-3% \/ 2 );\"><div class=\"fusion-layout-column fusion_builder_column fusion-builder-column-5 fusion_builder_column_1_1 1_1 fusion-flex-column\" style=\"--awb-bg-size:cover;--awb-width-large:100%;--awb-flex-grow:0;--awb-flex-shrink:0;--awb-margin-top-large:0px;--awb-spacing-right-large:1.455%;--awb-margin-bottom-large:0px;--awb-spacing-left-large:1.455%;--awb-width-medium:100%;--awb-order-medium:0;--awb-flex-grow-medium:0;--awb-flex-shrink-medium:0;--awb-spacing-right-medium:1.455%;--awb-spacing-left-medium:1.455%;--awb-width-small:100%;--awb-order-small:0;--awb-flex-grow-small:0;--awb-flex-shrink-small:0;--awb-spacing-right-small:1.455%;--awb-spacing-left-small:1.455%;\"><div class=\"fusion-column-wrapper fusion-column-has-shadow fusion-flex-justify-content-flex-start fusion-content-layout-column\"><div class=\"fusion-title title fusion-title-2 fusion-sep-none fusion-title-text fusion-title-size-one\" style=\"--awb-margin-top-small:0px;--awb-margin-right-small:0px;--awb-margin-bottom-small:20px;--awb-margin-left-small:0px;\"><h1 class=\"fusion-title-heading title-heading-left fusion-responsive-typography-calculated\" style=\"margin:0;--fontSize:35;line-height:1;\"><h3 class=\"fusion-responsive-typography-calculated\" data-fontsize=\"25\" data-lineheight=\"25px\">Necesito un cortador especial. C\u00f3mo sigo?<\/h3><\/h1><\/div><div class=\"fusion-text fusion-text-4\"><p>Si necesitas un cortador personalizado, porfavor, completa el siguiente formulario y te responderemos a la brevedad.<\/p>\n<\/div><div class=\"fusion-form-field fusion-form-checkbox-field fusion-form-label-above fusion-form-field-hidden\" style=\"\" data-form-id=\"11263\" data-form-element-name=\"checkbox_1\"><fieldset data-awb-fieldset-min-required=\"1\" data-awb-fieldset-max-required=\"1\" data-awb-fieldset-error=\"Debes elegir al menos un tipo de herramienta antes de continuar\"><legend class=\"fusion-form-label-wrapper\"><span class=\"label\">TIPO DE HERRAMIENTA <abbr class=\"fusion-form-element-required\" title=\"Debes elegir al menos un tipo de herramienta antes de continuar\">*<\/abbr><\/span><\/legend><div class=\"fusion-form-checkbox\"><input data-empty-notice=\"Debes elegir al menos un tipo de herramienta antes de continuar\" tabindex=\"\" id=\"checkbox-tipo_de_herramienta-1-0\" type=\"checkbox\" value=\"Cortador que estampa (1 pieza)\" name=\"tipo_de_herramienta[]\" class=\"fusion-form-input\" checked  data-holds-private-data=\"false\"\/><label for=\"checkbox-tipo_de_herramienta-1-0\">Cortador que estampa (1 pieza)<\/label><\/div><div class=\"fusion-form-checkbox\"><input data-empty-notice=\"Debes elegir al menos un tipo de herramienta antes de continuar\" tabindex=\"\" id=\"checkbox-tipo_de_herramienta-1-1\" type=\"checkbox\" value=\"Cortador + sello  ( 2 piezas para cer\u00e1mica, silver clay, air clay, porcelana fr\u00eda)\" name=\"tipo_de_herramienta[]\" class=\"fusion-form-input\" data-holds-private-data=\"false\"\/><label for=\"checkbox-tipo_de_herramienta-1-1\">Cortador + sello  ( 2 piezas para cer\u00e1mica, silver clay, air clay, porcelana fr\u00eda)<\/label><\/div><div class=\"fusion-form-checkbox\"><input data-empty-notice=\"Debes elegir al menos un tipo de herramienta antes de continuar\" tabindex=\"\" id=\"checkbox-tipo_de_herramienta-1-2\" type=\"checkbox\" value=\"Cortador (forma simple sin estampado)\" name=\"tipo_de_herramienta[]\" class=\"fusion-form-input\" data-holds-private-data=\"false\"\/><label for=\"checkbox-tipo_de_herramienta-1-2\">Cortador (forma simple sin estampado)<\/label><\/div><\/fieldset><\/div><div class=\"fusion-form-field fusion-form-text-field fusion-form-label-above\" style=\"\" data-form-id=\"11263\"><div class=\"fusion-form-label-wrapper\"><label for=\"nombre\">Nombre <abbr class=\"fusion-form-element-required\" title=\"required\">*<\/abbr><\/label><\/div><input type=\"text\" autocomplete=\"off\" name=\"nombre\" id=\"nombre\" value=\"\"  class=\"fusion-form-input\" required=\"true\" aria-required=\"true\" data-holds-private-data=\"false\" minlength=\"0\"\/><\/div><div class=\"fusion-form-field fusion-form-email-field fusion-form-label-above\" style=\"\" data-form-id=\"11263\"><div class=\"fusion-form-label-wrapper\"><label for=\"email\">Tu correo electr\u00f3nico <abbr class=\"fusion-form-element-required\" title=\"required\">*<\/abbr><\/label><\/div><input type=\"email\" autocomplete=\"off\" name=\"email\" id=\"email\" value=\"\"  class=\"fusion-form-input\" required=\"true\" aria-required=\"true\" data-holds-private-data=\"false\"\/><\/div><div class=\"fusion-text fusion-text-5\"><p>Describe aqu\u00ed los detalles de tu cortador como medidas, si corta y estampa a la vez o son dos piezas separadas.<\/p>\n<\/div><div class=\"fusion-form-field fusion-form-textarea-field fusion-form-label-above\" style=\"\" data-form-id=\"11263\"><label for=\"mensaje\">Mensaje <abbr class=\"fusion-form-element-required\" title=\"required\">*<\/abbr><\/label><textarea cols=\"40\" autocomplete=\"off\"  minlength=\"0\"  rows=\"4\" tabindex=\"\" id=\"mensaje\" name=\"mensaje\" class=\"fusion-form-input\" required=\"true\" aria-required=\"true\" data-holds-private-data=\"false\"><\/textarea><\/div><div class=\"fusion-text fusion-text-6\"><p>Agrega tu imagen<\/p>\n<\/div>\n<div class=\"fusion-form-field fusion-form-upload-field fusion-form-label-above\" style=\"--awb-preview-thumb-width:115px;\" data-form-id=\"11263\"><div class=\"fusion-form-input-with-icon\"><i class=\" fa-upload fas\"><\/i><div class=\"fusion-form-upload-field-container\"><input type=\"file\" data-empty-notice=\"Necesitamos que nos env\u00edes tu imagen para poder cotizar\" id=\"\" name=\"[]\" value=\"\"  class=\"fusion-form-input\"accept=\".jpg, .png\" required=\"true\" aria-required=\"true\" placeholder=\"Click o arrastra una imagen a este espacio para subir *\" data-size=\"2\" multiple data-single-add-remove=\"no\" data-min-upload-files=\"0\" data-max-upload-files=\"0\" data-uploads-preview=\"filenames\"\/><div class=\"fusion-form-upload-field\"  data-holds-private-data=\"false\"><span class=\"awb-upload-placeholder\" data-default=\"Click o arrastra una imagen a este espacio para subir\">Click o arrastra una imagen a este espacio para subir<\/span><div class=\"awb-uploads-preview\"><div class=\"awb-preview-thumbs\"><\/div><\/div><\/div><div ><a class=\"fusion-button button-flat button-medium button-default fusion-button-default button-1 fusion-button-default-span fusion-button-default-type fusion-form-upload-field-button\" style=\"--button-border-radius-top-left:0px;--button-border-radius-top-right:0px;--button-border-radius-bottom-right:0px;--button-border-radius-bottom-left:0px;\" target=\"_self\" href=\"javascript:void();\"><span class=\"fusion-button-text awb-button__text awb-button__text--default\">Choose File<\/span><\/a><\/div><\/div><\/div><\/div><div class=\"form-submission-notices data-notice_1\" id=\"fusion-notices-1\" data-instance=\"1\"><div class=\"fusion-alert alert success alert-success fusion-alert-center fusion-form-response fusion-form-response-success fusion-alert-capitalize awb-alert-native-link-color alert-dismissable awb-alert-close-boxed\" role=\"alert\"><div class=\"fusion-alert-content-wrapper\"><span class=\"alert-icon\"><i class=\"awb-icon-check-circle\" aria-hidden=\"true\"><\/i><\/span><span class=\"fusion-alert-content\">\u00a1Gracias! Tu mensaje se ha enviado correctamente. Revisa tu correo (y la carpeta de Spam, por si acaso) para nuestra respuesta.<\/span><\/div><button type=\"button\" class=\"close toggle-alert\" data-dismiss=\"alert\" aria-label=\"Close\">&times;<\/button><\/div><div class=\"fusion-alert alert error alert-danger fusion-alert-center fusion-form-response fusion-form-response-error fusion-alert-capitalize awb-alert-native-link-color alert-dismissable awb-alert-close-boxed\" role=\"alert\"><div class=\"fusion-alert-content-wrapper\"><span class=\"alert-icon\"><i class=\"awb-icon-exclamation-triangle\" aria-hidden=\"true\"><\/i><\/span><span class=\"fusion-alert-content\">Hubo un error al enviar tu mensaje. Porfavor reintenta en un instante.<\/span><\/div><button type=\"button\" class=\"close toggle-alert\" data-dismiss=\"alert\" aria-label=\"Close\">&times;<\/button><\/div><\/div><div class=\"fusion-form-field fusion-form-recaptcha-field fusion-form-label-above\" style=\"\" data-form-id=\"11263\">\t\t\t\t<div class=\"form-creator-recaptcha\" >\n\t\t\t\t\t\t\t\t\t\t\t\t\t\t\t\t\t\t\t\t\t\t\t\t<div\n\t\t\t\t\t\t\tid=\"g-recaptcha-id-form-11263\"\n\t\t\t\t\t\t\tclass=\"fusion-form-recaptcha-v3 recaptcha-container  fusion-form-hide-recaptcha-badge\"\n\t\t\t\t\t\t\tdata-sitekey=\"6Lccgy4sAAAAADx7V5spdlUZktRVbY1nE54sa2oB\"\n\t\t\t\t\t\t\tdata-badge=\"hide\">\n\t\t\t\t\t\t<\/div>\n\t\t\t\t\t\t<input\n\t\t\t\t\t\t\ttype=\"hidden\"\n\t\t\t\t\t\t\tname=\"fusion-form-recaptcha-response\"\n\t\t\t\t\t\t\tclass=\"g-recaptcha-response\"\n\t\t\t\t\t\t\tid=\"fusion-form-recaptcha-response-11263\"\n\t\t\t\t\t\t\tvalue=\"\">\n\t\t\t\t\t\t\t\t\t\t\t\t\t\t\t<\/div>\n\t\t\t\t<\/div><div class=\"fusion-form-field fusion-form-submit-field fusion-form-label-above\" style=\"\" data-form-id=\"11263\"><div ><button type=\"submit\" class=\"fusion-button button-flat fusion-button-default-size button-default fusion-button-default button-2 fusion-button-default-span  button-default form-form-submit\" style=\"--button_text_transform:uppercase;\" data-form-number=\"11263\" tabindex=\"\"><span class=\"fusion-button-text awb-button__text awb-button__text--default\">Enviar<\/span><\/button><\/div><\/div><\/div><\/div><\/div><\/div><input type=\"hidden\" name=\"fusion_privacy_expiration_interval\" value=\"48\"><input type=\"hidden\" name=\"privacy_expiration_action\" value=\"anonymize\"><\/form><\/div><\/div><\/div><\/div><\/div><\/p>\n","protected":false},"excerpt":{"rendered":"","protected":false},"author":1,"featured_media":0,"parent":0,"menu_order":0,"comment_status":"closed","ping_status":"closed","template":"100-width.php","meta":{"footnotes":""},"class_list":["post-11259","page","type-page","status-publish","hentry"],"_links":{"self":[{"href":"https:\/\/uyquelindo.com\/en\/wp-json\/wp\/v2\/pages\/11259","targetHints":{"allow":["GET"]}}],"collection":[{"href":"https:\/\/uyquelindo.com\/en\/wp-json\/wp\/v2\/pages"}],"about":[{"href":"https:\/\/uyquelindo.com\/en\/wp-json\/wp\/v2\/types\/page"}],"author":[{"embeddable":true,"href":"https:\/\/uyquelindo.com\/en\/wp-json\/wp\/v2\/users\/1"}],"replies":[{"embeddable":true,"href":"https:\/\/uyquelindo.com\/en\/wp-json\/wp\/v2\/comments?post=11259"}],"version-history":[{"count":0,"href":"https:\/\/uyquelindo.com\/en\/wp-json\/wp\/v2\/pages\/11259\/revisions"}],"wp:attachment":[{"href":"https:\/\/uyquelindo.com\/en\/wp-json\/wp\/v2\/media?parent=11259"}],"curies":[{"name":"wp","href":"https:\/\/api.w.org\/{rel}","templated":true}]}}