{"id":5833,"date":"2022-08-12T06:17:43","date_gmt":"2022-08-12T09:17:43","guid":{"rendered":"https:\/\/uyquelindo.com\/?page_id=5833"},"modified":"2023-05-02T11:46:51","modified_gmt":"2023-05-02T09:46:51","slug":"cookie-policy","status":"publish","type":"page","link":"https:\/\/uyquelindo.com\/en\/cookie-policy\/","title":{"rendered":"Cookie Policy"},"content":{"rendered":"<div class=\"cli_pg_page_contaner\">\n<h3>Cookies policy<\/h3>\n<div>At Uy qu\u00e9 lindo we use cookies and other tracking technologies on our website and applications in various ways. That is why we believe it is important to explain what cookies are and why we use them. We have described all the details below, so we recommend that you read our policy carefully to better understand how we use cookies and what your options are. We value your privacy, so we always handle any personal data collected in accordance with the Privacy Policy. Oops privacy how nice. You will find definitions of terms in capital letters in our Terms of Use. If you want more information about what use we make of cookies, send us an e-mail to info@uyquelindo.com. Your consent applies exclusively to the domain: www.uyquelindo.com<div class=\"cli_user_consent_state\">Your current state: No consent given. <a class=\"cli_manage_current_consent\" style=\"cursor:pointer;text-decoration:underline;\">Manage your consent.<\/a> <\/div><a class=\"wt-cli-manage-consent-link\">\ud83c\udf6a<\/a><\/div>\n<h3>What are cookies?<\/h3>\n<div>Una cookie es un peque\u00f1o fragmento de datos que se introduce en el navegador de tu ordenador o dispositivo m\u00f3vil. Las cookies utilizan diferentes m\u00e9todos para publicar o leer datos en los dispositivos de los usuarios, como tu ordenador, port\u00e1til, tablet o smartphone. Lo hacen para ayudarnos a reconocer tu dispositivo o almacenar tus preferencias. Las cookies m\u00e1s conocidas son peque\u00f1os archivos (de texto) que se almacenan en los dispositivos y que pueden volver a identificarse en una fase posterior. Tambi\u00e9n utilizamos otras t\u00e9cnicas de seguimiento, como javascript, web beacons (etiquetas) (peque\u00f1os bloques de c\u00f3digo instalados en una p\u00e1gina web, aplicaci\u00f3n o anuncio que pueden recuperar cierta informaci\u00f3n sobre el dispositivo y el navegador que utilizas), o las huellas dactilares del dispositivo, los identificadores de dispositivos m\u00f3viles y las URL de seguimiento. En esta Pol\u00edtica sobre Cookies, nos referimos a todas estas tecnolog\u00edas como \u00abcookies\u00bb.<\/div>\n<h3>How long do the cookies of Uy que lindo remain active?<\/h3>\n<div>Las cookies que utilizamos var\u00edan en su vida \u00fatil. Una \u00abcookie de sesi\u00f3n\u00bb expirar\u00e1 al cerrar tu navegador, mientras que una \u00abcookie persistente\u00bb permanecer\u00e1 en tu dispositivo durante m\u00e1s tiempo.<\/div>\n<h3>What cookies do we use?<\/h3>\n<div>Our cookies serve different purposes, as specified below. To find out what cookies we use, see our <strong><p>descripci\u00f3n general de cookies.<\/p><table class=\"cookielawinfo-row-cat-table cookielawinfo-classic\"><thead><tr><th class=\"cookielawinfo-column-1\">cookies<\/th><th class=\"cookielawinfo-column-4\">Description<\/th><\/tr><\/thead><tbody><tr class=\"cookielawinfo-row\"><td class=\"cookielawinfo-column-1\">cookielawinfo-checkbox-analytics<\/td><td class=\"cookielawinfo-column-4\">This cookie is set by the GDPR cookie consent plugin. The cookie is used to store user consent for cookies in the &quot;Analytics&quot; category.<\/td><\/tr><tr class=\"cookielawinfo-row\"><td class=\"cookielawinfo-column-1\">cookielawinfo-checkbox-functional<\/td><td class=\"cookielawinfo-column-4\">The cookie is set by the GDPR Cookie Consent plugin to record the user's consent for cookies in the \"Functional\" category.<\/td><\/tr><tr class=\"cookielawinfo-row\"><td class=\"cookielawinfo-column-1\">cookielawinfo-checkbox-necessary<\/td><td class=\"cookielawinfo-column-4\">This cookie is set by the GDPR cookie consent plugin. Cookies are used to store user consent for cookies in the &quot;Required&quot; category.<\/td><\/tr><tr class=\"cookielawinfo-row\"><td class=\"cookielawinfo-column-1\">cookielawinfo-checkbox-others<\/td><td class=\"cookielawinfo-column-4\">This cookie is set by the GDPR cookie consent plugin. The cookie is used to store user consent for cookies in the &quot;Other&quot; category.<\/td><\/tr><tr class=\"cookielawinfo-row\"><td class=\"cookielawinfo-column-1\">cookielawinfo-checkbox-performance<\/td><td class=\"cookielawinfo-column-4\">This cookie is set by the GDPR cookie consent plugin. The cookie is used to store user consent for cookies in the &quot;Performance&quot; category.<\/td><\/tr><tr class=\"cookielawinfo-row\"><td class=\"cookielawinfo-column-1\">viewed_cookie_policy<\/td><td class=\"cookielawinfo-column-4\">These cookies help to display and disable our cookie banner and ensure that our cookie banner does not appear during each visit.<\/td><\/tr><\/tbody><\/table><\/strong><\/div>\n<div><\/div>\n<div><em><strong>Functional cookies.<\/strong><\/em>Functional cookies are cookies that are necessary for the operation of our Online Platform. These cookies help us to provide our services according to your preferences, helping you to have a better experience in Uy qu\u00e9 lindo. There is, for example, a cookie that makes sure you stay logged in. This means you don&#039;t have to continually log in every time you go to a new page. These cookies also help us remember how you use certain features (for example, batches you&#039;ve marked as interesting) and account settings (for example, language or display settings). We do not require your consent to insert these cookies when you visit the Online Platform or use the relevant features. However, these cookies do not collect any identifying data.<\/div>\n<div><\/div>\n<div><em><strong>Analysis and research cookies.<\/strong><\/em> These cookies capture the way you use Oops how cute. We use the information from these cookies to analyze the use of our Online Platform and determine what causes errors. In general, analytical and research cookies are used to:<\/div>\n<ul>\n<li>Track the number of users on our Online Platform<\/li>\n<li>Track the time you spend on our Online Platform<\/li>\n<li>Track the order in which different web pages are viewed<\/li>\n<li>Decide which parts of our Online Platform need improvement<\/li>\n<li>Show you opinion pollsUnderstand what type of user you are<\/li>\n<\/ul>\n<div><\/div>\n<div><em><strong>Marketing cookies and social networks. <\/strong><\/em>We use marketing cookies to understand what you like and how you behave on our Online Platform. We track your behavior so we can get an idea of your preferences, store the ID numbers of the auctions you click on, and show you lots that match your interests. Third parties also place marketing cookies on Uy que lindo. This helps them show you personalized advertisements on third-party websites, based on your behavior on our Online Platform. In our cookie overview below, you will find the third parties that place marketing cookies when you visit Oops, how cute.<\/div>\n<div>In addition, marketing cookies keep track of the advertisements you have already seen, to ensure that you do not see the same advertisements all the time. They also check if you have clicked on an ad. Uy qu\u00e9 lindo and third parties use cookies for social networks and our Online Platform can integrate third party plugins (such as the Facebook &#039;Like&#039; button).<\/div>\n<div>You can always choose to disable these cookies using the settings below. If you wish to delete third party analytics, research or marketing cookies other than Uy qu\u00e9 lindo, you can do so in your browser settings. If you disable marketing cookies, you may still see online advertising, but the ads you see will not be tailored to your interests. As functional cookies are necessary for our Online Platform to function, they are set to be &#039;always on&#039; and cannot be disabled.<\/div>\n<div>Your preferences are stored for each Oops, how cute domain. Disabling cookies in a domain (for example, uyquelindo.com) does not mean that they are also automatically disabled in other domains.<\/div>\n<h3>How can you control the use of cookies?<\/h3>\n<div><em><strong>Your browser settings. <\/strong><\/em>You can manage your cookie settings and delete cookies included in the browser you use. Please note that the settings must be adjusted separately for each browser on each device you use. Please note that our first-party cookies play an important role in our services. If you choose not to accept them, this could affect the availability and functionality of some of the features that make our Online Platform attractive and easy to use (for example, if you disable these cookies, you may have to log in each visit). You can follow the instructions provided by your browser on how to accept, delete or reject cookies:<\/div>\n<div><\/div>\n<div><a href=\"https:\/\/support.google.com\/chrome\/answer\/95647?hl=en\" target=\"_blank\" rel=\"nofollow noopener\">Chrome<\/a><\/div>\n<div><a href=\"https:\/\/support.apple.com\/en-us\/HT201265\" target=\"_blank\" rel=\"nofollow noopener\">Safari<\/a><\/div>\n<div><a href=\"https:\/\/support.mozilla.org\/en-US\/kb\/clear-cookies-and-site-data-firefox\" target=\"_blank\" rel=\"nofollow noopener\">Firefox<\/a><\/div>\n<div><a href=\"https:\/\/support.microsoft.com\/en-us\/help\/4468242\/microsoft-edge-browsing-data-and-privacy-microsoft-privacy\" target=\"_blank\" rel=\"nofollow noopener\">edge<\/a><\/div>\n<div><\/div>\n<div><em><strong>Third party cookies.<\/strong><\/em> To manage third-party cookies, you can visit the web pages <a href=\"http:\/\/www.networkadvertising.org\/\" target=\"_blank\" rel=\"noopener\">http:\/\/www.networkadvertising.org\/<\/a> either <a href=\"http:\/\/www.youronlinechoices.com\" target=\"_blank\" rel=\"noopener\">http:\/\/www.youronlinechoices.com\/<\/a> These web pages allow you to block specific third-party cookies. You can also visit the web pages of third parties to understand and control the cookie settings of each one of them.<\/div>\n<h3>Could this Cookie Policy be modified?<\/h3>\n<div>We may modify or supplement this Cookie Policy. We strive to keep our cookie information up to date, but we want to emphasize that cookie descriptions are always just snippets. Due to the constant innovation of our Online Platform and the fact that the internet and the different parties involved are continually changing, it is possible that the information in this Cookies Policy is not completely up to date.<\/div>\n<h3>Contact<\/h3>\n<div>For questions related to this Cookies Policy and the use of cookies on our Online Platform, you can always contact us by sending an email to privacidad@uyquelindo.com.<\/div>\n<\/div>\n<div><\/div>","protected":false},"excerpt":{"rendered":"<p>Pol\u00edtica de Cookies En Uy qu\u00e9 lindo utilizamos cookies y otras tecnolog\u00edas de seguimiento en nuestra p\u00e1gina web y aplicaciones de varias maneras. Es por eso que creemos que es importante explicarte qu\u00e9 son las<\/p>","protected":false},"author":1,"featured_media":0,"parent":0,"menu_order":0,"comment_status":"closed","ping_status":"closed","template":"","meta":{"footnotes":""},"class_list":["post-5833","page","type-page","status-publish","hentry"],"_links":{"self":[{"href":"https:\/\/uyquelindo.com\/en\/wp-json\/wp\/v2\/pages\/5833","targetHints":{"allow":["GET"]}}],"collection":[{"href":"https:\/\/uyquelindo.com\/en\/wp-json\/wp\/v2\/pages"}],"about":[{"href":"https:\/\/uyquelindo.com\/en\/wp-json\/wp\/v2\/types\/page"}],"author":[{"embeddable":true,"href":"https:\/\/uyquelindo.com\/en\/wp-json\/wp\/v2\/users\/1"}],"replies":[{"embeddable":true,"href":"https:\/\/uyquelindo.com\/en\/wp-json\/wp\/v2\/comments?post=5833"}],"version-history":[{"count":0,"href":"https:\/\/uyquelindo.com\/en\/wp-json\/wp\/v2\/pages\/5833\/revisions"}],"wp:attachment":[{"href":"https:\/\/uyquelindo.com\/en\/wp-json\/wp\/v2\/media?parent=5833"}],"curies":[{"name":"wp","href":"https:\/\/api.w.org\/{rel}","templated":true}]}}