{"id":5842,"date":"2022-08-12T07:37:09","date_gmt":"2022-08-12T10:37:09","guid":{"rendered":"https:\/\/uyquelindo.com\/?page_id=5842"},"modified":"2026-04-27T12:44:51","modified_gmt":"2026-04-27T10:44:51","slug":"aviso-legal","status":"publish","type":"page","link":"https:\/\/uyquelindo.com\/en\/legal-notice\/","title":{"rendered":"Legal Notice"},"content":{"rendered":"<div class=\"fusion-fullwidth fullwidth-box fusion-builder-row-1 fusion-flex-container nonhundred-percent-fullwidth non-hundred-percent-height-scrolling\" style=\"--awb-background-position:left top;--awb-border-sizes-top:0px;--awb-border-sizes-bottom:0px;--awb-border-sizes-left:0px;--awb-border-sizes-right:0px;--awb-border-radius-top-left:0px;--awb-border-radius-top-right:0px;--awb-border-radius-bottom-right:0px;--awb-border-radius-bottom-left:0px;--awb-padding-top:50px;--awb-padding-bottom:50px;--awb-flex-wrap:wrap;\" ><div class=\"fusion-builder-row fusion-row fusion-flex-align-items-flex-start fusion-flex-content-wrap\" style=\"max-width:1216.8px;margin-left: calc(-4% \/ 2 );margin-right: calc(-4% \/ 2 );\"><div class=\"fusion-layout-column fusion_builder_column fusion-builder-column-0 fusion_builder_column_1_1 1_1 fusion-flex-column fusion-flex-align-self-flex-start fusion-column-no-min-height\" style=\"--awb-bg-blend:overlay;--awb-bg-size:cover;--awb-width-large:100%;--awb-margin-top-large:0px;--awb-spacing-right-large:1.92%;--awb-margin-bottom-large:0px;--awb-spacing-left-large:1.92%;--awb-width-medium:100%;--awb-spacing-right-medium:1.92%;--awb-spacing-left-medium:1.92%;--awb-width-small:100%;--awb-spacing-right-small:1.92%;--awb-spacing-left-small:1.92%;\"><div class=\"fusion-column-wrapper fusion-flex-justify-content-flex-start fusion-content-layout-column\"><div class=\"fusion-text fusion-text-1\"><h1 style=\"text-align: center;\"><span style=\"color: #f46f72;\">LEGAL WARNING<\/span><\/h1>\n<\/div><div class=\"fusion-separator fusion-full-width-sep\" style=\"align-self: center;margin-left: auto;margin-right: auto;margin-top:40px;width:100%;\"><\/div><div class=\"fusion-text fusion-text-2\"><div>\n<div class=\"standard-markdown grid-cols-1 grid &#091;&amp;_&gt;_*&#093;:min-w-0 gap-3\">\n<h3 class=\"text-text-100 mt-3 -mb-1 text-&#091;1.125rem&#093; font-bold fusion-responsive-typography-calculated\" style=\"--fontSize: 18; line-height: 1; --minFontSize: 18;\" data-fontsize=\"18\" data-lineheight=\"18px\">1. DATOS IDENTIFICATIVOS<\/h3>\n<\/div>\n<\/div>\n<div>\n<div class=\"standard-markdown grid-cols-1 grid &#091;&amp;_&gt;_*&#093;:min-w-0 gap-3\">\n<p class=\"font-claude-response-body break-words whitespace-normal leading-&#091;1.7&#093;\">En cumplimiento del art\u00edculo 10 de la Ley 34\/2002, de 11 de julio, de Servicios de la Sociedad de la Informaci\u00f3n y de Comercio Electr\u00f3nico (LSSI-CE), se informa de los siguientes datos identificativos del titular de este sitio web:<\/p>\n<\/div>\n<\/div>\n<div>\n<div class=\"standard-markdown grid-cols-1 grid &#091;&amp;_&gt;_*&#093;:min-w-0 gap-3\">\n<ul class=\"&#091;li_&amp;&#093;:mb-0 &#091;li_&amp;&#093;:mt-1 &#091;li_&amp;&#093;:gap-1 &#091;&amp;:not(:last-child)_ul&#093;:pb-1 &#091;&amp;:not(:last-child)_ol&#093;:pb-1 list-disc flex flex-col gap-1 pl-8 mb-3\">\n<li class=\"whitespace-normal break-words pl-2\"><strong>Titular:<\/strong> Eduardo Leonardo D&#8217;Amico<\/li>\n<li class=\"whitespace-normal break-words pl-2\"><strong>Nombre comercial:<\/strong> UY QU\u00c9 LINDO<\/li>\n<li class=\"whitespace-normal break-words pl-2\"><strong>NIF:<\/strong> Y9536048D<\/li>\n<li class=\"whitespace-normal break-words pl-2\"><strong>Domicilio:<\/strong> Estrada de Castela 568, 4.\u00ba piso, 15572 Nar\u00f3n (A Coru\u00f1a), Espa\u00f1a<\/li>\n<li class=\"whitespace-normal break-words pl-2\"><strong>Correo electr\u00f3nico:<\/strong> <a class=\"underline underline underline-offset-2 decoration-1 decoration-current\/40 hover:decoration-current focus:decoration-current\" href=\"mailto:info@uyquelindo.com\">info@uyquelindo.com<\/a><\/li>\n<\/ul>\n<\/div>\n<\/div>\n<div>\n<div class=\"standard-markdown grid-cols-1 grid &#091;&amp;_&gt;_*&#093;:min-w-0 gap-3\">\n<hr class=\"border-border-200 border-t-0.5 my-3 mx-1.5\"><\/div>\n<\/div>\n<div>\n<div class=\"standard-markdown grid-cols-1 grid &#091;&amp;_&gt;_*&#093;:min-w-0 gap-3\">\n<h3 class=\"text-text-100 mt-3 -mb-1 text-&#091;1.125rem&#093; font-bold fusion-responsive-typography-calculated\" style=\"--fontSize: 18; line-height: 1; --minFontSize: 18;\" data-fontsize=\"18\" data-lineheight=\"18px\">2. OBJETO Y \u00c1MBITO DE APLICACI\u00d3N<\/h3>\n<\/div>\n<\/div>\n<div>\n<div class=\"standard-markdown grid-cols-1 grid &#091;&amp;_&gt;_*&#093;:min-w-0 gap-3\">\n<p class=\"font-claude-response-body break-words whitespace-normal leading-&#091;1.7&#093;\">El presente Aviso Legal regula el acceso y uso de los siguientes sitios web titularidad de Eduardo Leonardo D&#8217;Amico, con nombre comercial UY QU\u00c9 LINDO (en adelante, conjuntamente, \u00abel Sitio Web\u00bb):<\/p>\n<\/div>\n<\/div>\n<div>\n<div class=\"standard-markdown grid-cols-1 grid &#091;&amp;_&gt;_*&#093;:min-w-0 gap-3\">\n<ul class=\"&#091;li_&amp;&#093;:mb-0 &#091;li_&amp;&#093;:mt-1 &#091;li_&amp;&#093;:gap-1 &#091;&amp;:not(:last-child)_ul&#093;:pb-1 &#091;&amp;:not(:last-child)_ol&#093;:pb-1 list-disc flex flex-col gap-1 pl-8 mb-3\">\n<li class=\"whitespace-normal break-words pl-2\"><strong>uyquelindo.com<\/strong> \u2014 Tienda de herramientas para arcilla polim\u00e9rica y materiales de joyer\u00eda artesanal.<\/li>\n<li class=\"whitespace-normal break-words pl-2\"><strong>atelier.uyquelindo.com<\/strong> \u2014 Kits experiencia DIY<\/li>\n<li class=\"whitespace-normal break-words pl-2\"><strong>joyas.uyquelindo.com<\/strong> \u2014 Tienda de joyas<\/li>\n<\/ul>\n<\/div>\n<\/div>\n<div>\n<div class=\"standard-markdown grid-cols-1 grid &#091;&amp;_&gt;_*&#093;:min-w-0 gap-3\">\n<p class=\"font-claude-response-body break-words whitespace-normal leading-&#091;1.7&#093;\">El acceso a cualquiera de estos sitios implica la aceptaci\u00f3n plena y sin reservas de las condiciones recogidas en este Aviso Legal. El titular se reserva el derecho a modificar en cualquier momento el contenido y las condiciones aqu\u00ed establecidas, siendo responsabilidad del usuario su consulta peri\u00f3dica.<\/p>\n<\/div>\n<\/div>\n<div>\n<div class=\"standard-markdown grid-cols-1 grid &#091;&amp;_&gt;_*&#093;:min-w-0 gap-3\">\n<hr class=\"border-border-200 border-t-0.5 my-3 mx-1.5\"><\/div>\n<\/div>\n<div>\n<div class=\"standard-markdown grid-cols-1 grid &#091;&amp;_&gt;_*&#093;:min-w-0 gap-3\">\n<h3 class=\"text-text-100 mt-3 -mb-1 text-&#091;1.125rem&#093; font-bold fusion-responsive-typography-calculated\" style=\"--fontSize: 18; line-height: 1; --minFontSize: 18;\" data-fontsize=\"18\" data-lineheight=\"18px\">3. CONDICIONES DE USO<\/h3>\n<\/div>\n<\/div>\n<div>\n<div class=\"standard-markdown grid-cols-1 grid &#091;&amp;_&gt;_*&#093;:min-w-0 gap-3\">\n<p class=\"font-claude-response-body break-words whitespace-normal leading-&#091;1.7&#093;\">El usuario se compromete a hacer un uso adecuado y l\u00edcito del Sitio Web, de conformidad con la legislaci\u00f3n vigente, el presente Aviso Legal y las buenas costumbres. Queda expresamente prohibido:<\/p>\n<\/div>\n<\/div>\n<div>\n<div class=\"standard-markdown grid-cols-1 grid &#091;&amp;_&gt;_*&#093;:min-w-0 gap-3\">\n<ul class=\"&#091;li_&amp;&#093;:mb-0 &#091;li_&amp;&#093;:mt-1 &#091;li_&amp;&#093;:gap-1 &#091;&amp;:not(:last-child)_ul&#093;:pb-1 &#091;&amp;:not(:last-child)_ol&#093;:pb-1 list-disc flex flex-col gap-1 pl-8 mb-3\">\n<li class=\"whitespace-normal break-words pl-2\">Utilizar el Sitio Web con fines il\u00edcitos o contrarios a su objeto.<\/li>\n<li class=\"whitespace-normal break-words pl-2\">Difundir contenidos de car\u00e1cter ilegal, ofensivo, difamatorio o que vulneren derechos de terceros.<\/li>\n<li class=\"whitespace-normal break-words pl-2\">Introducir o difundir virus inform\u00e1ticos o cualquier otro sistema susceptible de causar da\u00f1os en los sistemas del titular o de terceros.<\/li>\n<li class=\"whitespace-normal break-words pl-2\">Intentar acceder sin autorizaci\u00f3n a otras cuentas de usuario, sistemas inform\u00e1ticos o redes.<\/li>\n<\/ul>\n<\/div>\n<\/div>\n<div>\n<div class=\"standard-markdown grid-cols-1 grid &#091;&amp;_&gt;_*&#093;:min-w-0 gap-3\">\n<hr class=\"border-border-200 border-t-0.5 my-3 mx-1.5\"><\/div>\n<\/div>\n<div>\n<div class=\"standard-markdown grid-cols-1 grid &#091;&amp;_&gt;_*&#093;:min-w-0 gap-3\">\n<h3 class=\"text-text-100 mt-3 -mb-1 text-&#091;1.125rem&#093; font-bold fusion-responsive-typography-calculated\" style=\"--fontSize: 18; line-height: 1; --minFontSize: 18;\" data-fontsize=\"18\" data-lineheight=\"18px\">4. PROPIEDAD INTELECTUAL E INDUSTRIAL<\/h3>\n<\/div>\n<\/div>\n<div>\n<div class=\"standard-markdown grid-cols-1 grid &#091;&amp;_&gt;_*&#093;:min-w-0 gap-3\">\n<p class=\"font-claude-response-body break-words whitespace-normal leading-&#091;1.7&#093;\">Todos los contenidos del Sitio Web \u2014incluyendo, sin car\u00e1cter limitativo, textos, fotograf\u00edas, ilustraciones, logotipos, dise\u00f1os, im\u00e1genes, v\u00eddeos, software y c\u00f3digo fuente\u2014 son propiedad de Eduardo Leonardo D&#8217;Amico o de terceros que han autorizado su uso, y est\u00e1n protegidos por la legislaci\u00f3n espa\u00f1ola e internacional en materia de propiedad intelectual e industrial.<\/p>\n<\/div>\n<\/div>\n<div>\n<div class=\"standard-markdown grid-cols-1 grid &#091;&amp;_&gt;_*&#093;:min-w-0 gap-3\">\n<p class=\"font-claude-response-body break-words whitespace-normal leading-&#091;1.7&#093;\">Queda prohibida la reproducci\u00f3n, distribuci\u00f3n, comunicaci\u00f3n p\u00fablica, transformaci\u00f3n o cualquier otro acto de explotaci\u00f3n, total o parcial, de los contenidos del Sitio Web sin la autorizaci\u00f3n expresa y por escrito del titular.<\/p>\n<\/div>\n<\/div>\n<div>\n<div class=\"standard-markdown grid-cols-1 grid &#091;&amp;_&gt;_*&#093;:min-w-0 gap-3\">\n<p class=\"font-claude-response-body break-words whitespace-normal leading-&#091;1.7&#093;\">Los dise\u00f1os de cortadores, herramientas y piezas de arcilla polim\u00e9rica comercializados bajo la marca UY QU\u00c9 LINDO son dise\u00f1os propios. Su reproducci\u00f3n, copia o uso comercial sin autorizaci\u00f3n expresa constituir\u00e1 una infracci\u00f3n de los derechos de propiedad intelectual.<\/p>\n<\/div>\n<\/div>\n<div>\n<div class=\"standard-markdown grid-cols-1 grid &#091;&amp;_&gt;_*&#093;:min-w-0 gap-3\">\n<hr class=\"border-border-200 border-t-0.5 my-3 mx-1.5\"><\/div>\n<\/div>\n<div>\n<div class=\"standard-markdown grid-cols-1 grid &#091;&amp;_&gt;_*&#093;:min-w-0 gap-3\">\n<h3 class=\"text-text-100 mt-3 -mb-1 text-&#091;1.125rem&#093; font-bold fusion-responsive-typography-calculated\" style=\"--fontSize: 18; line-height: 1; --minFontSize: 18;\" data-fontsize=\"18\" data-lineheight=\"18px\">5. EXCLUSI\u00d3N DE RESPONSABILIDAD<\/h3>\n<\/div>\n<\/div>\n<div>\n<div class=\"standard-markdown grid-cols-1 grid &#091;&amp;_&gt;_*&#093;:min-w-0 gap-3\">\n<h4 class=\"text-text-100 mt-2 -mb-1 text-base font-bold fusion-responsive-typography-calculated\" style=\"--fontSize: 14; line-height: 1.5; --minFontSize: 14;\" data-fontsize=\"14\" data-lineheight=\"21px\">5.1 Contenidos y servicios<\/h4>\n<\/div>\n<\/div>\n<div>\n<div class=\"standard-markdown grid-cols-1 grid &#091;&amp;_&gt;_*&#093;:min-w-0 gap-3\">\n<p class=\"font-claude-response-body break-words whitespace-normal leading-&#091;1.7&#093;\">El titular no garantiza la disponibilidad continua e ininterrumpida del Sitio Web, ni la ausencia de errores en sus contenidos. Se reserva el derecho a suspender, modificar o interrumpir el acceso a cualquiera de los sitios indicados en el apartado 2, de forma temporal o definitiva, sin previo aviso.<\/p>\n<\/div>\n<\/div>\n<div>\n<div class=\"standard-markdown grid-cols-1 grid &#091;&amp;_&gt;_*&#093;:min-w-0 gap-3\">\n<h4 class=\"text-text-100 mt-2 -mb-1 text-base font-bold fusion-responsive-typography-calculated\" style=\"--fontSize: 14; line-height: 1.5; --minFontSize: 14;\" data-fontsize=\"14\" data-lineheight=\"21px\">5.2 Virus y elementos da\u00f1inos<\/h4>\n<\/div>\n<\/div>\n<div>\n<div class=\"standard-markdown grid-cols-1 grid &#091;&amp;_&gt;_*&#093;:min-w-0 gap-3\">\n<p class=\"font-claude-response-body break-words whitespace-normal leading-&#091;1.7&#093;\">El titular adopta las medidas t\u00e9cnicas razonables para prevenir la presencia de virus y elementos da\u00f1inos, pero no garantiza su ausencia absoluta. El usuario es responsable de disponer de herramientas adecuadas para detectar y neutralizar dichos elementos.<\/p>\n<\/div>\n<\/div>\n<div>\n<div class=\"standard-markdown grid-cols-1 grid &#091;&amp;_&gt;_*&#093;:min-w-0 gap-3\">\n<h4 class=\"text-text-100 mt-2 -mb-1 text-base font-bold fusion-responsive-typography-calculated\" style=\"--fontSize: 14; line-height: 1.5; --minFontSize: 14;\" data-fontsize=\"14\" data-lineheight=\"21px\">5.3 Veracidad de la informaci\u00f3n<\/h4>\n<\/div>\n<\/div>\n<div>\n<div class=\"standard-markdown grid-cols-1 grid &#091;&amp;_&gt;_*&#093;:min-w-0 gap-3\">\n<p class=\"font-claude-response-body break-words whitespace-normal leading-&#091;1.7&#093;\">El titular procura que los contenidos del Sitio Web sean precisos y est\u00e9n actualizados, pero no asume responsabilidad alguna por inexactitudes u omisiones. El usuario acepta que la informaci\u00f3n puede estar sujeta a modificaciones sin previo aviso.<\/p>\n<\/div>\n<\/div>\n<div>\n<div class=\"standard-markdown grid-cols-1 grid &#091;&amp;_&gt;_*&#093;:min-w-0 gap-3\">\n<hr class=\"border-border-200 border-t-0.5 my-3 mx-1.5\"><\/div>\n<\/div>\n<div>\n<div class=\"standard-markdown grid-cols-1 grid &#091;&amp;_&gt;_*&#093;:min-w-0 gap-3\">\n<h3 class=\"text-text-100 mt-3 -mb-1 text-&#091;1.125rem&#093; font-bold fusion-responsive-typography-calculated\" style=\"--fontSize: 18; line-height: 1; --minFontSize: 18;\" data-fontsize=\"18\" data-lineheight=\"18px\">6. POL\u00cdTICA DE ENLACES<\/h3>\n<\/div>\n<\/div>\n<div>\n<div class=\"standard-markdown grid-cols-1 grid &#091;&amp;_&gt;_*&#093;:min-w-0 gap-3\">\n<h4 class=\"text-text-100 mt-2 -mb-1 text-base font-bold fusion-responsive-typography-calculated\" style=\"--fontSize: 14; line-height: 1.5; --minFontSize: 14;\" data-fontsize=\"14\" data-lineheight=\"21px\">6.1 Enlaces hacia el Sitio Web<\/h4>\n<\/div>\n<\/div>\n<div>\n<div class=\"standard-markdown grid-cols-1 grid &#091;&amp;_&gt;_*&#093;:min-w-0 gap-3\">\n<p class=\"font-claude-response-body break-words whitespace-normal leading-&#091;1.7&#093;\">Cualquier persona o entidad que desee incluir un enlace hacia cualquiera de los sitios indicados en el apartado 2 deber\u00e1 cumplir las siguientes condiciones: el enlace no podr\u00e1 reproducir total ni parcialmente los contenidos del Sitio Web; no se podr\u00e1n crear marcos (<em>frames<\/em>) que muestren el Sitio Web dentro de otro; no se realizar\u00e1n manifestaciones falsas, inexactas o incorrectas sobre el titular o sus productos.<\/p>\n<\/div>\n<\/div>\n<div>\n<div class=\"standard-markdown grid-cols-1 grid &#091;&amp;_&gt;_*&#093;:min-w-0 gap-3\">\n<h4 class=\"text-text-100 mt-2 -mb-1 text-base font-bold fusion-responsive-typography-calculated\" style=\"--fontSize: 14; line-height: 1.5; --minFontSize: 14;\" data-fontsize=\"14\" data-lineheight=\"21px\">6.2 Enlaces desde el Sitio Web<\/h4>\n<\/div>\n<\/div>\n<div>\n<div class=\"standard-markdown grid-cols-1 grid &#091;&amp;_&gt;_*&#093;:min-w-0 gap-3\">\n<p class=\"font-claude-response-body break-words whitespace-normal leading-&#091;1.7&#093;\">Los sitios web indicados en el apartado 2 pueden incluir enlaces a p\u00e1ginas web de terceros. El titular no ejerce ning\u00fan control sobre dichos sitios ni asume responsabilidad alguna sobre sus contenidos, disponibilidad o pol\u00edticas de privacidad.<\/p>\n<\/div>\n<\/div>\n<div>\n<div class=\"standard-markdown grid-cols-1 grid &#091;&amp;_&gt;_*&#093;:min-w-0 gap-3\">\n<hr class=\"border-border-200 border-t-0.5 my-3 mx-1.5\"><\/div>\n<\/div>\n<div>\n<div class=\"standard-markdown grid-cols-1 grid &#091;&amp;_&gt;_*&#093;:min-w-0 gap-3\">\n<h3 class=\"text-text-100 mt-3 -mb-1 text-&#091;1.125rem&#093; font-bold fusion-responsive-typography-calculated\" style=\"--fontSize: 18; line-height: 1; --minFontSize: 18;\" data-fontsize=\"18\" data-lineheight=\"18px\">7. PROTECCI\u00d3N DE DATOS<\/h3>\n<\/div>\n<\/div>\n<div>\n<div class=\"standard-markdown grid-cols-1 grid &#091;&amp;_&gt;_*&#093;:min-w-0 gap-3\">\n<p class=\"font-claude-response-body break-words whitespace-normal leading-&#091;1.7&#093;\">El tratamiento de los datos personales de los usuarios se rige por la <strong>Privacy Policy<\/strong> disponible en cada uno de los sitios web indicados en el apartado 2, conforme al Reglamento (UE) 2016\/679 (RGPD) y la Ley Org\u00e1nica 3\/2018, de 5 de diciembre, de Protecci\u00f3n de Datos Personales y garant\u00eda de los derechos digitales (LOPDGDD).<\/p>\n<\/div>\n<\/div>\n<div>\n<div class=\"standard-markdown grid-cols-1 grid &#091;&amp;_&gt;_*&#093;:min-w-0 gap-3\">\n<hr class=\"border-border-200 border-t-0.5 my-3 mx-1.5\"><\/div>\n<\/div>\n<div>\n<div class=\"standard-markdown grid-cols-1 grid &#091;&amp;_&gt;_*&#093;:min-w-0 gap-3\">\n<h3 class=\"text-text-100 mt-3 -mb-1 text-&#091;1.125rem&#093; font-bold fusion-responsive-typography-calculated\" style=\"--fontSize: 18; line-height: 1; --minFontSize: 18;\" data-fontsize=\"18\" data-lineheight=\"18px\">8. COOKIES<\/h3>\n<\/div>\n<\/div>\n<div>\n<div class=\"standard-markdown grid-cols-1 grid &#091;&amp;_&gt;_*&#093;:min-w-0 gap-3\">\n<p class=\"font-claude-response-body break-words whitespace-normal leading-&#091;1.7&#093;\">Los sitios web indicados en el apartado 2 pueden utilizar cookies propias y de terceros. Para m\u00e1s informaci\u00f3n, consulte la <strong>Cookies policy<\/strong> disponible en cada sitio web.<\/p>\n<\/div>\n<\/div>\n<div>\n<div class=\"standard-markdown grid-cols-1 grid &#091;&amp;_&gt;_*&#093;:min-w-0 gap-3\">\n<hr class=\"border-border-200 border-t-0.5 my-3 mx-1.5\"><\/div>\n<\/div>\n<div>\n<div class=\"standard-markdown grid-cols-1 grid &#091;&amp;_&gt;_*&#093;:min-w-0 gap-3\">\n<h3 class=\"text-text-100 mt-3 -mb-1 text-&#091;1.125rem&#093; font-bold fusion-responsive-typography-calculated\" style=\"--fontSize: 18; line-height: 1; --minFontSize: 18;\" data-fontsize=\"18\" data-lineheight=\"18px\">9. LEGISLACI\u00d3N APLICABLE Y JURISDICCI\u00d3N<\/h3>\n<\/div>\n<\/div>\n<div>\n<div class=\"standard-markdown grid-cols-1 grid &#091;&amp;_&gt;_*&#093;:min-w-0 gap-3\">\n<p class=\"font-claude-response-body break-words whitespace-normal leading-&#091;1.7&#093;\">El presente Aviso Legal se rige en su totalidad por la legislaci\u00f3n espa\u00f1ola. Para la resoluci\u00f3n de cualquier controversia derivada del acceso o uso de cualquiera de los sitios web indicados en el apartado 2, las partes se someten, con renuncia expresa a cualquier otro fuero que pudiera corresponderles, a la jurisdicci\u00f3n de los Juzgados y Tribunales de <strong>Spain<\/strong>, salvo que la normativa vigente establezca un fuero imperativo distinto en favor del usuario como consumidor.<\/p>\n<\/div>\n<\/div>\n<div>\n<div class=\"standard-markdown grid-cols-1 grid &#091;&amp;_&gt;_*&#093;:min-w-0 gap-3\">\n<hr class=\"border-border-200 border-t-0.5 my-3 mx-1.5\"><\/div>\n<\/div>\n<div>\n<div class=\"standard-markdown grid-cols-1 grid &#091;&amp;_&gt;_*&#093;:min-w-0 gap-3\">\n<p class=\"font-claude-response-body break-words whitespace-normal leading-&#091;1.7&#093;\"><em>\u00daltima actualizaci\u00f3n: abril de 2026<\/em><\/p>\n<\/div>\n<\/div>\n<\/div><\/div><\/div><\/div><\/div>","protected":false},"excerpt":{"rendered":"","protected":false},"author":1,"featured_media":0,"parent":0,"menu_order":0,"comment_status":"closed","ping_status":"closed","template":"100-width.php","meta":{"footnotes":""},"class_list":["post-5842","page","type-page","status-publish","hentry"],"_links":{"self":[{"href":"https:\/\/uyquelindo.com\/en\/wp-json\/wp\/v2\/pages\/5842","targetHints":{"allow":["GET"]}}],"collection":[{"href":"https:\/\/uyquelindo.com\/en\/wp-json\/wp\/v2\/pages"}],"about":[{"href":"https:\/\/uyquelindo.com\/en\/wp-json\/wp\/v2\/types\/page"}],"author":[{"embeddable":true,"href":"https:\/\/uyquelindo.com\/en\/wp-json\/wp\/v2\/users\/1"}],"replies":[{"embeddable":true,"href":"https:\/\/uyquelindo.com\/en\/wp-json\/wp\/v2\/comments?post=5842"}],"version-history":[{"count":4,"href":"https:\/\/uyquelindo.com\/en\/wp-json\/wp\/v2\/pages\/5842\/revisions"}],"predecessor-version":[{"id":20706,"href":"https:\/\/uyquelindo.com\/en\/wp-json\/wp\/v2\/pages\/5842\/revisions\/20706"}],"wp:attachment":[{"href":"https:\/\/uyquelindo.com\/en\/wp-json\/wp\/v2\/media?parent=5842"}],"curies":[{"name":"wp","href":"https:\/\/api.w.org\/{rel}","templated":true}]}}