{"id":11929,"date":"2024-01-03T19:54:00","date_gmt":"2024-01-03T18:54:00","guid":{"rendered":"https:\/\/uyquelindo.com\/?post_type=product&#038;p=11929"},"modified":"2025-12-02T13:17:35","modified_gmt":"2025-12-02T12:17:35","slug":"tarjeta-de-exhibicion-de-joyeria","status":"publish","type":"product","link":"https:\/\/uyquelindo.com\/en\/product\/jewelry-display-card\/","title":{"rendered":"Jewelry display card, Herbal motif"},"content":{"rendered":"<div class=\"fusion-fullwidth fullwidth-box fusion-builder-row-1 fusion-flex-container nonhundred-percent-fullwidth non-hundred-percent-height-scrolling\" style=\"--awb-border-radius-top-left:0px;--awb-border-radius-top-right:0px;--awb-border-radius-bottom-right:0px;--awb-border-radius-bottom-left:0px;--awb-flex-wrap:wrap;\" ><div class=\"fusion-builder-row fusion-row fusion-flex-align-items-flex-start fusion-flex-content-wrap\" style=\"max-width:1216.8px;margin-left: calc(-4% \/ 2 );margin-right: calc(-4% \/ 2 );\"><div class=\"fusion-layout-column fusion_builder_column fusion-builder-column-0 fusion_builder_column_2_3 2_3 fusion-flex-column\" style=\"--awb-bg-size:cover;--awb-width-large:66.666666666667%;--awb-margin-top-large:0px;--awb-spacing-right-large:3.84%;--awb-margin-bottom-large:0px;--awb-spacing-left-large:2.88%;--awb-width-medium:100%;--awb-spacing-right-medium:1.92%;--awb-spacing-left-medium:1.92%;--awb-width-small:100%;--awb-spacing-right-small:1.92%;--awb-spacing-left-small:1.92%;\"><div class=\"fusion-column-wrapper fusion-flex-justify-content-flex-start fusion-content-layout-column\"><div class=\"fusion-text fusion-text-1\"><h3>Jewelry display card, Herbal motif<\/h3>\n<\/div><div class=\"fusion-text fusion-text-2\"><p>This template allows you to quickly create jewelry display cards for your store in a coordinated way and with unlimited color options and motif combinations:<\/p>\n<p>6 sizes available:<\/p>\n<ul>\n<li>6 x 6 cm (2.5 x 2.5 inches)<br \/>\n6 x 9 cm (2.5 x 3.5 inches)<br \/>\n8.25 x 8.25 cm (3.25 x 3.25 inches)<br \/>\n8.25 x 18 cm (3.25 x 7 inches)<br \/>\n7.5 x 2.5 cm (3 x 1 inch)<br \/>\n7.5 x 10 cm (3 x 4 in.)<\/li>\n<li>We have included in different pages of the template pre-designed options that show only some of the possibilities and combinations for both front and back.<\/li>\n<li>This beautiful card coordinates with other pieces from the HERBAL collection (you'll find stickers, thank you cards, tissue paper and more to complete the look).<\/li>\n<\/ul>\n<p><strong>INCLUDES:<\/strong><\/p>\n<p><strong>\u2022<\/strong> An editable and downloadable template in .PDF, .PNG or .JPG format in high resolution (300 dpi). You will be able to create new versions of your original, modify them and save them.<strong><br \/>\n<\/strong><\/p>\n<ol>\n<li>Using solid color backgrounds (which you can modify to your liking using another palette that you can save or taking the colors of your logo with the eyedropper tool).<\/li>\n<li>Adding textures that you can color, simulate gold foil or rose gold foil and all of them in high resolution.<\/li>\n<\/ol>\n<p><strong>- All fonts <\/strong>available in the application<strong><br \/>\n<\/strong><\/p>\n<p><strong>\u2022 <\/strong>A collection of <strong>social media icons and jewelry elements <\/strong>to illustrate<\/p>\n<p><strong>- A palette <\/strong>and suggested color scheme<strong><br \/>\n<\/strong><\/p>\n<p><strong>- All our templates are professionally prepared for printing. <\/strong>You can download your document individually or with multiple copies on the same sheet, with registration marks and surplus for cutting. Print at home or at any on-line printer.<br \/>\n<strong>- Your template is editable in an unlimited way for personal use. <\/strong>(one store only, if you need an open license for multiple stores, please contact us)<br \/>\n<strong>\u2022 <\/strong><strong>Instructions:<\/strong> Available in <em><strong>English, Spanish and French.<\/strong><\/em><\/p>\n<p>We recommend the use of special paper or cardboard from 300 to 350 gr.<\/p>\n<\/div><\/div><\/div><div class=\"fusion-layout-column fusion_builder_column fusion-builder-column-1 fusion_builder_column_1_3 1_3 fusion-flex-column\" style=\"--awb-bg-size:cover;--awb-width-large:33.333333333333%;--awb-margin-top-large:0px;--awb-spacing-right-large:5.76%;--awb-margin-bottom-large:0px;--awb-spacing-left-large:3.84%;--awb-width-medium:100%;--awb-order-medium:0;--awb-spacing-right-medium:1.92%;--awb-spacing-left-medium:1.92%;--awb-width-small:100%;--awb-order-small:0;--awb-spacing-right-small:1.92%;--awb-spacing-left-small:1.92%;\"><div class=\"fusion-column-wrapper fusion-column-has-shadow fusion-flex-justify-content-flex-start fusion-content-layout-column\"><div ><a class=\"fusion-button button-flat fusion-button-default-size button-default fusion-button-default button-1 fusion-button-default-span\" target=\"_blank\" rel=\"noopener noreferrer\" href=\"https:\/\/www.corjl.com\/d\/12M26F\/w\"><span class=\"fusion-button-icon-divider button-icon-divider-left\"><i class=\"fa-external-link-alt fas awb-button__icon awb-button__icon--default\" aria-hidden=\"true\"><\/i><\/span><span class=\"fusion-button-text awb-button__text awb-button__text--default fusion-button-text-left\">Watch the DEMO!<\/span><\/a><\/div><div class=\"fusion-separator fusion-full-width-sep\" style=\"align-self: center;margin-left: auto;margin-right: auto;margin-top:20px;margin-bottom:20px;width:100%;\"><\/div><div class=\"fusion-title title fusion-title-1 fusion-sep-none fusion-title-center fusion-title-text fusion-title-size-four\" style=\"--awb-margin-top-small:0px;--awb-margin-right-small:0px;--awb-margin-bottom-small:20px;--awb-margin-left-small:0px;\"><h4 class=\"fusion-title-heading title-heading-center fusion-responsive-typography-calculated\" style=\"margin:0;--fontSize:14;--minFontSize:14;line-height:1.5;\">What can I modify?<\/h4><\/div><div class=\"fusion-text fusion-text-3\"><ul>\n<li>Edit, duplicate, remove or add text.<\/li>\n<li>Change fonts, font color and font size (you can use any of the fonts provided in the application, you cannot upload new fonts)<\/li>\n<li>Upload your own images, logos, photos.<\/li>\n<li>Change background color, delete or add new ones.<\/li>\n<li>Move, add, delete, rotate, scale and edit all elements.<\/li>\n<li>Edit on any computer, mobile or tablet, although we recommend the computer for convenience.<\/li>\n<li>You cannot change the overall size and orientation of the document, but you can request customization for an additional cost.<\/li>\n<li>Some text or images may not be available for editing to preserve the integrity and intent of our designs.<\/li>\n<\/ul>\n<\/div><div class=\"fusion-title title fusion-title-2 fusion-sep-none fusion-title-center fusion-title-text fusion-title-size-four\" style=\"--awb-margin-top-small:0px;--awb-margin-right-small:0px;--awb-margin-bottom-small:20px;--awb-margin-left-small:0px;\"><h4 class=\"fusion-title-heading title-heading-center fusion-responsive-typography-calculated\" style=\"margin:0;--fontSize:14;--minFontSize:14;line-height:1.5;\">What use can I make of the template?<\/h4><\/div><div class=\"fusion-text fusion-text-4\"><ul>\n<li>All options include unlimited use of the template for personal use, that is exclusively for your brand and its logo, with no limit of versions (different color templates, with different texts, as long as they are of your brand). Templates that show a different use than the license will be disabled.<\/li>\n<\/ul>\n<\/div><\/div><\/div><div class=\"fusion-layout-column fusion_builder_column fusion-builder-column-2 fusion_builder_column_2_3 2_3 fusion-flex-column\" style=\"--awb-bg-size:cover;--awb-width-large:66.666666666667%;--awb-margin-top-large:0px;--awb-spacing-right-large:2.88%;--awb-margin-bottom-large:0px;--awb-spacing-left-large:2.88%;--awb-width-medium:100%;--awb-order-medium:0;--awb-spacing-right-medium:1.92%;--awb-spacing-left-medium:1.92%;--awb-width-small:100%;--awb-order-small:0;--awb-spacing-right-small:1.92%;--awb-spacing-left-small:1.92%;\"><div class=\"fusion-column-wrapper fusion-column-has-shadow fusion-flex-justify-content-flex-start fusion-content-layout-column\"><div class=\"fusion-reading-box-container reading-box-container-1\" style=\"--awb-title-color:#333333;--awb-margin-top:0px;--awb-margin-bottom:15px;\"><div class=\"reading-box\" style=\"background-color:#f6f6f6;border-width:1px;border-color:#f6f6f6;border-left-width:3px;border-left-color:var(--primary_color);border-style:solid;\"><h2>HOW TO BUY?<\/h2><div class=\"reading-box-additional fusion-reading-box-additional\">\n<p>See the tabs above for the process. <span style=\"color: #ff6600;\"><strong>Click on the DEMO buttons or links for product details.<\/strong><\/span><\/p>\n<\/div><div class=\"fusion-clearfix\"><\/div><\/div><\/div><div class=\"fusion-reading-box-container reading-box-container-2\" style=\"--awb-title-color:#333333;--awb-margin-top:0px;--awb-margin-bottom:5px;\"><div class=\"reading-box\" style=\"background-color:#f6f6f6;border-width:1px;border-color:#f6f6f6;border-left-width:3px;border-left-color:var(--primary_color);border-style:solid;padding-bottom:15px;\"><h2>User instructions<\/h2><div class=\"reading-box-additional fusion-reading-box-additional\">\n<p>Download the user instructions<br \/>\n<a href=\"https:\/\/uyquelindo.com\/wp-content\/uploads\/2024\/01\/Instrucciones-completas-para-el-cliente.pdf\" target=\"_blank\" rel=\"noopener\">\ud83c\uddea\ud83c\uddf8 Spanish<\/a>\u00a0 <a href=\"https:\/\/uyquelindo.com\/wp-content\/uploads\/2024\/01\/Corjl-Customer-Instructions.pdf\" target=\"_blank\" rel=\"noopener\">\ud83c\uddec\ud83c\udde7 English<\/a>\u00a0 <a href=\"https:\/\/uyquelindo.com\/wp-content\/uploads\/2024\/01\/Instructions-completes-pour-les-clients.pdf\" target=\"_blank\" rel=\"noopener\">\ud83c\uddeb\ud83c\uddf7 French<\/a><\/p>\n<p><a href=\"https:\/\/youtu.be\/tH6R53b4dm4?si=YJI22LH7y9LFRSJx\" target=\"_blank\" rel=\"noopener\">\ud83d\udc41\ufe0f\u200d\ud83d\udde8\ufe0f Watch the video with the <strong>editing instructions<\/strong><\/a> (English only)<br \/>\n<a href=\"https:\/\/youtu.be\/QBNwJ8V8uUs?si=YgZU0t6SZ-eOYQRV\" target=\"_blank\" rel=\"noopener\">\ud83d\udc41\ufe0f\u200d\ud83d\udde8\ufe0f Watch the video about the <strong>use of masks in your photos<\/strong><\/a> (English only)<br \/>\n<a href=\"https:\/\/youtu.be\/0AUmg66BMIY?si=XD2v7vPh-5bI4ZPh\" target=\"_blank\" rel=\"noopener\">\ud83d\udc41\ufe0f\u200d\ud83d\udde8\ufe0f Watch the video with instructions about <strong>cropping in your photos<\/strong><\/a> (English only)<\/p>\n<\/div><div class=\"fusion-clearfix\"><\/div><\/div><\/div><div class=\"fusion-builder-row fusion-builder-row-inner fusion-row fusion-flex-align-items-flex-start fusion-flex-content-wrap\" style=\"--awb-flex-grow:0;--awb-flex-grow-medium:0;--awb-flex-grow-small:0;--awb-flex-shrink:0;--awb-flex-shrink-medium:0;--awb-flex-shrink-small:0;width:104% !important;max-width:104% !important;margin-left: calc(-4% \/ 2 );margin-right: calc(-4% \/ 2 );\"><div class=\"fusion-layout-column fusion_builder_column_inner fusion-builder-nested-column-0 fusion_builder_column_inner_1_1 1_1 fusion-flex-column\" style=\"--awb-bg-size:cover;--awb-width-large:100%;--awb-margin-top-large:0px;--awb-spacing-right-large:1.92%;--awb-margin-bottom-large:0px;--awb-spacing-left-large:1.92%;--awb-width-medium:100%;--awb-order-medium:0;--awb-spacing-right-medium:1.92%;--awb-spacing-left-medium:1.92%;--awb-width-small:100%;--awb-order-small:0;--awb-spacing-right-small:1.92%;--awb-spacing-left-small:1.92%;\" data-scroll-devices=\"small-visibility,medium-visibility,large-visibility\"><div class=\"fusion-column-wrapper fusion-column-has-shadow fusion-flex-justify-content-flex-start fusion-content-layout-column\"><div class=\"fusion-separator fusion-full-width-sep\" style=\"align-self: center;margin-left: auto;margin-right: auto;margin-top:10px;margin-bottom:20px;width:100%;\"><div class=\"fusion-separator-border sep-single sep-solid\" style=\"--awb-height:20px;--awb-amount:20px;border-color:#e0dede;border-top-width:1px;\"><\/div><\/div><\/div><\/div><div class=\"fusion-layout-column fusion_builder_column_inner fusion-builder-nested-column-1 fusion_builder_column_inner_1_3 1_3 fusion-flex-column\" style=\"--awb-bg-size:cover;--awb-width-large:33.333333333333%;--awb-margin-top-large:0px;--awb-spacing-right-large:5.76%;--awb-margin-bottom-large:0px;--awb-spacing-left-large:5.76%;--awb-width-medium:100%;--awb-order-medium:0;--awb-spacing-right-medium:1.92%;--awb-spacing-left-medium:1.92%;--awb-width-small:100%;--awb-order-small:0;--awb-spacing-right-small:1.92%;--awb-spacing-left-small:1.92%;\"><div class=\"fusion-column-wrapper fusion-column-has-shadow fusion-flex-justify-content-flex-start fusion-content-layout-column\"><div class=\"fusion-image-element\" style=\"text-align:center;--awb-aspect-ratio:1 \/ 1;--awb-object-position:20% 46%;--awb-mask-url: url(https:\/\/uyquelindo.com\/wp-content\/plugins\/fusion-builder\/\/assets\/images\/masks\/mask-10.svg);--awb-max-width:150px;--awb-caption-title-font-family:var(--h2_typography-font-family);--awb-caption-title-font-weight:var(--h2_typography-font-weight);--awb-caption-title-font-style:var(--h2_typography-font-style);--awb-caption-title-size:var(--h2_typography-font-size);--awb-caption-title-transform:var(--h2_typography-text-transform);--awb-caption-title-line-height:var(--h2_typography-line-height);--awb-caption-title-letter-spacing:var(--h2_typography-letter-spacing);\"><div style=\"display:inline-block;width:150px;\"><span class=\"fusion-imageframe imageframe-none imageframe-1 hover-type-none has-mask has-aspect-ratio\"><img decoding=\"async\" width=\"181\" height=\"184\" title=\"herbal node\" src=\"https:\/\/uyquelindo.com\/wp-content\/uploads\/2023\/12\/herbal-node.png\" class=\"img-responsive wp-image-11904 img-with-aspect-ratio\" data-parent-fit=\"cover\" data-parent-container=\".fusion-image-element\" alt srcset=\"https:\/\/uyquelindo.com\/wp-content\/uploads\/2023\/12\/herbal-node-12x12.png 12w, https:\/\/uyquelindo.com\/wp-content\/uploads\/2023\/12\/herbal-node-66x66.png 66w, https:\/\/uyquelindo.com\/wp-content\/uploads\/2023\/12\/herbal-node.png 181w\" sizes=\"(max-width: 181px) 100vw, 181px\" \/><\/span><\/div><\/div><\/div><\/div><div class=\"fusion-layout-column fusion_builder_column_inner fusion-builder-nested-column-2 fusion_builder_column_inner_2_3 2_3 fusion-flex-column\" style=\"--awb-bg-size:cover;--awb-width-large:66.666666666667%;--awb-margin-top-large:0px;--awb-spacing-right-large:2.88%;--awb-margin-bottom-large:0px;--awb-spacing-left-large:2.88%;--awb-width-medium:100%;--awb-order-medium:0;--awb-spacing-right-medium:1.92%;--awb-spacing-left-medium:1.92%;--awb-width-small:100%;--awb-order-small:0;--awb-spacing-right-small:1.92%;--awb-spacing-left-small:1.92%;\"><div class=\"fusion-column-wrapper fusion-column-has-shadow fusion-flex-justify-content-flex-start fusion-content-layout-column\"><div class=\"fusion-text fusion-text-5\" style=\"--awb-content-alignment:left;\"><p>Visit the templates of<br \/>\n<a href=\"https:\/\/uyquelindo.com\/en\/categoria-producto\/cortadores-de-arcilla-polimerica\/branding-para-joyeria-artesanal\/coleccion-herbal\/\">COLECCION HERBAL<\/a><\/p>\n<\/div><\/div><\/div><\/div><\/div><\/div>\n<\/div><\/div>","protected":false},"excerpt":{"rendered":"<p>Da un toque especial con nuestra tarjeta de exhibici\u00f3n de joyer\u00eda, motivo Herbal. Ahora, puedes a\u00f1adir de manera r\u00e1pida y visualmente armoniosa una serie de exhibidores de estilo \u00fanico. Edita f\u00e1cilmente la informaci\u00f3n, el logo y los colores de tu marca en l\u00ednea, e incluso incorpora tus propias im\u00e1genes. Combina estas hermosas tarjetas con otras piezas coordinadas como etiquetas, papeles de seda y pegatinas para crear una presentaci\u00f3n encantadora.\u00bb<\/p>\n<p>\ud83d\udc49\u00a0<a href=\"https:\/\/www.corjl.com\/d\/12M26F\/w\" target=\"_blank\" rel=\"noopener\"><strong>Try the demo by clicking here<\/strong><\/a> \ud83d\udc48<\/p>","protected":false},"featured_media":11915,"comment_status":"open","ping_status":"closed","template":"","meta":[],"product_brand":[],"product_cat":[567,616,571],"product_tag":[565,591,606],"class_list":{"0":"post-11929","1":"product","2":"type-product","3":"status-publish","4":"has-post-thumbnail","6":"product_cat-branding-para-joyeria-artesanal","7":"product_cat-coleccion-herbal","8":"product_cat-tarjetas-de-joyeria-personalizada","9":"product_tag-estuche-joyeria","10":"product_tag-plantilla-editable","11":"product_tag-tarjetas-de-agradecimiento","13":"first","14":"outofstock","15":"virtual","16":"taxable","17":"purchasable","18":"product-type-simple"},"_links":{"self":[{"href":"https:\/\/uyquelindo.com\/en\/wp-json\/wp\/v2\/product\/11929","targetHints":{"allow":["GET"]}}],"collection":[{"href":"https:\/\/uyquelindo.com\/en\/wp-json\/wp\/v2\/product"}],"about":[{"href":"https:\/\/uyquelindo.com\/en\/wp-json\/wp\/v2\/types\/product"}],"replies":[{"embeddable":true,"href":"https:\/\/uyquelindo.com\/en\/wp-json\/wp\/v2\/comments?post=11929"}],"wp:featuredmedia":[{"embeddable":true,"href":"https:\/\/uyquelindo.com\/en\/wp-json\/wp\/v2\/media\/11915"}],"wp:attachment":[{"href":"https:\/\/uyquelindo.com\/en\/wp-json\/wp\/v2\/media?parent=11929"}],"wp:term":[{"taxonomy":"product_brand","embeddable":true,"href":"https:\/\/uyquelindo.com\/en\/wp-json\/wp\/v2\/product_brand?post=11929"},{"taxonomy":"product_cat","embeddable":true,"href":"https:\/\/uyquelindo.com\/en\/wp-json\/wp\/v2\/product_cat?post=11929"},{"taxonomy":"product_tag","embeddable":true,"href":"https:\/\/uyquelindo.com\/en\/wp-json\/wp\/v2\/product_tag?post=11929"}],"curies":[{"name":"wp","href":"https:\/\/api.w.org\/{rel}","templated":true}]}}