{"id":14921,"date":"2024-09-30T17:38:49","date_gmt":"2024-09-30T15:38:49","guid":{"rendered":"https:\/\/uyquelindo.com\/?post_type=product&#038;p=14921"},"modified":"2026-01-20T16:03:16","modified_gmt":"2026-01-20T15:03:16","slug":"papel-de-transferencia-para-arcilla-polimerica-018","status":"publish","type":"product","link":"https:\/\/uyquelindo.com\/en\/product\/transfer-paper-for-polymer-clay-018\/","title":{"rendered":"Transfer paper for polymer clay 018"},"content":{"rendered":"<div class=\"fusion-fullwidth fullwidth-box fusion-builder-row-1 fusion-flex-container nonhundred-percent-fullwidth non-hundred-percent-height-scrolling\" style=\"--awb-border-radius-top-left:0px;--awb-border-radius-top-right:0px;--awb-border-radius-bottom-right:0px;--awb-border-radius-bottom-left:0px;--awb-flex-wrap:wrap;\" ><div class=\"fusion-builder-row fusion-row fusion-flex-align-items-flex-start fusion-flex-content-wrap\" style=\"max-width:1216.8px;margin-left: calc(-4% \/ 2 );margin-right: calc(-4% \/ 2 );\"><div class=\"fusion-layout-column fusion_builder_column fusion-builder-column-0 fusion_builder_column_2_3 2_3 fusion-flex-column\" style=\"--awb-bg-blend:overlay;--awb-bg-size:cover;--awb-width-large:66.666666666667%;--awb-margin-top-large:0px;--awb-spacing-right-large:3.84%;--awb-margin-bottom-large:0px;--awb-spacing-left-large:2.88%;--awb-width-medium:100%;--awb-spacing-right-medium:1.92%;--awb-spacing-left-medium:1.92%;--awb-width-small:100%;--awb-spacing-right-small:1.92%;--awb-spacing-left-small:1.92%;\"><div class=\"fusion-column-wrapper fusion-flex-justify-content-flex-start fusion-content-layout-column\"><div class=\"fusion-text fusion-text-1\"><h3>Transfer paper for polymer clay 018<\/h3>\n<\/div><div class=\"fusion-text fusion-text-2\"><p>\u261d\ufe0f PLEASE CLICK ON THE INSTRUCTIONS TAB TO LEARN HOW TO USE THIS TECHNIQUE.<\/p>\n<p>Available sizes: TRN XMS018 \/ 98X138 mm<\/p>\n<p>MATERIAL: Inkjet transfer paper (non-soluble)<br \/>\nTIP: This paper works by direct contact on the surface and does not require water. See the instruction flap for best results.<\/p>\n<p>\ud83d\udc41\ufe0f The screen image is designed to display the colors of the transfer sheet as accurately as possible. However, shades may vary depending on the device you are using. Also, the colors will change after firing or change slightly depending on the type or color of clay used. The design looks best on white clay.<br \/>\nWe do not offer refunds on transfer sheets, but if you have any questions about the process, please do not hesitate to contact us, we will be happy to help you.<\/p>\n<\/div><\/div><\/div><div class=\"fusion-layout-column fusion_builder_column fusion-builder-column-1 fusion_builder_column_1_3 1_3 fusion-flex-column\" style=\"--awb-bg-size:cover;--awb-width-large:33.333333333333%;--awb-margin-top-large:0px;--awb-spacing-right-large:5.76%;--awb-margin-bottom-large:0px;--awb-spacing-left-large:3.84%;--awb-width-medium:100%;--awb-order-medium:0;--awb-spacing-right-medium:1.92%;--awb-spacing-left-medium:1.92%;--awb-width-small:100%;--awb-order-small:0;--awb-spacing-right-small:1.92%;--awb-spacing-left-small:1.92%;\"><div class=\"fusion-column-wrapper fusion-column-has-shadow fusion-flex-justify-content-flex-start fusion-content-layout-column\"><div class=\"fusion-title title fusion-title-1 fusion-sep-none fusion-title-center fusion-title-text fusion-title-size-four\" style=\"--awb-margin-top-small:0px;--awb-margin-right-small:0px;--awb-margin-bottom-small:20px;--awb-margin-left-small:0px;\"><h4 class=\"fusion-title-heading title-heading-center fusion-responsive-typography-calculated\" style=\"margin:0;--fontSize:14;--minFontSize:14;line-height:1.5;\">Use tips<\/h4><\/div><div class=\"fusion-text fusion-text-3\"><p>Este papel de transferencia funciona por contacto directo, sin necesidad de agua. Aseg\u00farate de que la arcilla est\u00e9 bien acondicionada, suave y h\u00fameda. Usa preferentemente arcilla blanca o de color claro.<\/p>\n<\/div><div class=\"fusion-title title fusion-title-2 fusion-sep-none fusion-title-center fusion-title-text fusion-title-size-four\" style=\"--awb-margin-top-small:0px;--awb-margin-right-small:0px;--awb-margin-bottom-small:20px;--awb-margin-left-small:0px;\"><h4 class=\"fusion-title-heading title-heading-center fusion-responsive-typography-calculated\" style=\"margin:0;--fontSize:14;--minFontSize:14;line-height:1.5;\">care tips<\/h4><\/div><div class=\"fusion-text fusion-text-4\"><ul>\n<li>No mojes la superficie impresa del papel<\/li>\n<li>Voltea el papel de modo que la impresi\u00f3n haga contacto directo con la arcilla y no lo desplaces<\/li>\n<li>El color final luego del horneado es n\u00edtido y agradable<\/li>\n<\/ul>\n<\/div><\/div><\/div>\n<\/div><\/div>","protected":false},"excerpt":{"rendered":"<p>Our transfer paper for polymer clay 018 is perfect for decorating any polymer clay surface prior to baking without the need to apply water or solvents. Each sheet has a printed surface of 98x138mm printed in full color inkjet.<\/p>","protected":false},"featured_media":14821,"comment_status":"open","ping_status":"closed","template":"","meta":[],"product_brand":[],"product_cat":[431,519,662,586,631],"product_tag":[],"class_list":{"0":"post-14921","1":"product","2":"type-product","3":"status-publish","4":"has-post-thumbnail","6":"product_cat-cortadores-de-arcilla-polimerica","7":"product_cat-accesorios-y-herramientas","8":"product_cat-materiales","9":"product_cat-navidad","10":"product_cat-papel-transfer","12":"first","13":"instock","14":"taxable","15":"shipping-taxable","16":"purchasable","17":"product-type-simple"},"_links":{"self":[{"href":"https:\/\/uyquelindo.com\/en\/wp-json\/wp\/v2\/product\/14921","targetHints":{"allow":["GET"]}}],"collection":[{"href":"https:\/\/uyquelindo.com\/en\/wp-json\/wp\/v2\/product"}],"about":[{"href":"https:\/\/uyquelindo.com\/en\/wp-json\/wp\/v2\/types\/product"}],"replies":[{"embeddable":true,"href":"https:\/\/uyquelindo.com\/en\/wp-json\/wp\/v2\/comments?post=14921"}],"wp:featuredmedia":[{"embeddable":true,"href":"https:\/\/uyquelindo.com\/en\/wp-json\/wp\/v2\/media\/14821"}],"wp:attachment":[{"href":"https:\/\/uyquelindo.com\/en\/wp-json\/wp\/v2\/media?parent=14921"}],"wp:term":[{"taxonomy":"product_brand","embeddable":true,"href":"https:\/\/uyquelindo.com\/en\/wp-json\/wp\/v2\/product_brand?post=14921"},{"taxonomy":"product_cat","embeddable":true,"href":"https:\/\/uyquelindo.com\/en\/wp-json\/wp\/v2\/product_cat?post=14921"},{"taxonomy":"product_tag","embeddable":true,"href":"https:\/\/uyquelindo.com\/en\/wp-json\/wp\/v2\/product_tag?post=14921"}],"curies":[{"name":"wp","href":"https:\/\/api.w.org\/{rel}","templated":true}]}}