{"id":10152,"date":"2023-07-20T10:54:23","date_gmt":"2023-07-20T08:54:23","guid":{"rendered":"https:\/\/uyquelindo.com\/?page_id=10152"},"modified":"2024-01-09T12:17:08","modified_gmt":"2024-01-09T11:17:08","slug":"branding-para-joyeria-artesanal","status":"publish","type":"page","link":"https:\/\/uyquelindo.com\/fr\/marque-pour-les-bijoux-artisanaux\/","title":{"rendered":"Une image de marque pour votre bijouterie"},"content":{"rendered":"<p><div class=\"fusion-fullwidth fullwidth-box fusion-builder-row-1 fusion-flex-container has-pattern-background has-mask-background nonhundred-percent-fullwidth non-hundred-percent-height-scrolling\" style=\"--awb-border-radius-top-left:0px;--awb-border-radius-top-right:0px;--awb-border-radius-bottom-right:0px;--awb-border-radius-bottom-left:0px;--awb-margin-top:20px;--awb-flex-wrap:wrap;\" ><div class=\"fusion-builder-row fusion-row fusion-flex-align-items-flex-start fusion-flex-content-wrap\" style=\"max-width:1216.8px;margin-left: calc(-4% \/ 2 );margin-right: calc(-4% \/ 2 );\"><div class=\"fusion-layout-column fusion_builder_column fusion-builder-column-0 fusion_builder_column_1_1 1_1 fusion-flex-column\" style=\"--awb-bg-size:cover;--awb-width-large:100%;--awb-margin-top-large:0px;--awb-spacing-right-large:1.92%;--awb-margin-bottom-large:0px;--awb-spacing-left-large:1.92%;--awb-width-medium:100%;--awb-order-medium:0;--awb-spacing-right-medium:1.92%;--awb-spacing-left-medium:1.92%;--awb-width-small:100%;--awb-order-small:0;--awb-spacing-right-small:1.92%;--awb-spacing-left-small:1.92%;\"><div class=\"fusion-column-wrapper fusion-column-has-shadow fusion-flex-justify-content-flex-start fusion-content-layout-column\"><div class=\"woocommerce columns-6\"><\/div><\/div><\/div><\/div><\/div><div class=\"fusion-fullwidth fullwidth-box fusion-builder-row-2 fusion-flex-container has-pattern-background has-mask-background nonhundred-percent-fullwidth non-hundred-percent-height-scrolling\" style=\"--awb-border-radius-top-left:0px;--awb-border-radius-top-right:0px;--awb-border-radius-bottom-right:0px;--awb-border-radius-bottom-left:0px;--awb-padding-top:0px;--awb-flex-wrap:wrap;\" ><div class=\"fusion-builder-row fusion-row fusion-flex-align-items-flex-start fusion-flex-content-wrap\" style=\"max-width:1216.8px;margin-left: calc(-4% \/ 2 );margin-right: calc(-4% \/ 2 );\"><div class=\"fusion-layout-column fusion_builder_column fusion-builder-column-1 fusion_builder_column_1_1 1_1 fusion-flex-column\" style=\"--awb-bg-size:cover;--awb-width-large:100%;--awb-margin-top-large:0px;--awb-spacing-right-large:1.92%;--awb-margin-bottom-large:0px;--awb-spacing-left-large:1.92%;--awb-width-medium:100%;--awb-order-medium:0;--awb-spacing-right-medium:1.92%;--awb-spacing-left-medium:1.92%;--awb-width-small:100%;--awb-order-small:0;--awb-spacing-right-small:1.92%;--awb-spacing-left-small:1.92%;\"><div class=\"fusion-column-wrapper fusion-column-has-shadow fusion-flex-justify-content-flex-start fusion-content-layout-column\"><div class=\"fusion-separator fusion-full-width-sep\" style=\"align-self: center;margin-left: auto;margin-right: auto;margin-top:10px;margin-bottom:10px;width:100%;\"><\/div><div class=\"fusion-title title fusion-title-1 fusion-sep-none fusion-title-text fusion-title-size-one\" style=\"--awb-margin-top-small:0px;--awb-margin-right-small:0px;--awb-margin-bottom-small:20px;--awb-margin-left-small:0px;\"><h1 class=\"fusion-title-heading title-heading-left fusion-responsive-typography-calculated\" style=\"margin:0;--fontSize:35;line-height:1;\"><h3 style=\"text-align: center;\">L'importance de la marque pour les bijoux artisanaux<\/h3><\/h1><\/div><div class=\"fusion-text fusion-text-1\" style=\"--awb-content-alignment:justify;--awb-margin-top:10px;\"><p>Lorsqu'il s'agit d'entreprendre dans le monde de la bijouterie artisanale, il ne s'agit pas seulement de cr\u00e9er de belles pi\u00e8ces uniques, mais aussi de se d\u00e9marquer sur un march\u00e9 concurrentiel.  La strat\u00e9gie de marque pour les bijoux artisanaux est devenue un outil essentiel pour parvenir \u00e0 cette diff\u00e9renciation et construire une marque forte et reconnaissable. Examinons son importance et la mani\u00e8re la plus simple et la plus efficace de la mettre en \u0153uvre. En outre, nous vous pr\u00e9senterons nos produits exclusifs qui vous aideront \u00e0 donner vie \u00e0 votre marque et \u00e0 vous d\u00e9marquer de la masse. Pourquoi est-il important de donner une image de marque \u00e0 ma marque de bijoux artisanaux ? L'image de marque est bien plus qu'un simple logo ou un dessin. Il s'agit de l'identit\u00e9 que vous donnez \u00e0 votre entreprise, de l'histoire que vous racontez \u00e0 travers vos bijoux et de la mani\u00e8re dont vous communiquez avec vos clients. Une image de marque bien d\u00e9finie vous permettra de.. :<\/p>\n<\/div><div class=\"fusion-text fusion-text-2 awb-text-cols fusion-text-columns-4 fusion-no-small-visibility fusion-no-medium-visibility\" style=\"--awb-columns:4;--awb-column-spacing:2em;--awb-column-min-width:100px;--awb-margin-top:10px;\"><h3><span style=\"color: #f05858;\">1. Se diff\u00e9rencier de la concurrence<\/span><\/h3>\n<p>Dans un march\u00e9 encombr\u00e9, il est essentiel de se d\u00e9marquer et d'\u00eatre unique. La strat\u00e9gie de marque vous permet de communiquer ce qui vous rend sp\u00e9cial et en quoi vos bijoux sont diff\u00e9rents des autres.<\/p>\n<h3><span style=\"color: #f05858;\">2. Cr\u00e9er un lien \u00e9motionnel avec vos clients<\/span><\/h3>\n<p>L'image de marque vous permet de raconter une histoire et de transmettre vos valeurs en tant qu'artisan. Les clients n'ach\u00e8tent pas seulement vos bijoux, mais aussi l'exp\u00e9rience et l'histoire qui se cachent derri\u00e8re.<\/p>\n<h3><span style=\"color: #f05858;\">3. Instaurer la confiance et la cr\u00e9dibilit\u00e9<\/span><\/h3>\n<p>Une image de marque forte et professionnelle inspire confiance \u00e0 vos clients. Elle les rassure sur la qualit\u00e9 et l'authenticit\u00e9 des produits qu'ils ach\u00e8tent.<\/p>\n<h3><span style=\"color: #f05858;\">4. Favoriser la fid\u00e9lisation de la client\u00e8le<\/span><\/h3>\n<p>Une marque forte et reconnaissable fid\u00e9lise vos clients. Lorsqu'ils se sentent li\u00e9s \u00e0 votre marque, ils sont plus enclins \u00e0 renouveler leurs achats et \u00e0 recommander vos bijoux \u00e0 d'autres personnes.<\/p>\n<\/div><div class=\"fusion-title title fusion-title-2 fusion-sep-none fusion-title-text fusion-title-size-one\" style=\"--awb-margin-top-small:0px;--awb-margin-right-small:0px;--awb-margin-bottom-small:20px;--awb-margin-left-small:0px;\"><h1 class=\"fusion-title-heading title-heading-left fusion-responsive-typography-calculated\" style=\"margin:0;--fontSize:35;line-height:1;\"><h3 style=\"text-align: center;\">La cl\u00e9 pour faire ressortir vos dessins et mod\u00e8les<\/h3><\/h1><\/div><div class=\"fusion-text fusion-text-3\" style=\"--awb-content-alignment:justify;--awb-margin-top:10px;\"><p>En <strong>Uy qu\u00e9 lindo!<\/strong>, nous avons int\u00e9gr\u00e9 une famille de produits qui vous permettra de travailler de mani\u00e8re coordonn\u00e9e dans le cadre de l'initiative de l'Union europ\u00e9enne. <em><strong>emballages, \u00e9tiquettes, papiers de soie, cartes de remerciement, cartes postales et autocollants<\/strong><\/em>. C'est une v\u00e9ritable exp\u00e9rience cr\u00e9ative ! Notre processus est simple et efficace : nous voulons vous offrir une option \u00e0 co\u00fbt contr\u00f4l\u00e9, d'aspect professionnel et rapidement disponible.<\/p>\n<p>L'id\u00e9e est d'utiliser nos mod\u00e8les d'\u00e9dition en ligne pour cr\u00e9er vos propres graphiques et personnaliser chaque d\u00e9tail selon vos pr\u00e9f\u00e9rences. Vous pouvez imprimer ces cr\u00e9ations dans votre propre atelier ou les commander aupr\u00e8s d'une imprimerie en ligne - \u00e0 vous de choisir ! Chaque mod\u00e8le a \u00e9t\u00e9 soigneusement con\u00e7u avec une palette de couleurs indicative, des combinaisons de polices et de motifs et des illustrations adapt\u00e9es \u00e0 votre style. Le plus beau, c'est que vous avez toute latitude pour modifier compl\u00e8tement le mod\u00e8le \u00e0 l'aide des \u00e9l\u00e9ments sugg\u00e9r\u00e9s ou m\u00eame pour ajouter de nouveaux \u00e9l\u00e9ments cr\u00e9atifs.<\/p>\n<p><strong>Nos mod\u00e8les sont con\u00e7us pour des formats de papier standard.<\/strong>, et en outre, <strong>inclure des guides d'aide rapide et des tutoriels<\/strong> L'outil en ligne est con\u00e7u pour vous aider \u00e0 en tirer le meilleur parti.<\/p>\n<p>Il est important de mentionner que ces mod\u00e8les sont exclusifs et ne peuvent \u00eatre revendus. Les mod\u00e8les cr\u00e9\u00e9s sont la propri\u00e9t\u00e9 de <strong>Uy qu\u00e9 lindo!<\/strong>, cela garantit l'authenticit\u00e9 et la coh\u00e9rence visuelle de vos cr\u00e9ations.<\/p>\n<p>Nous sommes ravis de vous offrir cette nouvelle opportunit\u00e9 d'exprimer votre cr\u00e9ativit\u00e9 et de renforcer votre marque de bijoux artisanaux. Nous vous invitons \u00e0 explorer notre large gamme d'options et \u00e0 donner vie \u00e0 vos id\u00e9es les plus originales !<\/p>\n<\/div><div class=\"fusion-title title fusion-title-3 fusion-sep-none fusion-title-text fusion-title-size-one\" style=\"--awb-margin-top-small:0px;--awb-margin-right-small:0px;--awb-margin-bottom-small:20px;--awb-margin-left-small:0px;\"><h1 class=\"fusion-title-heading title-heading-left fusion-responsive-typography-calculated\" style=\"margin:0;--fontSize:35;line-height:1;\"><h3 style=\"text-align: center;\">Comment cela fonctionne-t-il ?<\/h3><\/h1><\/div><div class=\"fusion-content-boxes content-boxes columns row fusion-columns-3 fusion-columns-total-3 fusion-content-boxes-1 content-boxes-timeline-horizontal content-left content-boxes-icon-on-top content-boxes-timeline-layout fusion-delayed-animation\" style=\"--awb-backgroundcolor:var(--awb-color2);--awb-body-color:var(--awb-color6);--awb-title-color:var(--awb-color8);--awb-iconcolor:var(--awb-color1);--awb-hover-accent-color:var(--awb-color8);--awb-circle-hover-accent-color:var(--awb-color8);\" data-animation-delay=\"350\" data-animationoffset=\"top-into-view\"><div style=\"--awb-backgroundcolor:var(--awb-color2);--awb-iconcolor:var(--awb-color1);\" class=\"fusion-column content-box-column content-box-column content-box-column-1 col-lg-4 col-md-4 col-sm-4 fusion-content-box-hover content-box-column-first-in-row\"><div class=\"col content-box-wrapper content-wrapper-background link-area-link-icon content-icon-wrapper-yes icon-hover-animation-fade fusion-animated\" data-animationtype=\"fadeIn\" data-animationduration=\"0.25\" data-animationoffset=\"top-into-view\"><div class=\"heading heading-with-icon icon-left\"><div class=\"icon\" style=\"-webkit-animation-duration: 350ms;animation-duration: 350ms;\"><span style=\"height:48px;width:48px;line-height:24px;border-color:var(--awb-color5);border-width:1px;border-style:solid;background-color:var(--awb-color5);box-sizing:content-box;border-radius:100%;\"><i style=\"border-color:var(--awb-color7);border-width:0px;background-color:var(--awb-color5);box-sizing:content-box;height:48px;width:48px;line-height:48px;border-radius:100%;position:relative;top:auto;left:auto;margin:0;border-radius:100%;font-size:24px;\" aria-hidden=\"true\" class=\"fontawesome-icon fa-vial fas circle-yes\"><\/i><\/span><\/div><h3 class=\"content-box-heading fusion-responsive-typography-calculated\" style=\"--h3_typography-font-size:28px;--fontSize:28;line-height:1;\">Exp\u00e9rimenter la d\u00e9mo<\/h3><\/div><div class=\"fusion-clearfix\"><\/div><div class=\"content-container\">\n<p>Sur chaque produit avec mod\u00e8le, vous remarquerez un bouton qui vous am\u00e8ne \u00e0 la DEMO et ouvre une nouvelle fen\u00eatre o\u00f9 vous pouvez voir \u00e0 quoi ressemble le design, faire vos modifications et m\u00eame acheter \u00e0 partir du bouton ACHETER MAINTENANT sans perdre vos modifications !<\/p>\n<\/div><div class=\"content-box-shortcode-timeline\" style=\"border-color:var(--awb-color5);top:60px;-webkit-transition-duration: 350ms;animation-duration: 350ms;\"><\/div><\/div><\/div><div style=\"--awb-backgroundcolor:var(--awb-color2);--awb-iconcolor:var(--awb-color1);\" class=\"fusion-column content-box-column content-box-column content-box-column-2 col-lg-4 col-md-4 col-sm-4 fusion-content-box-hover\"><div class=\"col content-box-wrapper content-wrapper-background link-area-link-icon content-icon-wrapper-yes icon-hover-animation-fade fusion-animated\" data-animationtype=\"fadeIn\" data-animationduration=\"0.25\" data-animationoffset=\"top-into-view\"><div class=\"heading heading-with-icon icon-left\"><div class=\"icon\" style=\"-webkit-animation-duration: 350ms;animation-duration: 350ms;\"><span style=\"height:48px;width:48px;line-height:24px;border-color:var(--awb-color5);border-width:1px;border-style:solid;background-color:var(--awb-color5);box-sizing:content-box;border-radius:100%;\"><i style=\"border-color:var(--awb-color7);border-width:0px;background-color:var(--awb-color5);box-sizing:content-box;height:48px;width:48px;line-height:48px;border-radius:100%;position:relative;top:auto;left:auto;margin:0;border-radius:100%;font-size:24px;\" aria-hidden=\"true\" class=\"fontawesome-icon fa-shopping-cart fas circle-yes\"><\/i><\/span><\/div><h3 class=\"content-box-heading fusion-responsive-typography-calculated\" style=\"--h3_typography-font-size:28px;--fontSize:28;line-height:1;\">Apr\u00e8s l'achat<\/h3><\/div><div class=\"fusion-clearfix\"><\/div><div class=\"content-container\">\n<p>Apr\u00e8s avoir effectu\u00e9 votre achat, vous recevrez rapidement un courriel de notre part.\u00a0 <strong>dans l'adresse \u00e9lectronique associ\u00e9e \u00e0 votre compte<\/strong>. Le message contiendra un lien que vous pourrez utiliser pour vous connecter et acc\u00e9der aux articles achet\u00e9s.<\/p>\n<\/div><div class=\"content-box-shortcode-timeline\" style=\"border-color:var(--awb-color5);top:60px;-webkit-transition-duration: 350ms;animation-duration: 350ms;\"><\/div><\/div><\/div><div style=\"--awb-backgroundcolor:var(--awb-color2);--awb-iconcolor:var(--awb-color1);\" class=\"fusion-column content-box-column content-box-column content-box-column-3 col-lg-4 col-md-4 col-sm-4 fusion-content-box-hover content-box-column-last content-box-column-last-in-row\"><div class=\"col content-box-wrapper content-wrapper-background link-area-link-icon content-icon-wrapper-yes icon-hover-animation-fade fusion-animated\" data-animationtype=\"fadeIn\" data-animationduration=\"0.25\" data-animationoffset=\"top-into-view\"><div class=\"heading heading-with-icon icon-left\"><div class=\"icon\" style=\"-webkit-animation-duration: 350ms;animation-duration: 350ms;\"><span style=\"height:48px;width:48px;line-height:24px;border-color:var(--awb-color5);border-width:1px;border-style:solid;background-color:var(--awb-color5);box-sizing:content-box;border-radius:100%;\"><i style=\"border-color:var(--awb-color7);border-width:0px;background-color:var(--awb-color5);box-sizing:content-box;height:48px;width:48px;line-height:48px;border-radius:100%;position:relative;top:auto;left:auto;margin:0;border-radius:100%;font-size:24px;\" aria-hidden=\"true\" class=\"fontawesome-icon fa-pen-nib fas circle-yes\"><\/i><\/span><\/div><h3 class=\"content-box-heading fusion-responsive-typography-calculated\" style=\"--h3_typography-font-size:28px;--fontSize:28;line-height:1;\">Publi\u00e9 en ligne!<\/h3><\/div><div class=\"fusion-clearfix\"><\/div><div class=\"content-container\">\n<p>L'ensemble du processus d'\u00e9dition se fait en ligne. Vous n'avez besoin d'aucun logiciel ni d'aucune police pour personnaliser votre annonce. Modifiez facilement les couleurs, la mise en page, les informations textuelles et bien plus encore, autant de fois que vous le souhaitez !<\/p>\n<\/div><div class=\"content-box-shortcode-timeline\" style=\"border-color:var(--awb-color5);top:60px;-webkit-transition-duration: 350ms;animation-duration: 350ms;\"><\/div><\/div><\/div><div class=\"fusion-clearfix\"><\/div><\/div><div class=\"fusion-text fusion-text-4\"><p>La mise en \u0153uvre d'une strat\u00e9gie de marque efficace ne doit pas \u00eatre compliqu\u00e9e. \u00c0 l'heure actuelle <strong>\u00abUy qu\u00e9 lindo!\u00bb<\/strong>,nous vous proposons une solution simple et pratique pour donner vie \u00e0 votre marque de bijoux artisanaux.<\/p>\n<h3>Notre famille de produits<\/h3>\n<h4>1. <strong>Emballage personnalis\u00e9 :<\/strong><\/h4>\n<p>Nos emballages sont con\u00e7us pour am\u00e9liorer la pr\u00e9sentation de vos bijoux et v\u00e9hiculer la qualit\u00e9 et l'exclusivit\u00e9 de votre marque. Vous pouvez les personnaliser avec votre logo, vos couleurs et votre style, cr\u00e9ant ainsi une exp\u00e9rience unique pour vos clients. Nous nous effor\u00e7ons de proposer des solutions fonctionnelles adapt\u00e9es \u00e0 toutes les possibilit\u00e9s.<\/p>\n<h4>2. <strong>\u00c9tiquettes avec logo :<\/strong><\/h4>\n<p>Les \u00e9tiquettes personnalis\u00e9es avec votre logo ajoutent une touche de professionnalisme et d'\u00e9l\u00e9gance \u00e0 vos bijoux. Chaque pi\u00e8ce sera imprim\u00e9e avec l'essence de votre marque, laissant une impression durable \u00e0 vos clients.<\/p>\n<h4>3. <strong>Cartes de remerciement :<\/strong><\/h4>\n<p>Les cartes de remerciement personnalis\u00e9es sont un moyen simple mais efficace de montrer \u00e0 vos clients que vous appr\u00e9ciez leur soutien. Exprimez votre gratitude et renforcez le lien \u00e9motionnel avec chaque achat.<\/p>\n<h4>4. <strong>Cartes postales cr\u00e9atives :<\/strong><\/h4>\n<p>Utilisez des cartes postales cr\u00e9atives pour raconter l'histoire de vos cr\u00e9ations, les types de soins et partager le processus de fabrication. Vos clients auront ainsi le sentiment de participer \u00e0 quelque chose de sp\u00e9cial et d'unique.<\/p>\n<h4>5. <strong>De jolis autocollants :<\/strong><\/h4>\n<p>Les autocollants personnalis\u00e9s sont un excellent moyen de sceller l'exp\u00e9rience d'un client. Ajoutez une touche finale \u00e0 votre emballage avec des autocollants qui refl\u00e8tent la personnalit\u00e9 de votre marque.<\/p>\n<\/div><\/div><\/div><\/div><\/div><\/p>","protected":false},"excerpt":{"rendered":"","protected":false},"author":1,"featured_media":0,"parent":0,"menu_order":0,"comment_status":"closed","ping_status":"closed","template":"100-width.php","meta":{"footnotes":""},"class_list":["post-10152","page","type-page","status-publish","hentry"],"_links":{"self":[{"href":"https:\/\/uyquelindo.com\/fr\/wp-json\/wp\/v2\/pages\/10152","targetHints":{"allow":["GET"]}}],"collection":[{"href":"https:\/\/uyquelindo.com\/fr\/wp-json\/wp\/v2\/pages"}],"about":[{"href":"https:\/\/uyquelindo.com\/fr\/wp-json\/wp\/v2\/types\/page"}],"author":[{"embeddable":true,"href":"https:\/\/uyquelindo.com\/fr\/wp-json\/wp\/v2\/users\/1"}],"replies":[{"embeddable":true,"href":"https:\/\/uyquelindo.com\/fr\/wp-json\/wp\/v2\/comments?post=10152"}],"version-history":[{"count":0,"href":"https:\/\/uyquelindo.com\/fr\/wp-json\/wp\/v2\/pages\/10152\/revisions"}],"wp:attachment":[{"href":"https:\/\/uyquelindo.com\/fr\/wp-json\/wp\/v2\/media?parent=10152"}],"curies":[{"name":"wp","href":"https:\/\/api.w.org\/{rel}","templated":true}]}}