{"id":5833,"date":"2022-08-12T06:17:43","date_gmt":"2022-08-12T09:17:43","guid":{"rendered":"https:\/\/uyquelindo.com\/?page_id=5833"},"modified":"2023-05-02T11:46:51","modified_gmt":"2023-05-02T09:46:51","slug":"cookie-policy","status":"publish","type":"page","link":"https:\/\/uyquelindo.com\/fr\/politique-de-cookies\/","title":{"rendered":"Politique relative aux cookies"},"content":{"rendered":"<div class=\"cli_pg_page_contaner\">\n<h3>Politique de cookies<\/h3>\n<div>Chez Uy qu\u00e9 lindo, nous utilisons des cookies et d&#039;autres technologies de suivi sur notre site Web et nos applications de diff\u00e9rentes mani\u00e8res. C&#039;est pourquoi nous pensons qu&#039;il est important d&#039;expliquer ce que sont les cookies et pourquoi nous les utilisons. Nous avons d\u00e9crit tous les d\u00e9tails ci-dessous, nous vous recommandons donc de lire attentivement notre politique pour mieux comprendre comment nous utilisons les cookies et quelles sont vos options. Nous respectons votre vie priv\u00e9e, nous traitons donc toujours les donn\u00e9es personnelles collect\u00e9es conform\u00e9ment \u00e0 la politique de confidentialit\u00e9. Oups la vie priv\u00e9e comme c&#039;est agr\u00e9able. Vous trouverez des d\u00e9finitions de termes en majuscules dans nos Conditions d&#039;utilisation. Si vous souhaitez plus d&#039;informations sur l&#039;utilisation que nous faisons des cookies, envoyez-nous un e-mail \u00e0 info@uyquelindo.com Votre consentement s&#039;applique exclusivement au domaine : www.uyquelindo.com<div class=\"cli_user_consent_state\">Votre \u00e9tat actuel\u00a0: Aucun consentement donn\u00e9. <a class=\"cli_manage_current_consent\" style=\"cursor:pointer;text-decoration:underline;\">G\u00e9rez votre consentement.<\/a> <\/div><a class=\"wt-cli-manage-consent-link\">\ud83c\udf6a<\/a><\/div>\n<h3>Que sont les cookies ?<\/h3>\n<div>Una cookie es un peque\u00f1o fragmento de datos que se introduce en el navegador de tu ordenador o dispositivo m\u00f3vil. Las cookies utilizan diferentes m\u00e9todos para publicar o leer datos en los dispositivos de los usuarios, como tu ordenador, port\u00e1til, tablet o smartphone. Lo hacen para ayudarnos a reconocer tu dispositivo o almacenar tus preferencias. Las cookies m\u00e1s conocidas son peque\u00f1os archivos (de texto) que se almacenan en los dispositivos y que pueden volver a identificarse en una fase posterior. Tambi\u00e9n utilizamos otras t\u00e9cnicas de seguimiento, como javascript, web beacons (etiquetas) (peque\u00f1os bloques de c\u00f3digo instalados en una p\u00e1gina web, aplicaci\u00f3n o anuncio que pueden recuperar cierta informaci\u00f3n sobre el dispositivo y el navegador que utilizas), o las huellas dactilares del dispositivo, los identificadores de dispositivos m\u00f3viles y las URL de seguimiento. En esta Pol\u00edtica sobre Cookies, nos referimos a todas estas tecnolog\u00edas como \u00abcookies\u00bb.<\/div>\n<h3>Combien de temps les cookies de Uy que lindo restent-ils actifs ?<\/h3>\n<div>Las cookies que utilizamos var\u00edan en su vida \u00fatil. Una \u00abcookie de sesi\u00f3n\u00bb expirar\u00e1 al cerrar tu navegador, mientras que una \u00abcookie persistente\u00bb permanecer\u00e1 en tu dispositivo durante m\u00e1s tiempo.<\/div>\n<h3>Quels cookies utilisons-nous ?<\/h3>\n<div>Nos cookies ont diff\u00e9rentes finalit\u00e9s, comme indiqu\u00e9 ci-dessous. Pour savoir quels cookies nous utilisons, consultez notre <strong><p>descripci\u00f3n general de cookies.<\/p><table class=\"cookielawinfo-row-cat-table cookielawinfo-classic\"><thead><tr><th class=\"cookielawinfo-column-1\">Cookie<\/th><th class=\"cookielawinfo-column-4\">Description<\/th><\/tr><\/thead><tbody><tr class=\"cookielawinfo-row\"><td class=\"cookielawinfo-column-1\">cookielawinfo-checkbox-analytics<\/td><td class=\"cookielawinfo-column-4\">Ce cookie est d\u00e9fini par le plug-in de consentement aux cookies GDPR. Le cookie est utilis\u00e9 pour stocker le consentement de l&#039;utilisateur pour les cookies de la cat\u00e9gorie &quot;Analytics&quot;.<\/td><\/tr><tr class=\"cookielawinfo-row\"><td class=\"cookielawinfo-column-1\">cookielawinfo-checkbox-fonctionnel<\/td><td class=\"cookielawinfo-column-4\">Le cookie est d\u00e9fini par le consentement aux cookies GDPR pour enregistrer le consentement de l&#039;utilisateur pour les cookies dans la cat\u00e9gorie &quot;Fonctionnel&quot;.<\/td><\/tr><tr class=\"cookielawinfo-row\"><td class=\"cookielawinfo-column-1\">cookielawinfo-checkbox-n\u00e9cessaire<\/td><td class=\"cookielawinfo-column-4\">Ce cookie est d\u00e9fini par le plug-in de consentement aux cookies GDPR. Les cookies sont utilis\u00e9s pour stocker le consentement de l&#039;utilisateur pour les cookies dans la cat\u00e9gorie &quot;Requis&quot;.<\/td><\/tr><tr class=\"cookielawinfo-row\"><td class=\"cookielawinfo-column-1\">cookielawinfo-checkbox-autres<\/td><td class=\"cookielawinfo-column-4\">Ce cookie est d\u00e9fini par le plug-in de consentement aux cookies GDPR. Le cookie est utilis\u00e9 pour stocker le consentement de l&#039;utilisateur pour les cookies de la cat\u00e9gorie &quot;Autre&quot;.<\/td><\/tr><tr class=\"cookielawinfo-row\"><td class=\"cookielawinfo-column-1\">cookielawinfo-checkbox-performance<\/td><td class=\"cookielawinfo-column-4\">Ce cookie est d\u00e9fini par le plug-in de consentement aux cookies GDPR. Le cookie est utilis\u00e9 pour stocker le consentement de l&#039;utilisateur pour les cookies de la cat\u00e9gorie &quot;Performance&quot;.<\/td><\/tr><tr class=\"cookielawinfo-row\"><td class=\"cookielawinfo-column-1\">view_cookie_policy<\/td><td class=\"cookielawinfo-column-4\">Ces cookies aident \u00e0 afficher et \u00e0 d\u00e9sactiver notre banni\u00e8re de cookies et garantissent que notre banni\u00e8re de cookies n&#039;appara\u00eet pas \u00e0 chaque visite.<\/td><\/tr><\/tbody><\/table><\/strong><\/div>\n<div><\/div>\n<div><em><strong>Cookies fonctionnels.<\/strong><\/em>Les cookies fonctionnels sont des cookies n\u00e9cessaires au fonctionnement de notre plateforme en ligne. Ces cookies nous aident \u00e0 fournir nos services en fonction de vos pr\u00e9f\u00e9rences, vous aidant \u00e0 avoir une meilleure exp\u00e9rience sur Uy qu\u00e9 lindo. Il y a, par exemple, un cookie qui s&#039;assure que vous restez connect\u00e9. Cela signifie que vous n&#039;avez pas besoin de vous connecter en permanence \u00e0 chaque fois que vous acc\u00e9dez \u00e0 une nouvelle page. Ces cookies nous aident \u00e9galement \u00e0 m\u00e9moriser la fa\u00e7on dont vous utilisez certaines fonctionnalit\u00e9s (par exemple, les lots que vous avez marqu\u00e9s comme int\u00e9ressants) et les param\u00e8tres de compte (par exemple, les param\u00e8tres de langue ou d&#039;affichage). Nous n&#039;avons pas besoin de votre consentement pour ins\u00e9rer ces cookies lorsque vous visitez la plate-forme en ligne ou utilisez les fonctionnalit\u00e9s correspondantes. Cependant, ces cookies ne collectent aucune donn\u00e9e d&#039;identification.<\/div>\n<div><\/div>\n<div><em><strong>Cookies d&#039;analyse et de recherche.<\/strong><\/em> Ces cookies capturent la fa\u00e7on dont vous utilisez Oops comme c&#039;est mignon. Nous utilisons les informations de ces cookies pour analyser l&#039;utilisation de notre plate-forme en ligne et d\u00e9terminer les causes des erreurs. En g\u00e9n\u00e9ral, les cookies analytiques et de recherche sont utilis\u00e9s pour :<\/div>\n<ul>\n<li>Suivre le nombre d&#039;utilisateurs sur notre plateforme en ligne<\/li>\n<li>Suivez le temps que vous passez sur notre plateforme en ligne<\/li>\n<li>Suivre l&#039;ordre dans lequel les diff\u00e9rentes pages Web sont consult\u00e9es<\/li>\n<li>D\u00e9cidez quelles parties de notre plateforme en ligne doivent \u00eatre am\u00e9lior\u00e9es<\/li>\n<li>Vous montrer des sondages d&#039;opinionComprendre quel type d&#039;utilisateur vous \u00eates<\/li>\n<\/ul>\n<div><\/div>\n<div><em><strong>Cookies marketing et r\u00e9seaux sociaux. <\/strong><\/em>Nous utilisons des cookies marketing pour comprendre ce que vous aimez et comment vous vous comportez sur notre plateforme en ligne. Nous suivons votre comportement afin d&#039;avoir une id\u00e9e de vos pr\u00e9f\u00e9rences, stockons les num\u00e9ros d&#039;identification des ench\u00e8res sur lesquelles vous cliquez et vous montrons des lots qui correspondent \u00e0 vos int\u00e9r\u00eats. Des tiers placent \u00e9galement des cookies marketing sur Uy que lindo. Cela les aide \u00e0 vous montrer des publicit\u00e9s personnalis\u00e9es sur des sites Web tiers, en fonction de votre comportement sur notre plate-forme en ligne. Dans notre aper\u00e7u des cookies ci-dessous, vous trouverez les tiers qui placent des cookies marketing lorsque vous visitez Oups, comme c&#039;est mignon.<\/div>\n<div>De plus, les cookies marketing gardent une trace des publicit\u00e9s que vous avez d\u00e9j\u00e0 vues, pour s&#039;assurer que vous ne voyez pas tout le temps les m\u00eames publicit\u00e9s. Ils v\u00e9rifient \u00e9galement si vous avez cliqu\u00e9 sur une annonce. Uy qu\u00e9 lindo et des tiers utilisent des cookies pour les r\u00e9seaux sociaux et notre plate-forme en ligne peut int\u00e9grer des plug-ins tiers (tels que le bouton &quot;J&#039;aime&quot; de Facebook).<\/div>\n<div>Vous pouvez toujours choisir de d\u00e9sactiver ces cookies en utilisant les param\u00e8tres ci-dessous. Si vous souhaitez supprimer les cookies tiers d&#039;analyse, de recherche ou de marketing autres que Uy qu\u00e9 lindo, vous pouvez le faire dans les param\u00e8tres de votre navigateur. Si vous d\u00e9sactivez les cookies marketing, vous pourrez toujours voir des publicit\u00e9s en ligne, mais les publicit\u00e9s que vous verrez ne seront pas adapt\u00e9es \u00e0 vos centres d&#039;int\u00e9r\u00eat. Comme les cookies fonctionnels sont n\u00e9cessaires au fonctionnement de notre plate-forme en ligne, ils sont configur\u00e9s pour \u00eatre \u00ab\u00a0toujours activ\u00e9s\u00a0\u00bb et ne peuvent pas \u00eatre d\u00e9sactiv\u00e9s.<\/div>\n<div>Vos pr\u00e9f\u00e9rences sont stock\u00e9es pour chaque domaine Oops, comme c&#039;est mignon. La d\u00e9sactivation des cookies dans un domaine (par exemple, uyquelindo.com) ne signifie pas qu&#039;ils sont \u00e9galement automatiquement d\u00e9sactiv\u00e9s dans d&#039;autres domaines.<\/div>\n<h3>Comment pouvez-vous contr\u00f4ler l&#039;utilisation des cookies ?<\/h3>\n<div><em><strong>Les param\u00e8tres de votre navigateur. <\/strong><\/em>Vous pouvez g\u00e9rer vos param\u00e8tres de cookies et supprimer les cookies inclus dans le navigateur que vous utilisez. Veuillez noter que les param\u00e8tres doivent \u00eatre ajust\u00e9s s\u00e9par\u00e9ment pour chaque navigateur sur chaque appareil que vous utilisez. Veuillez noter que nos cookies propri\u00e9taires jouent un r\u00f4le important dans nos services. Si vous choisissez de ne pas les accepter, cela pourrait affecter la disponibilit\u00e9 et la fonctionnalit\u00e9 de certaines des fonctionnalit\u00e9s qui rendent notre plate-forme en ligne attrayante et facile \u00e0 utiliser (par exemple, si vous d\u00e9sactivez ces cookies, vous devrez peut-\u00eatre vous connecter \u00e0 chaque visite). Vous pouvez suivre les instructions fournies par votre navigateur pour accepter, supprimer ou refuser les cookies :<\/div>\n<div><\/div>\n<div><a href=\"https:\/\/support.google.com\/chrome\/answer\/95647?hl=en\" target=\"_blank\" rel=\"nofollow noopener\">Chrome<\/a><\/div>\n<div><a href=\"https:\/\/support.apple.com\/en-us\/HT201265\" target=\"_blank\" rel=\"nofollow noopener\">Safari<\/a><\/div>\n<div><a href=\"https:\/\/support.mozilla.org\/en-US\/kb\/clear-cookies-and-site-data-firefox\" target=\"_blank\" rel=\"nofollow noopener\">Firefox<\/a><\/div>\n<div><a href=\"https:\/\/support.microsoft.com\/en-us\/help\/4468242\/microsoft-edge-browsing-data-and-privacy-microsoft-privacy\" target=\"_blank\" rel=\"nofollow noopener\">bord<\/a><\/div>\n<div><\/div>\n<div><em><strong>Cookies tiers.<\/strong><\/em> Pour g\u00e9rer les cookies tiers, vous pouvez visiter les pages Web <a href=\"http:\/\/www.networkadvertising.org\/\" target=\"_blank\" rel=\"noopener\">http:\/\/www.networkadvertising.org\/<\/a> soit <a href=\"http:\/\/www.youronlinechoices.com\" target=\"_blank\" rel=\"noopener\">http:\/\/www.youronlinechoices.com\/<\/a> Ces pages Web vous permettent de bloquer des cookies tiers sp\u00e9cifiques. Vous pouvez \u00e9galement visiter les pages Web de tiers pour comprendre et contr\u00f4ler les param\u00e8tres des cookies de chacun d&#039;eux.<\/div>\n<h3>Cette politique relative aux cookies peut-elle \u00eatre modifi\u00e9e\u00a0?<\/h3>\n<div>Nous pouvons modifier ou compl\u00e9ter cette politique relative aux cookies. Nous nous effor\u00e7ons de maintenir nos informations de cookies \u00e0 jour, mais nous tenons \u00e0 souligner que les descriptions de cookies ne sont toujours que des extraits. En raison de l&#039;innovation constante de notre plate-forme en ligne et du fait qu&#039;Internet et les diff\u00e9rentes parties concern\u00e9es \u00e9voluent en permanence, il est possible que les informations contenues dans cette politique de cookies ne soient pas compl\u00e8tement \u00e0 jour.<\/div>\n<h3>Contact<\/h3>\n<div>Pour les questions relatives \u00e0 cette politique de cookies et \u00e0 l&#039;utilisation de cookies sur notre plate-forme en ligne, vous pouvez toujours nous contacter en envoyant un e-mail \u00e0 privacidad@uyquelindo.com.<\/div>\n<\/div>\n<div><\/div>","protected":false},"excerpt":{"rendered":"<p>Pol\u00edtica de Cookies En Uy qu\u00e9 lindo utilizamos cookies y otras tecnolog\u00edas de seguimiento en nuestra p\u00e1gina web y aplicaciones de varias maneras. Es por eso que creemos que es importante explicarte qu\u00e9 son las<\/p>","protected":false},"author":1,"featured_media":0,"parent":0,"menu_order":0,"comment_status":"closed","ping_status":"closed","template":"","meta":{"footnotes":""},"class_list":["post-5833","page","type-page","status-publish","hentry"],"_links":{"self":[{"href":"https:\/\/uyquelindo.com\/fr\/wp-json\/wp\/v2\/pages\/5833","targetHints":{"allow":["GET"]}}],"collection":[{"href":"https:\/\/uyquelindo.com\/fr\/wp-json\/wp\/v2\/pages"}],"about":[{"href":"https:\/\/uyquelindo.com\/fr\/wp-json\/wp\/v2\/types\/page"}],"author":[{"embeddable":true,"href":"https:\/\/uyquelindo.com\/fr\/wp-json\/wp\/v2\/users\/1"}],"replies":[{"embeddable":true,"href":"https:\/\/uyquelindo.com\/fr\/wp-json\/wp\/v2\/comments?post=5833"}],"version-history":[{"count":0,"href":"https:\/\/uyquelindo.com\/fr\/wp-json\/wp\/v2\/pages\/5833\/revisions"}],"wp:attachment":[{"href":"https:\/\/uyquelindo.com\/fr\/wp-json\/wp\/v2\/media?parent=5833"}],"curies":[{"name":"wp","href":"https:\/\/api.w.org\/{rel}","templated":true}]}}