{"id":5842,"date":"2022-08-12T07:37:09","date_gmt":"2022-08-12T10:37:09","guid":{"rendered":"https:\/\/uyquelindo.com\/?page_id=5842"},"modified":"2024-06-11T12:21:17","modified_gmt":"2024-06-11T10:21:17","slug":"aviso-legal","status":"publish","type":"page","link":"https:\/\/uyquelindo.com\/fr\/avis-legal\/","title":{"rendered":"Avis juridique"},"content":{"rendered":"<div class=\"fusion-fullwidth fullwidth-box fusion-builder-row-1 fusion-flex-container nonhundred-percent-fullwidth non-hundred-percent-height-scrolling\" style=\"--awb-background-position:left top;--awb-border-sizes-top:0px;--awb-border-sizes-bottom:0px;--awb-border-sizes-left:0px;--awb-border-sizes-right:0px;--awb-border-radius-top-left:0px;--awb-border-radius-top-right:0px;--awb-border-radius-bottom-right:0px;--awb-border-radius-bottom-left:0px;--awb-padding-top:50px;--awb-padding-bottom:50px;--awb-flex-wrap:wrap;\" ><div class=\"fusion-builder-row fusion-row fusion-flex-align-items-flex-start fusion-flex-content-wrap\" style=\"max-width:1216.8px;margin-left: calc(-4% \/ 2 );margin-right: calc(-4% \/ 2 );\"><div class=\"fusion-layout-column fusion_builder_column fusion-builder-column-0 fusion_builder_column_1_1 1_1 fusion-flex-column fusion-flex-align-self-flex-start fusion-column-no-min-height\" style=\"--awb-bg-size:cover;--awb-width-large:100%;--awb-margin-top-large:0px;--awb-spacing-right-large:1.92%;--awb-margin-bottom-large:0px;--awb-spacing-left-large:1.92%;--awb-width-medium:100%;--awb-spacing-right-medium:1.92%;--awb-spacing-left-medium:1.92%;--awb-width-small:100%;--awb-spacing-right-small:1.92%;--awb-spacing-left-small:1.92%;\"><div class=\"fusion-column-wrapper fusion-flex-justify-content-flex-start fusion-content-layout-column\"><div class=\"fusion-text fusion-text-1\"><h1 style=\"text-align: center;\"><span style=\"color: #f46f72;\">AVIS JURIDIQUE<\/span><\/h1>\n<\/div><div class=\"fusion-separator fusion-full-width-sep\" style=\"align-self: center;margin-left: auto;margin-right: auto;margin-top:40px;width:100%;\"><\/div><div class=\"fusion-text fusion-text-2\"><p>Esta p\u00e1gina Web es propiedad de HAYDEE BERON (en adelante Uy qu\u00e9 lindo), con NIF n\u00ba Y9630738P y domicilio en C\/ Onice de Riviera 1, 29649 M\u00e1laga.<\/p>\n<p>Pour toute question ou proposition, contactez-nous en appelant le 604 420 641 ou par e-mail <a href=\"mailto:info@uyquelindo.com\" target=\"_blank\" rel=\"noopener\">info@uyquelindo.com<\/a>.<\/p>\n<p>Cette page Web est r\u00e9gie par la r\u00e9glementation exclusivement applicable en Espagne, y \u00e9tant soumise, tant les nationaux que les \u00e9trangers qui utilisent ce Web.<\/p>\n<p>L&#039;acc\u00e8s \u00e0 notre site par l&#039;UTILISATEUR est libre et conditionn\u00e9 \u00e0 la lecture pr\u00e9alable et \u00e0 l&#039;acceptation int\u00e9grale, expresse et sans r\u00e9serve des pr\u00e9sentes CONDITIONS G\u00c9N\u00c9RALES D&#039;UTILISATION en vigueur au moment de l&#039;acc\u00e8s, que nous vous invitons \u00e0 lire attentivement. L&#039;UTILISATEUR au moment o\u00f9 il utilise notre portail, ses contenus ou services, accepte et se soumet express\u00e9ment aux conditions g\u00e9n\u00e9rales d&#039;utilisation de celui-ci. Si l&#039;utilisateur n&#039;est pas d&#039;accord avec ces conditions d&#039;utilisation, il doit s&#039;abstenir d&#039;utiliser ce portail et de fonctionner \u00e0 travers celui-ci.<\/p>\n<p>La fourniture de donn\u00e9es personnelles et l&#039;achat de produits via notre portail n\u00e9cessitent un \u00e2ge minimum de 14 ans ou, le cas \u00e9ch\u00e9ant, une capacit\u00e9 juridique suffisante pour contracter.<\/p>\n<p>\u00c0 tout moment, nous pouvons modifier la pr\u00e9sentation et la configuration de notre site Web, \u00e9tendre ou r\u00e9duire les services, voire le supprimer du r\u00e9seau, ainsi que les services et contenus fournis, le tout unilat\u00e9ralement et sans pr\u00e9avis.<\/p>\n<ol>\n<li><strong>PROPRI\u00c9T\u00c9 INTELLECTUELLE<\/strong><\/li>\n<\/ol>\n<p>Tous les contenus, textes, images et codes sources sont la propri\u00e9t\u00e9 de UY QUE LINDO ou de tiers auxquels leurs droits d&#039;exploitation ont \u00e9t\u00e9 acquis et sont prot\u00e9g\u00e9s par les droits de Propri\u00e9t\u00e9 Intellectuelle et Industrielle.<\/p>\n<p>L&#039;utilisateur n&#039;a droit qu&#039;\u00e0 un usage priv\u00e9 de celui-ci, sans but lucratif, et a besoin d&#039;une autorisation expresse pour modifier, reproduire, exploiter, distribuer ou exercer tout droit appartenant \u00e0 son propri\u00e9taire.<\/p>\n<p>L&#039;\u00e9tablissement de liens vers notre portail ne conf\u00e8re aucun droit sur celui-ci. De m\u00eame, le simple fait d&#039;\u00e9tablir un lien vers notre site Web ne donne pas le droit d&#039;accorder la cat\u00e9gorie de collaborateur ou de partenaire.<\/p>\n<p>UY QUE LINDO est exon\u00e9r\u00e9 de toute responsabilit\u00e9 concernant les droits de propri\u00e9t\u00e9 intellectuelle des articles et images publi\u00e9s par des tiers sur son portail.<\/p>\n<p>L&#039;imitation de notre portail, qu&#039;elle soit totale ou partielle, est absolument interdite.<\/p>\n<ol start=\"2\">\n<li><strong>CONDITIONS D&#039;ACCES ET D&#039;UTILISATION<\/strong><\/li>\n<\/ol>\n<p>L&#039;acc\u00e8s \u00e0 notre site Web est gratuit et ne n\u00e9cessite pas d&#039;abonnement ou d&#039;inscription pr\u00e9alable. Cependant, certains services sont r\u00e9serv\u00e9s \u00e0 certains utilisateurs et n\u00e9cessitent une proc\u00e9dure d&#039;enregistrement et\/ou d&#039;identification au moyen de mots de passe. Ces services seront d\u00fbment identifi\u00e9s sur le Web.<\/p>\n<p>L&#039;envoi de donn\u00e9es personnelles implique l&#039;acceptation expresse par l&#039;UTILISATEUR de notre politique de confidentialit\u00e9.<\/p>\n<p>L&#039;utilisateur doit acc\u00e9der \u00e0 notre site Internet conform\u00e9ment \u00e0 la bonne foi, aux r\u00e8gles d&#039;ordre public et aux pr\u00e9sentes Conditions G\u00e9n\u00e9rales d&#039;Utilisation. L&#039;acc\u00e8s \u00e0 notre site Web s&#039;effectue sous la seule et exclusive responsabilit\u00e9 de l&#039;utilisateur, qui r\u00e9pondra en tout \u00e9tat de cause des dommages qui pourraient \u00eatre caus\u00e9s \u00e0 des tiers ou \u00e0 nous-m\u00eames.<\/p>\n<p>Il est express\u00e9ment interdit \u00e0 l&#039;utilisateur d&#039;utiliser et d&#039;obtenir les services, produits et contenus propos\u00e9s sur ce site Web, par des proc\u00e9dures autres que celles stipul\u00e9es dans les pr\u00e9sentes conditions d&#039;utilisation et, le cas \u00e9ch\u00e9ant, dans les conditions particuli\u00e8res qui r\u00e9gissent l&#039;acquisition de certains produits.<\/p>\n<p>L&#039;UTILISATEUR s&#039;interdit tout type d&#039;action sur notre portail qui provoque une surcharge excessive de nos syst\u00e8mes informatiques, ainsi que l&#039;introduction de virus, ou l&#039;installation de robots, ou de logiciels qui alt\u00e8rent le fonctionnement normal de notre site Web, ou en bref peut causer des dommages \u00e0 nos syst\u00e8mes informatiques.<\/p>\n<p>Compte tenu de l&#039;impossibilit\u00e9 de contr\u00f4ler les informations, contenus et services contenus dans d&#039;autres pages Web accessibles via les liens que notre page Web peut mettre \u00e0 votre disposition, nous vous informons que UY QUE LINDO, est exon\u00e9r\u00e9 de toute responsabilit\u00e9 pour dommages de toute nature pouvant d\u00e9couler de l&#039;utilisation de ces pages Web, sans rapport avec notre entreprise, par l&#039;utilisateur.<\/p>\n<p>UY QUE LINDO se r\u00e9serve le droit unilat\u00e9ral et sans pr\u00e9avis de r\u00e9silier tout UTILISATEUR que l&#039;organisation estimerait avoir viol\u00e9 les conditions r\u00e9gissant l&#039;utilisation de notre site Web, sans que l&#039;UTILISATEUR ait le droit de r\u00e9clamer de quelque nature que ce soit pour ce type d&#039;actions. De m\u00eame, il se r\u00e9serve le droit d&#039;exercer les actions en justice appropri\u00e9es contre ceux qui violent ces conditions g\u00e9n\u00e9rales d&#039;utilisation, acceptant l&#039;UTILISATEUR que la non-initiation de ces actions ne constitue pas une renonciation formelle \u00e0 celles-ci, restant valable jusqu&#039;aux termes l\u00e9gaux de la loi. des prescriptions pour les infractions.<\/p>\n<ol start=\"3\">\n<li><strong>POLITIQUE DE CONFIDENTIALIT\u00c9<\/strong><\/li>\n<\/ol>\n<p>La confidentialit\u00e9 et la s\u00e9curit\u00e9 sont des valeurs fondamentales de UY QUE LINDO et, par cons\u00e9quent, nous assumons l&#039;engagement de garantir la confidentialit\u00e9 de l&#039;Utilisateur \u00e0 tout moment et de ne pas collecter d&#039;informations inutiles.<\/p>\n<p>La fourniture de donn\u00e9es personnelles via notre portail n\u00e9cessite un \u00e2ge minimum de 14 ans et l&#039;acceptation expresse de notre\u00a0<a href=\"https:\/\/uyquelindo.com\/fr\/politiques-de-confidentialite\/\">Politique de confidentialit\u00e9<\/a>.<\/p>\n<ol start=\"4\">\n<li><strong>RESPONSABILIT\u00c9S<\/strong><\/li>\n<\/ol>\n<p>En mettant cette page Web \u00e0 la disposition de l&#039;utilisateur, nous voulons offrir un service de qualit\u00e9, en faisant preuve de la plus grande diligence dans sa fourniture, ainsi que dans les moyens technologiques utilis\u00e9s. Cependant, nous ne serons pas responsables de la pr\u00e9sence de virus et d&#039;autres \u00e9l\u00e9ments susceptibles d&#039;endommager d&#039;une mani\u00e8re ou d&#039;une autre le syst\u00e8me informatique de l&#039;utilisateur.<\/p>\n<p>UY QUE LINDO ne garantit pas que la disponibilit\u00e9 du service soit continue et ininterrompue, en raison de circonstances caus\u00e9es par des probl\u00e8mes sur le r\u00e9seau Internet, des pannes d&#039;appareils informatiques ou d&#039;autres circonstances impr\u00e9visibles, de sorte que l&#039;UTILISATEUR s&#039;engage \u00e0 supporter ces circonstances dans des limites raisonnables. , pour cette raison, il renonce express\u00e9ment \u00e0 toute r\u00e9clamation \u00e0 UY QUE LINDO pour d&#039;\u00e9ventuelles pannes, erreurs et utilisation du service.<\/p>\n<p>L&#039;UTILISATEUR assume toute responsabilit\u00e9 d\u00e9coulant de l&#039;utilisation de notre site Web, \u00e9tant seul responsable de tout effet direct ou indirect pouvant survenir sur le site Web, y compris, sans s&#039;y limiter, tout r\u00e9sultat \u00e9conomique, technique et\/ou juridique d\u00e9favorable, ainsi que le tromper les attentes g\u00e9n\u00e9r\u00e9es par notre portail, obligeant l&#039;utilisateur \u00e0 d\u00e9gager UY QUE LINDO de toute responsabilit\u00e9 pour toute r\u00e9clamation d\u00e9coulant, directement ou indirectement, de tels \u00e9v\u00e9nements.<\/p>\n<p>UY QUE LINDO ne garantit pas l&#039;exactitude, la v\u00e9racit\u00e9 et la validit\u00e9 du contenu de cette page Web, qu&#039;il soit le sien, de tiers ou li\u00e9 \u00e0 d&#039;autres sites Web, \u00e9tant totalement exon\u00e9r\u00e9 de toute responsabilit\u00e9 d\u00e9coulant de leur utilisation.<\/p>\n<p>UY QUE LINDO est exon\u00e9r\u00e9 de toute responsabilit\u00e9 d\u00e9coulant de toute r\u00e9clamation, y compris le paiement des honoraires d&#039;avocat, pour les demandes et r\u00e9clamations \u00e9manant de tiers en raison de la violation par l&#039;UTILISATEUR de nos conditions d&#039;utilisation, d&#039;acc\u00e8s et de confidentialit\u00e9, ou de toute une autre r\u00e9clamation pour non-conformit\u00e9 \u00e0 la l\u00e9gislation en vigueur.<\/p>\n<p>L&#039;UTILISATEUR reconna\u00eet avoir compris toutes les informations concernant les conditions d&#039;utilisation de notre portail, et reconna\u00eet qu&#039;elles sont suffisantes pour exclure l&#039;erreur qu&#039;elles contiennent, et par cons\u00e9quent, il les accepte pleinement et express\u00e9ment.<\/p>\n<p>L&#039;UTILISATEUR est pleinement conscient que la simple navigation sur cette page Web, ainsi que l&#039;utilisation de ses services, implique l&#039;acceptation des pr\u00e9sentes conditions d&#039;utilisation.<\/p>\n<p>Tout ce qui concerne notre site Web est r\u00e9gi exclusivement par la loi espagnole. En cas de divergence ou de divergence entre les parties concernant l&#039;interpr\u00e9tation et le contenu de ce site Web, toutes les parties se soumettent, renon\u00e7ant express\u00e9ment \u00e0 toute autre juridiction, aux Cours et Tribunaux de Malaga.<\/p>\n<ol start=\"5\">\n<li><strong>VALIDIT\u00c9 DES CONDITIONS G\u00c9N\u00c9RALES D&#039;ACC\u00c8S AU WEB<\/strong><\/li>\n<\/ol>\n<p>Les pr\u00e9sentes Conditions G\u00e9n\u00e9rales d&#039;Utilisation ont \u00e9t\u00e9 modifi\u00e9es le 10\/07\/2022. Nous pouvons proc\u00e9der \u00e0 sa modification \u00e0 tout moment : merci de v\u00e9rifier la date d&#039;\u00e9mission \u00e0 chaque connexion \u00e0 notre site et ainsi vous serez s\u00fbr qu&#039;aucune modification n&#039;est intervenue vous concernant.<\/p>\n<p>Pour toute question relative aux Conditions d&#039;Utilisation de notre site internet, vous pouvez nous contacter aux coordonn\u00e9es indiqu\u00e9es ci-dessus.<\/p>\n<\/div><\/div><\/div><\/div><\/div>","protected":false},"excerpt":{"rendered":"","protected":false},"author":1,"featured_media":0,"parent":0,"menu_order":0,"comment_status":"closed","ping_status":"closed","template":"100-width.php","meta":{"footnotes":""},"class_list":["post-5842","page","type-page","status-publish","hentry"],"_links":{"self":[{"href":"https:\/\/uyquelindo.com\/fr\/wp-json\/wp\/v2\/pages\/5842","targetHints":{"allow":["GET"]}}],"collection":[{"href":"https:\/\/uyquelindo.com\/fr\/wp-json\/wp\/v2\/pages"}],"about":[{"href":"https:\/\/uyquelindo.com\/fr\/wp-json\/wp\/v2\/types\/page"}],"author":[{"embeddable":true,"href":"https:\/\/uyquelindo.com\/fr\/wp-json\/wp\/v2\/users\/1"}],"replies":[{"embeddable":true,"href":"https:\/\/uyquelindo.com\/fr\/wp-json\/wp\/v2\/comments?post=5842"}],"version-history":[{"count":0,"href":"https:\/\/uyquelindo.com\/fr\/wp-json\/wp\/v2\/pages\/5842\/revisions"}],"wp:attachment":[{"href":"https:\/\/uyquelindo.com\/fr\/wp-json\/wp\/v2\/media?parent=5842"}],"curies":[{"name":"wp","href":"https:\/\/api.w.org\/{rel}","templated":true}]}}