{"id":9400,"date":"2023-06-23T11:30:00","date_gmt":"2023-06-23T09:30:00","guid":{"rendered":"https:\/\/uyquelindo.com\/?page_id=9400"},"modified":"2024-06-12T11:24:04","modified_gmt":"2024-06-12T09:24:04","slug":"joyeria-artesanal-en-andalucia","status":"publish","type":"page","link":"https:\/\/uyquelindo.com\/fr\/bijoux-artisanaux-en-andalousie\/","title":{"rendered":"Joyer\u00eda artesanal en Espa\u00f1a"},"content":{"rendered":"<p><div class=\"fusion-fullwidth fullwidth-box fusion-builder-row-1 fusion-flex-container has-pattern-background has-mask-background nonhundred-percent-fullwidth non-hundred-percent-height-scrolling\" style=\"--awb-border-radius-top-left:0px;--awb-border-radius-top-right:0px;--awb-border-radius-bottom-right:0px;--awb-border-radius-bottom-left:0px;--awb-flex-wrap:wrap;\" ><div class=\"fusion-builder-row fusion-row fusion-flex-align-items-flex-start fusion-flex-content-wrap\" style=\"max-width:1216.8px;margin-left: calc(-4% \/ 2 );margin-right: calc(-4% \/ 2 );\"><div class=\"fusion-layout-column fusion_builder_column fusion-builder-column-0 fusion_builder_column_1_1 1_1 fusion-flex-column\" style=\"--awb-bg-size:cover;--awb-width-large:100%;--awb-margin-top-large:0px;--awb-spacing-right-large:1.92%;--awb-margin-bottom-large:0px;--awb-spacing-left-large:1.92%;--awb-width-medium:100%;--awb-order-medium:0;--awb-spacing-right-medium:1.92%;--awb-spacing-left-medium:1.92%;--awb-width-small:100%;--awb-order-small:0;--awb-spacing-right-small:1.92%;--awb-spacing-left-small:1.92%;\"><div class=\"fusion-column-wrapper fusion-column-has-shadow fusion-flex-justify-content-flex-start fusion-content-layout-column\"><div class=\"fusion-reading-box-container reading-box-container-1\" style=\"--awb-title-color:#333333;--awb-margin-top:0px;--awb-margin-bottom:0px;\"><div class=\"reading-box reading-box-center\" style=\"background-color:#f6f6f6;border-width:1px;border-color:#f6f6f6;border-left-width:3px;border-left-color:var(--primary_color);border-style:solid;\"><h2>\n<\/h2><div class=\"reading-box-additional fusion-reading-box-additional\">\n<p><span style=\"color: #ff6600;\"><strong>ENVOI GRATUIT<\/strong><\/span> SI VOTRE ACHAT SUP\u00c9RIEUR \u00c0 50 \u20ac<\/p>\n<\/div><div class=\"fusion-clearfix\"><\/div><\/div><\/div><div class=\"fusion-separator fusion-full-width-sep\" style=\"align-self: center;margin-left: auto;margin-right: auto;margin-top:10px;width:100%;\"><\/div><\/div><\/div><div class=\"fusion-layout-column fusion_builder_column fusion-builder-column-1 fusion_builder_column_1_1 1_1 fusion-flex-column\" style=\"--awb-bg-size:cover;--awb-width-large:100%;--awb-margin-top-large:0px;--awb-spacing-right-large:1.92%;--awb-margin-bottom-large:0px;--awb-spacing-left-large:1.92%;--awb-width-medium:100%;--awb-order-medium:0;--awb-spacing-right-medium:1.92%;--awb-spacing-left-medium:1.92%;--awb-width-small:100%;--awb-order-small:0;--awb-spacing-right-small:1.92%;--awb-spacing-left-small:1.92%;\"><div class=\"fusion-column-wrapper fusion-column-has-shadow fusion-flex-justify-content-flex-start fusion-content-layout-column\"><div class=\"woocommerce columns-3\"><\/div><\/div><\/div><\/div><\/div><div class=\"fusion-fullwidth fullwidth-box fusion-builder-row-2 fusion-flex-container has-pattern-background has-mask-background nonhundred-percent-fullwidth non-hundred-percent-height-scrolling\" style=\"--awb-border-radius-top-left:0px;--awb-border-radius-top-right:0px;--awb-border-radius-bottom-right:0px;--awb-border-radius-bottom-left:0px;--awb-padding-top:0px;--awb-flex-wrap:wrap;\" ><div class=\"fusion-builder-row fusion-row fusion-flex-align-items-flex-start fusion-flex-content-wrap\" style=\"max-width:1216.8px;margin-left: calc(-4% \/ 2 );margin-right: calc(-4% \/ 2 );\"><div class=\"fusion-layout-column fusion_builder_column fusion-builder-column-2 fusion_builder_column_1_1 1_1 fusion-flex-column\" style=\"--awb-bg-size:cover;--awb-width-large:100%;--awb-margin-top-large:0px;--awb-spacing-right-large:1.92%;--awb-margin-bottom-large:0px;--awb-spacing-left-large:1.92%;--awb-width-medium:100%;--awb-order-medium:0;--awb-spacing-right-medium:1.92%;--awb-spacing-left-medium:1.92%;--awb-width-small:100%;--awb-order-small:0;--awb-spacing-right-small:1.92%;--awb-spacing-left-small:1.92%;\" data-scroll-devices=\"small-visibility,medium-visibility,large-visibility\"><div class=\"fusion-column-wrapper fusion-column-has-shadow fusion-flex-justify-content-flex-start fusion-content-layout-column\"><div class=\"fusion-separator fusion-full-width-sep\" style=\"align-self: center;margin-left: auto;margin-right: auto;margin-top:10px;margin-bottom:10px;width:100%;\"><\/div><div class=\"fusion-text fusion-text-1\"><h2>Joyer\u00eda artesanal en Espa\u00f1a: Dise\u00f1o mediterr\u00e1neo y tendencias en arcilla polim\u00e9rica<\/h2>\n<p>La joyer\u00eda artesanal en Espa\u00f1a ha sido una tradici\u00f3n arraigada durante siglos, y en la actualidad, est\u00e1 experimentando una renovaci\u00f3n creativa gracias al uso de la arcilla polim\u00e9rica. Estas joyas artesanales capturan la esencia de la regi\u00f3n con dise\u00f1os inspirados en el estilo marino y elementos florales, arabescos y orientales que reflejan la rica historia y la fusi\u00f3n de culturas de esta hermosa zona de Espa\u00f1a. Exploramos el oficio de la joyer\u00eda artesanal en Espa\u00f1a, centr\u00e1ndonos en la fabricaci\u00f3n sostenible de joyas de arcilla polim\u00e9rica siguiendo las tendencias m\u00e1s actuales.<\/p>\n<\/div><div class=\"fusion-text fusion-text-2 awb-text-cols fusion-text-columns-3 fusion-no-small-visibility fusion-no-medium-visibility\" style=\"--awb-columns:3;--awb-column-spacing:2em;--awb-column-min-width:100px;\"><h3>Joyer\u00eda artesanal en Espa\u00f1a: Un oficio con historia<\/h3>\n<p>La joyer\u00eda artesanal en Espa\u00f1a tiene una larga tradici\u00f3n que se remonta a tiempos ancestrales. Los artesanos de la regi\u00f3n han sido reconocidos por su habilidad para crear piezas \u00fanicas y exquisitas a mano. A trav\u00e9s de los siglos, han utilizado diferentes t\u00e9cnicas y materiales, desde elementos naturales como conchas y piedras que luego fueron refin\u00e1ndose seg\u00fan el uso de materiales y herramientas espec\u00edficos, influencia de milenarias culturas que fueron poblando la regi\u00f3n e imponiendo su estilo.<\/p>\n<p><strong>Dise\u00f1os inspirados y tendencias actuales<\/strong><\/p>\n<p>Las joyas de arcilla polim\u00e9rica en Espa\u00f1a son una novedad y siguen las tendencias m\u00e1s actuales al tiempo que incorporan elementos distintivos. Estos dise\u00f1os \u00fanicos capturan la esencia del estilo de vida mediterr\u00e1neo, ancestral, nutrido de todas las culturas que dejaron su marca en el territorio, con colores vivos formulados artesanalmente y patrones que evocan la belleza del mar, la monta\u00f1a y la naturaleza pero tambi\u00e9n la exhuberancia de su cultura local relacionadas con la danza, las fiestas y devoci\u00f3n.<\/p>\n<p><strong>Imprim\u00e9s floraux et arabesques : M\u00e9lange de cultures et de r\u00e9miniscences orientales<\/strong><\/p>\n<p>La joyer\u00eda artesanal en Espa\u00f1a refleja la influencia de diferentes culturas que han dejado su huella en la regi\u00f3n a lo largo de los siglos. Los dise\u00f1os de joyas combinan elementos orientales, como motivos geom\u00e9tricos, detalles intrincados y t\u00e9cnicas de fabricaci\u00f3n, creando piezas \u00fanicas y distintivas que destacan por su elegancia y sofisticaci\u00f3n.<\/p>\n<h3>Fabrication durable avec des outils con\u00e7us et imprim\u00e9s en 3D<\/h3>\n<p>Dans la fabrication de nos bijoux artisanaux, nous utilisons la technologie des outils de d\u00e9coupe et de poin\u00e7onnage en 3D, qui sont fabriqu\u00e9s de mani\u00e8re durable par nos soins. Ces outils nous permettent d'obtenir des formes pr\u00e9cises et des d\u00e9tails \u00e9labor\u00e9s, garantissant la qualit\u00e9 et l'originalit\u00e9 de chaque pi\u00e8ce de bijouterie. Nous suivons chaque \u00e9tape, de l'id\u00e9e originale esquiss\u00e9e sur papier \u00e0 sa num\u00e9risation, \u00e0 l'impression de l'outil, et \u00e0 la cr\u00e9ation ult\u00e9rieure de nos bijoux en petites quantit\u00e9s. Nous utilisons nos propres palettes de couleurs et respectons le rythme de la production artisanale, pi\u00e8ce par pi\u00e8ce. Notre objectif est de diffuser la beaut\u00e9 de la culture locale et de la rendre accessible \u00e0 ceux qui sont enchant\u00e9s par la r\u00e9gion.<br \/>\n\u00bfQu\u00e9 es entonces una joya? \u00bfUna pieza producida en metal noble? \u00bfEn d\u00f3nde reside el valor de la joya? El valor es su concepci\u00f3n y su efecto en el recuerdo, de quien la fabrica, de qui\u00e9n la recibe y la agrega a su repertorio de \u00abvalores personales\u00bb.<br \/>\nProfitez de nos bijoux sp\u00e9ciaux, l\u00e9gers, agr\u00e9ables au contact de votre peau et toujours originaux.<\/p>\n<\/div><div class=\"fusion-text fusion-text-3 fusion-no-large-visibility\"><h3>Joyer\u00eda artesanal en Espa\u00f1a: Un oficio con historia<\/h3>\n<p>La joyer\u00eda artesanal en Espa\u00f1a tiene una larga tradici\u00f3n que se remonta a tiempos ancestrales. Los artesanos de la regi\u00f3n han sido reconocidos por su habilidad para crear piezas \u00fanicas y exquisitas a mano. A trav\u00e9s de los siglos, han utilizado diferentes t\u00e9cnicas y materiales, desde elementos naturales como conchas y piedras que luego fueron refin\u00e1ndose seg\u00fan el uso de materiales y herramientas espec\u00edficos, influencia de milenarias culturas que fueron poblando la regi\u00f3n e imponiendo su estilo.<\/p>\n<p><strong>Des designs inspir\u00e9s par la M\u00e9diterran\u00e9e et les tendances actuelles.<\/strong><\/p>\n<p>Las joyas de arcilla polim\u00e9rica en Espa\u00f1a son una novedad y siguen las tendencias m\u00e1s actuales al tiempo que incorporan elementos mediterr\u00e1neos distintivos. Estos dise\u00f1os \u00fanicos capturan la esencia del estilo de vida mediterr\u00e1neo, con colores vivos formulados artesanalmente y patrones que evocan la belleza del mar, la monta\u00f1a y la naturaleza pero tambi\u00e9n la exhuberancia de su cultura local relacionadas con la danza, las fiestas y devoci\u00f3n.<\/p>\n<p><strong>Imprim\u00e9s floraux et arabesques : M\u00e9lange de cultures et de r\u00e9miniscences orientales<\/strong><\/p>\n<p>La joyer\u00eda artesanal en Espa\u00f1a refleja la influencia de diferentes culturas que han dejado su huella en la regi\u00f3n a lo largo de los siglos. Los dise\u00f1os de joyas combinan elementos orientales, como motivos geom\u00e9tricos, detalles intrincados y t\u00e9cnicas de fabricaci\u00f3n, creando piezas \u00fanicas y distintivas que destacan por su elegancia y sofisticaci\u00f3n.<\/p>\n<h3>Fabrication durable avec des outils con\u00e7us et imprim\u00e9s en 3D<\/h3>\n<p>Dans la fabrication de nos bijoux artisanaux, nous utilisons la technologie des outils de d\u00e9coupe et de poin\u00e7onnage en 3D, qui sont fabriqu\u00e9s de mani\u00e8re durable par nos soins. Ces outils nous permettent d'obtenir des formes pr\u00e9cises et des d\u00e9tails \u00e9labor\u00e9s, garantissant la qualit\u00e9 et l'originalit\u00e9 de chaque pi\u00e8ce de bijouterie. Nous suivons chaque \u00e9tape, de l'id\u00e9e originale esquiss\u00e9e sur papier \u00e0 sa num\u00e9risation, \u00e0 l'impression de l'outil, et \u00e0 la cr\u00e9ation ult\u00e9rieure de nos bijoux en petites quantit\u00e9s. Nous utilisons nos propres palettes de couleurs et respectons le rythme de la production artisanale, pi\u00e8ce par pi\u00e8ce. Notre objectif est de diffuser la beaut\u00e9 de la culture locale et de la rendre accessible \u00e0 ceux qui sont enchant\u00e9s par la r\u00e9gion.<br \/>\n\u00bfQu\u00e9 es entonces una joya? \u00bfUna pieza producida en metal noble? \u00bfEn d\u00f3nde reside el valor de la joya? El valor es su concepci\u00f3n y su efecto en el recuerdo, de quien la fabrica, de qui\u00e9n la recibe y la agrega a su repertorio de \u00abvalores personales\u00bb.<br \/>\nProfitez de nos bijoux sp\u00e9ciaux, l\u00e9gers, agr\u00e9ables au contact de votre peau et toujours originaux.<\/p>\n<\/div><div class=\"fusion-separator fusion-full-width-sep\" style=\"align-self: center;margin-left: auto;margin-right: auto;margin-top:10px;margin-bottom:10px;width:100%;\"><\/div><div class=\"fusion-title title fusion-title-1 fusion-sep-none fusion-title-text fusion-title-size-three\" style=\"--awb-margin-top-small:0px;--awb-margin-right-small:0px;--awb-margin-bottom-small:20px;--awb-margin-left-small:0px;\"><h3 class=\"fusion-title-heading title-heading-left fusion-responsive-typography-calculated\" style=\"margin:0;--fontSize:18;--minFontSize:18;line-height:1;\">Si vous souhaitez en savoir plus sur nos processus, suivez-nous sur Instagram !<\/h3><\/div><div class=\"fusion-separator fusion-full-width-sep\" style=\"align-self: center;margin-left: auto;margin-right: auto;margin-top:10px;margin-bottom:10px;width:100%;\"><\/div><div class=\"awb-instagram-element instagram-1 layout-grid hover-none buttons-layout-floated buttons-layout-medium-floated buttons-layout-small-floated\" style=\"--awb-column-width:20%;--awb-column-space:10;--awb-md-column-width:25%;--awb-md-column-space:10;--awb-sm-column-width:25%;--awb-sm-column-space:10;--awb-bd-radius: ;--awb-bd-width: 0px;--awb-buttons-alignment:center;\" data-page=\"2\" data-limit=\"5\" data-counter=\"1\" data-lightbox=\"true\" data-link_type=\"post\" data-link_target=\"_blank\" data-lazy=\"none\"><div class=\"instagram-posts\"><\/div><\/div><\/div><\/div><\/div><\/div><\/p>","protected":false},"excerpt":{"rendered":"","protected":false},"author":1,"featured_media":0,"parent":0,"menu_order":0,"comment_status":"closed","ping_status":"closed","template":"100-width.php","meta":{"footnotes":""},"class_list":["post-9400","page","type-page","status-publish","hentry"],"_links":{"self":[{"href":"https:\/\/uyquelindo.com\/fr\/wp-json\/wp\/v2\/pages\/9400","targetHints":{"allow":["GET"]}}],"collection":[{"href":"https:\/\/uyquelindo.com\/fr\/wp-json\/wp\/v2\/pages"}],"about":[{"href":"https:\/\/uyquelindo.com\/fr\/wp-json\/wp\/v2\/types\/page"}],"author":[{"embeddable":true,"href":"https:\/\/uyquelindo.com\/fr\/wp-json\/wp\/v2\/users\/1"}],"replies":[{"embeddable":true,"href":"https:\/\/uyquelindo.com\/fr\/wp-json\/wp\/v2\/comments?post=9400"}],"version-history":[{"count":0,"href":"https:\/\/uyquelindo.com\/fr\/wp-json\/wp\/v2\/pages\/9400\/revisions"}],"wp:attachment":[{"href":"https:\/\/uyquelindo.com\/fr\/wp-json\/wp\/v2\/media?parent=9400"}],"curies":[{"name":"wp","href":"https:\/\/api.w.org\/{rel}","templated":true}]}}