{"id":11463,"date":"2023-11-26T19:48:29","date_gmt":"2023-11-26T18:48:29","guid":{"rendered":"https:\/\/uyquelindo.com\/?post_type=product&#038;p=11463"},"modified":"2026-03-10T11:50:56","modified_gmt":"2026-03-10T10:50:56","slug":"postes-de-pendientes-acero-4mm-chapado-en-oro-24k","status":"publish","type":"product","link":"https:\/\/uyquelindo.com\/fr\/produit\/boucle-doreille-acier-4mm-doree-24k\/","title":{"rendered":"Boucles d'oreilles acier 4mm 24k plaqu\u00e9 or"},"content":{"rendered":"<div class=\"fusion-fullwidth fullwidth-box fusion-builder-row-1 fusion-flex-container nonhundred-percent-fullwidth non-hundred-percent-height-scrolling\" style=\"--awb-border-radius-top-left:0px;--awb-border-radius-top-right:0px;--awb-border-radius-bottom-right:0px;--awb-border-radius-bottom-left:0px;--awb-flex-wrap:wrap;\" ><div class=\"fusion-builder-row fusion-row fusion-flex-align-items-flex-start fusion-flex-content-wrap\" style=\"max-width:1216.8px;margin-left: calc(-4% \/ 2 );margin-right: calc(-4% \/ 2 );\"><div class=\"fusion-layout-column fusion_builder_column fusion-builder-column-0 fusion_builder_column_1_1 1_1 fusion-flex-column\" style=\"--awb-bg-size:cover;--awb-width-large:100%;--awb-margin-top-large:0px;--awb-spacing-right-large:2.56%;--awb-margin-bottom-large:0px;--awb-spacing-left-large:1.92%;--awb-width-medium:100%;--awb-spacing-right-medium:1.92%;--awb-spacing-left-medium:1.92%;--awb-width-small:100%;--awb-spacing-right-small:1.92%;--awb-spacing-left-small:1.92%;\"><div class=\"fusion-column-wrapper fusion-flex-justify-content-flex-start fusion-content-layout-column\"><div class=\"fusion-text fusion-text-1\"><h3>Boucles d'oreilles acier 4mm 24k plaqu\u00e9 or<\/h3>\n<\/div><div class=\"fusion-text fusion-text-2\"><ul>\n<li>Mat\u00e9riau : acier inoxydable 304, plaqu\u00e9 or v\u00e9ritable 24k et hypoallerg\u00e9nique.<\/li>\n<li>Utilisation : base de la pente<\/li>\n<li>Taille : diam\u00e8tre du disque de 4 mm, broche de 0,7 mm<\/li>\n<li>Emballage : 50 pi\u00e8ces<\/li>\n<\/ul>\n<p>\ud83d\udc41\ufe0f\u200d\ud83d\udde8\ufe0f Veuillez noter que de l\u00e9gers \u00e9carts de couleur peuvent survenir en raison des diff\u00e9rents appareils que vous utilisez pour visualiser les images.<\/p>\n<\/div><\/div><\/div><\/div><\/div>","protected":false},"excerpt":{"rendered":"<p>Nos boucles d'oreilles hypoallerg\u00e9niques en acier plaqu\u00e9 or 24k de 4 mm sont vendues par paquets de 50 pi\u00e8ces, offrent une grande r\u00e9sistance \u00e0 l'usure et sont hypoallerg\u00e9niques. Ils sont disponibles en or et en argent, voir la description du produit pour plus de d\u00e9tails.<\/p>","protected":false},"featured_media":11507,"comment_status":"open","ping_status":"closed","template":"","meta":[],"product_brand":[],"product_cat":[592,596],"product_tag":[],"class_list":{"0":"post-11463","1":"product","2":"type-product","3":"status-publish","4":"has-post-thumbnail","6":"product_cat-componentes-de-joyeria","7":"product_cat-postes-de-pendientes","9":"first","10":"instock","11":"sale","12":"taxable","13":"shipping-taxable","14":"purchasable","15":"product-type-simple"},"_links":{"self":[{"href":"https:\/\/uyquelindo.com\/fr\/wp-json\/wp\/v2\/product\/11463","targetHints":{"allow":["GET"]}}],"collection":[{"href":"https:\/\/uyquelindo.com\/fr\/wp-json\/wp\/v2\/product"}],"about":[{"href":"https:\/\/uyquelindo.com\/fr\/wp-json\/wp\/v2\/types\/product"}],"replies":[{"embeddable":true,"href":"https:\/\/uyquelindo.com\/fr\/wp-json\/wp\/v2\/comments?post=11463"}],"wp:featuredmedia":[{"embeddable":true,"href":"https:\/\/uyquelindo.com\/fr\/wp-json\/wp\/v2\/media\/11507"}],"wp:attachment":[{"href":"https:\/\/uyquelindo.com\/fr\/wp-json\/wp\/v2\/media?parent=11463"}],"wp:term":[{"taxonomy":"product_brand","embeddable":true,"href":"https:\/\/uyquelindo.com\/fr\/wp-json\/wp\/v2\/product_brand?post=11463"},{"taxonomy":"product_cat","embeddable":true,"href":"https:\/\/uyquelindo.com\/fr\/wp-json\/wp\/v2\/product_cat?post=11463"},{"taxonomy":"product_tag","embeddable":true,"href":"https:\/\/uyquelindo.com\/fr\/wp-json\/wp\/v2\/product_tag?post=11463"}],"curies":[{"name":"wp","href":"https:\/\/api.w.org\/{rel}","templated":true}]}}