{"id":11467,"date":"2023-11-26T20:31:32","date_gmt":"2023-11-26T19:31:32","guid":{"rendered":"https:\/\/uyquelindo.com\/?post_type=product&#038;p=11467"},"modified":"2026-03-10T11:50:56","modified_gmt":"2026-03-10T10:50:56","slug":"tuercas-de-pendientes-acero-chapado-en-oro-24k","status":"publish","type":"product","link":"https:\/\/uyquelindo.com\/fr\/produit\/ecrous-boucles-doreilles-plaque-or-24k\/","title":{"rendered":"Boucles d'oreilles en acier plaqu\u00e9 or 24K"},"content":{"rendered":"<div class=\"fusion-fullwidth fullwidth-box fusion-builder-row-1 fusion-flex-container nonhundred-percent-fullwidth non-hundred-percent-height-scrolling\" style=\"--awb-border-radius-top-left:0px;--awb-border-radius-top-right:0px;--awb-border-radius-bottom-right:0px;--awb-border-radius-bottom-left:0px;--awb-flex-wrap:wrap;\" ><div class=\"fusion-builder-row fusion-row fusion-flex-align-items-flex-start fusion-flex-content-wrap\" style=\"max-width:1216.8px;margin-left: calc(-4% \/ 2 );margin-right: calc(-4% \/ 2 );\"><div class=\"fusion-layout-column fusion_builder_column fusion-builder-column-0 fusion_builder_column_1_1 1_1 fusion-flex-column\" style=\"--awb-bg-blend:overlay;--awb-bg-size:cover;--awb-width-large:100%;--awb-margin-top-large:0px;--awb-spacing-right-large:2.56%;--awb-margin-bottom-large:0px;--awb-spacing-left-large:1.92%;--awb-width-medium:100%;--awb-spacing-right-medium:1.92%;--awb-spacing-left-medium:1.92%;--awb-width-small:100%;--awb-spacing-right-small:1.92%;--awb-spacing-left-small:1.92%;\"><div class=\"fusion-column-wrapper fusion-flex-justify-content-flex-start fusion-content-layout-column\"><div class=\"fusion-text fusion-text-1\"><h3>Boucles d'oreilles en acier plaqu\u00e9 or 24K<\/h3>\n<\/div><div class=\"fusion-text fusion-text-2\"><ul>\n<li>Mat\u00e9riau : acier inoxydable 304, plaqu\u00e9 or hypoallerg\u00e9nique 24K<\/li>\n<li>Utilisation : Fixation arri\u00e8re avec pente traversante<\/li>\n<li>Taille : 6x4x3 \/ perforation 0,7mm<\/li>\n<li>Emballage : 50 pi\u00e8ces<\/li>\n<\/ul>\n<p>\ud83d\udc41\ufe0f\u200d\ud83d\udde8\ufe0f Veuillez noter que de l\u00e9gers \u00e9carts de couleur peuvent survenir en raison des diff\u00e9rents appareils que vous utilisez pour visualiser les images.<\/p>\n<\/div><\/div><\/div><\/div><\/div>","protected":false},"excerpt":{"rendered":"<p>Nos clous d'oreilles en acier plaqu\u00e9 or 24K sont vendus par paquets de 50 pi\u00e8ces, offrent une grande r\u00e9sistance \u00e0 l'usure et sont hypoallerg\u00e9niques. Ils sont disponibles en or et en argent, voir la description du produit pour plus de d\u00e9tails.<\/p>","protected":false},"featured_media":11524,"comment_status":"open","ping_status":"closed","template":"","meta":[],"product_brand":[],"product_cat":[592,597],"product_tag":[],"class_list":{"0":"post-11467","1":"product","2":"type-product","3":"status-publish","4":"has-post-thumbnail","6":"product_cat-componentes-de-joyeria","7":"product_cat-tuercas-de-pendientes","9":"first","10":"instock","11":"sale","12":"taxable","13":"shipping-taxable","14":"purchasable","15":"product-type-simple"},"_links":{"self":[{"href":"https:\/\/uyquelindo.com\/fr\/wp-json\/wp\/v2\/product\/11467","targetHints":{"allow":["GET"]}}],"collection":[{"href":"https:\/\/uyquelindo.com\/fr\/wp-json\/wp\/v2\/product"}],"about":[{"href":"https:\/\/uyquelindo.com\/fr\/wp-json\/wp\/v2\/types\/product"}],"replies":[{"embeddable":true,"href":"https:\/\/uyquelindo.com\/fr\/wp-json\/wp\/v2\/comments?post=11467"}],"wp:featuredmedia":[{"embeddable":true,"href":"https:\/\/uyquelindo.com\/fr\/wp-json\/wp\/v2\/media\/11524"}],"wp:attachment":[{"href":"https:\/\/uyquelindo.com\/fr\/wp-json\/wp\/v2\/media?parent=11467"}],"wp:term":[{"taxonomy":"product_brand","embeddable":true,"href":"https:\/\/uyquelindo.com\/fr\/wp-json\/wp\/v2\/product_brand?post=11467"},{"taxonomy":"product_cat","embeddable":true,"href":"https:\/\/uyquelindo.com\/fr\/wp-json\/wp\/v2\/product_cat?post=11467"},{"taxonomy":"product_tag","embeddable":true,"href":"https:\/\/uyquelindo.com\/fr\/wp-json\/wp\/v2\/product_tag?post=11467"}],"curies":[{"name":"wp","href":"https:\/\/api.w.org\/{rel}","templated":true}]}}