{"id":11944,"date":"2024-01-04T16:22:59","date_gmt":"2024-01-04T15:22:59","guid":{"rendered":"https:\/\/uyquelindo.com\/?post_type=product&#038;p=11944"},"modified":"2025-12-02T13:17:31","modified_gmt":"2025-12-02T12:17:31","slug":"pegatina-personalizada-de-agradecimiento-por-compra-motivo-herbal","status":"publish","type":"product","link":"https:\/\/uyquelindo.com\/fr\/produit\/autocollant-personnalise-remerciement-pour-lachat\/","title":{"rendered":"Autocollant de remerciement personnalis\u00e9 pour votre achat, Herbal motive"},"content":{"rendered":"<div class=\"fusion-fullwidth fullwidth-box fusion-builder-row-1 fusion-flex-container nonhundred-percent-fullwidth non-hundred-percent-height-scrolling\" style=\"--awb-border-radius-top-left:0px;--awb-border-radius-top-right:0px;--awb-border-radius-bottom-right:0px;--awb-border-radius-bottom-left:0px;--awb-flex-wrap:wrap;\" ><div class=\"fusion-builder-row fusion-row fusion-flex-align-items-flex-start fusion-flex-content-wrap\" style=\"max-width:1216.8px;margin-left: calc(-4% \/ 2 );margin-right: calc(-4% \/ 2 );\"><div class=\"fusion-layout-column fusion_builder_column fusion-builder-column-0 fusion_builder_column_2_3 2_3 fusion-flex-column\" style=\"--awb-bg-size:cover;--awb-width-large:66.666666666667%;--awb-margin-top-large:0px;--awb-spacing-right-large:3.84%;--awb-margin-bottom-large:0px;--awb-spacing-left-large:2.88%;--awb-width-medium:100%;--awb-spacing-right-medium:1.92%;--awb-spacing-left-medium:1.92%;--awb-width-small:100%;--awb-spacing-right-small:1.92%;--awb-spacing-left-small:1.92%;\"><div class=\"fusion-column-wrapper fusion-flex-justify-content-flex-start fusion-content-layout-column\"><div class=\"fusion-text fusion-text-1\"><h3>Autocollant de remerciement personnalis\u00e9 pour votre achat, Noel<\/h3>\n<\/div><div class=\"fusion-text fusion-text-2\"><p>Ce mod\u00e8le vous permet de cr\u00e9er rapidement et facilement des autocollants de remerciement pour votre bijouterie ou votre boutique d'artisanat, de mani\u00e8re coordonn\u00e9e et avec diff\u00e9rentes options :<\/p>\n<p>Taille disponible :<\/p>\n<ul>\n<li>4 cm et 6 cm (1,5 et 2,5 pouces)<\/li>\n<\/ul>\n<p><strong>\u2022 Incluye:<\/strong> Un mod\u00e8le t\u00e9l\u00e9chargeable au format .PDF, .PNG ou .JPG en haute r\u00e9solution (300 dpi) modifiable de mani\u00e8re illimit\u00e9e pour un usage personnel (une seule boutique, si vous avez besoin d'une licence ouverte pour plusieurs boutiques, veuillez nous contacter).<\/p>\n<p><strong>- Variations de couleurs<br \/>\n<\/strong><\/p>\n<ol>\n<li>Fond uni de couleur de base (que vous pouvez modifier \u00e0 votre guise)<\/li>\n<li>Texturas en alta resoluci\u00f3n, de color pleno o simulaci\u00f3n gold foil<\/li>\n<\/ol>\n<p><strong>- Toutes les polices disponibles dans l'application<br \/>\n<\/strong><\/p>\n<p><strong>- Collection d'ic\u00f4nes de m\u00e9dias sociaux et d'\u00e9l\u00e9ments de bijouterie \u00e0 illustrer.<\/strong><\/p>\n<p><strong>- Tous nos mod\u00e8les sont pr\u00e9par\u00e9s professionnellement pour l'impression. <\/strong>Vous pouvez t\u00e9l\u00e9charger votre document individuellement ou en plusieurs exemplaires sur la m\u00eame feuille, avec des marques d'enregistrement et un surplus pour la d\u00e9coupe. Imprimez chez vous ou dans n'importe quelle imprimerie en ligne.<strong><br \/>\n<\/strong><\/p>\n<p><strong>\u2022 <\/strong><strong>Instructions:<\/strong> Disponible en <em><strong>Anglais, espagnol et fran\u00e7ais.<\/strong><\/em><\/p>\n<p>\ud83d\udc97 Nous recommandons l'utilisation de papier ou de film autocollant. Consultez votre fournisseur d'impression pour conna\u00eetre les diff\u00e9rents types de mat\u00e9riaux en fonction de la surface sur laquelle vous allez les coller.<\/p>\n<\/div><\/div><\/div><div class=\"fusion-layout-column fusion_builder_column fusion-builder-column-1 fusion_builder_column_1_3 1_3 fusion-flex-column\" style=\"--awb-bg-size:cover;--awb-width-large:33.333333333333%;--awb-margin-top-large:0px;--awb-spacing-right-large:5.76%;--awb-margin-bottom-large:0px;--awb-spacing-left-large:3.84%;--awb-width-medium:100%;--awb-order-medium:0;--awb-spacing-right-medium:1.92%;--awb-spacing-left-medium:1.92%;--awb-width-small:100%;--awb-order-small:0;--awb-spacing-right-small:1.92%;--awb-spacing-left-small:1.92%;\"><div class=\"fusion-column-wrapper fusion-column-has-shadow fusion-flex-justify-content-flex-start fusion-content-layout-column\"><div ><a class=\"fusion-button button-flat fusion-button-default-size button-default fusion-button-default button-1 fusion-button-default-span\" target=\"_blank\" rel=\"noopener noreferrer\" href=\"https:\/\/www.corjl.com\/d\/2B7DJ4\/w\"><span class=\"fusion-button-icon-divider button-icon-divider-left\"><i class=\"fa-external-link-alt fas awb-button__icon awb-button__icon--default\" aria-hidden=\"true\"><\/i><\/span><span class=\"fusion-button-text awb-button__text awb-button__text--default fusion-button-text-left\">Regardez la DEMO !<\/span><\/a><\/div><div class=\"fusion-separator fusion-full-width-sep\" style=\"align-self: center;margin-left: auto;margin-right: auto;margin-top:20px;margin-bottom:20px;width:100%;\"><\/div><div class=\"fusion-title title fusion-title-1 fusion-sep-none fusion-title-center fusion-title-text fusion-title-size-four\" style=\"--awb-margin-top-small:0px;--awb-margin-right-small:0px;--awb-margin-bottom-small:20px;--awb-margin-left-small:0px;\"><h4 class=\"fusion-title-heading title-heading-center fusion-responsive-typography-calculated\" style=\"margin:0;--fontSize:14;--minFontSize:14;line-height:1.5;\">Que puis-je changer ?<\/h4><\/div><div class=\"fusion-text fusion-text-3\"><ul>\n<li>Modifier, dupliquer, supprimer ou ajouter du texte.<\/li>\n<li>Modifier les polices, la couleur et la taille des polices (vous pouvez utiliser n'importe quelle police fournie dans l'application, vous ne pouvez pas t\u00e9l\u00e9charger de nouvelles polices).<\/li>\n<li>T\u00e9l\u00e9chargez vos propres images, logos, photos.<\/li>\n<li>Changez la couleur de l'arri\u00e8re-plan, supprimez des \u00e9l\u00e9ments ou ajoutez-en de nouveaux.<\/li>\n<li>D\u00e9placer, ajouter, supprimer, faire pivoter, mettre \u00e0 l'\u00e9chelle et modifier tous les \u00e9l\u00e9ments.<\/li>\n<li>Modifier sur n'importe quel ordinateur, mobile ou tablette, bien que nous recommandions l'ordinateur pour des raisons de commodit\u00e9.<\/li>\n<li>Vous ne pouvez pas modifier la taille et l'orientation globales du document, mais vous pouvez demander une personnalisation moyennant un co\u00fbt suppl\u00e9mentaire.<\/li>\n<li>Certains textes ou images peuvent ne pas \u00eatre modifiables afin de pr\u00e9server l'int\u00e9grit\u00e9 et l'intention de nos cr\u00e9ations.<\/li>\n<\/ul>\n<\/div><div class=\"fusion-title title fusion-title-2 fusion-sep-none fusion-title-center fusion-title-text fusion-title-size-four\" style=\"--awb-margin-top-small:0px;--awb-margin-right-small:0px;--awb-margin-bottom-small:20px;--awb-margin-left-small:0px;\"><h4 class=\"fusion-title-heading title-heading-center fusion-responsive-typography-calculated\" style=\"margin:0;--fontSize:14;--minFontSize:14;line-height:1.5;\">Quelle utilisation puis-je faire du mod\u00e8le ?<\/h4><\/div><div class=\"fusion-text fusion-text-4\"><ul>\n<li>Toutes les options comprennent l'utilisation illimit\u00e9e du mod\u00e8le \u00e0 des fins personnelles, c'est-\u00e0-dire exclusivement pour votre marque et son logo, sans limite de versions (mod\u00e8les de diff\u00e9rentes couleurs, avec diff\u00e9rents textes, tant qu'ils sont de votre marque). Les mod\u00e8les dont l'utilisation est diff\u00e9rente de celle pr\u00e9vue par la licence seront d\u00e9sactiv\u00e9s.<\/li>\n<\/ul>\n<\/div><\/div><\/div><div class=\"fusion-layout-column fusion_builder_column fusion-builder-column-2 fusion_builder_column_2_3 2_3 fusion-flex-column\" style=\"--awb-bg-size:cover;--awb-width-large:66.666666666667%;--awb-margin-top-large:0px;--awb-spacing-right-large:2.88%;--awb-margin-bottom-large:0px;--awb-spacing-left-large:2.88%;--awb-width-medium:100%;--awb-order-medium:0;--awb-spacing-right-medium:1.92%;--awb-spacing-left-medium:1.92%;--awb-width-small:100%;--awb-order-small:0;--awb-spacing-right-small:1.92%;--awb-spacing-left-small:1.92%;\"><div class=\"fusion-column-wrapper fusion-column-has-shadow fusion-flex-justify-content-flex-start fusion-content-layout-column\"><div class=\"fusion-reading-box-container reading-box-container-1\" style=\"--awb-title-color:#333333;--awb-margin-top:0px;--awb-margin-bottom:15px;\"><div class=\"reading-box\" style=\"background-color:#f6f6f6;border-width:1px;border-color:#f6f6f6;border-left-width:3px;border-left-color:var(--primary_color);border-style:solid;\"><h2>COMMENT ACHETER ?<\/h2><div class=\"reading-box-additional fusion-reading-box-additional\">\n<p>Voir les onglets ci-dessus pour la proc\u00e9dure. <span style=\"color: #ff6600;\"><strong>Cliquez sur les boutons ou les liens DEMO pour obtenir des d\u00e9tails sur les produits.<\/strong><\/span><\/p>\n<\/div><div class=\"fusion-clearfix\"><\/div><\/div><\/div><div class=\"fusion-reading-box-container reading-box-container-2\" style=\"--awb-title-color:#333333;--awb-margin-top:0px;--awb-margin-bottom:5px;\"><div class=\"reading-box\" style=\"background-color:#f6f6f6;border-width:1px;border-color:#f6f6f6;border-left-width:3px;border-left-color:var(--primary_color);border-style:solid;padding-bottom:15px;\"><h2>Instructions d'utilisation.<\/h2><div class=\"reading-box-additional fusion-reading-box-additional\">\n<p>T\u00e9l\u00e9chargez les instructions d'utilisation<br \/>\n<a href=\"https:\/\/uyquelindo.com\/wp-content\/uploads\/2024\/01\/Instrucciones-completas-para-el-cliente.pdf\" target=\"_blank\" rel=\"noopener\">\ud83c\uddea\ud83c\uddf8 Espagnol<\/a>\u00a0 <a href=\"https:\/\/uyquelindo.com\/wp-content\/uploads\/2024\/01\/Corjl-Customer-Instructions.pdf\" target=\"_blank\" rel=\"noopener\">\ud83c\uddec\ud83c\udde7 Anglais<\/a>\u00a0 <a href=\"https:\/\/uyquelindo.com\/wp-content\/uploads\/2024\/01\/Instructions-completes-pour-les-clients.pdf\" target=\"_blank\" rel=\"noopener\">\ud83c\uddeb\ud83c\uddf7  Fan\u00e7aise<\/a><\/p>\n<p><a href=\"https:\/\/youtu.be\/tH6R53b4dm4?si=YJI22LH7y9LFRSJx\" target=\"_blank\" rel=\"noopener\">\ud83d\udc41\ufe0f\u200d\ud83d\udde8\ufe0f Voir la vid\u00e9o avec las <strong>instructions d'\u00e9dition<\/strong><\/a> (seulement Anglais)<br \/>\n<a href=\"https:\/\/youtu.be\/QBNwJ8V8uUs?si=YgZU0t6SZ-eOYQRV\" target=\"_blank\" rel=\"noopener\">\ud83d\udc41\ufe0f\u200d\ud83d\udde8\ufe0f Regardez la vid\u00e9o sur <strong>l'utilisation de masques sur vos photos<\/strong><\/a> (seulement Anglais)<br \/>\n<a href=\"https:\/\/youtu.be\/0AUmg66BMIY?si=XD2v7vPh-5bI4ZPh\" target=\"_blank\" rel=\"noopener\">\ud83d\udc41\ufe0f\u200d\ud83d\udde8\ufe0f Regardez la vid\u00e9o avec des instructions sur <strong>recadrage dans vos photos<\/strong><\/a> (seulement Anglais)<\/p>\n<\/div><div class=\"fusion-clearfix\"><\/div><\/div><\/div><div class=\"fusion-builder-row fusion-builder-row-inner fusion-row fusion-flex-align-items-flex-start fusion-flex-content-wrap\" style=\"--awb-flex-grow:0;--awb-flex-grow-medium:0;--awb-flex-grow-small:0;--awb-flex-shrink:0;--awb-flex-shrink-medium:0;--awb-flex-shrink-small:0;width:104% !important;max-width:104% !important;margin-left: calc(-4% \/ 2 );margin-right: calc(-4% \/ 2 );\"><div class=\"fusion-layout-column fusion_builder_column_inner fusion-builder-nested-column-0 fusion_builder_column_inner_1_1 1_1 fusion-flex-column\" style=\"--awb-bg-size:cover;--awb-width-large:100%;--awb-margin-top-large:0px;--awb-spacing-right-large:1.92%;--awb-margin-bottom-large:0px;--awb-spacing-left-large:1.92%;--awb-width-medium:100%;--awb-order-medium:0;--awb-spacing-right-medium:1.92%;--awb-spacing-left-medium:1.92%;--awb-width-small:100%;--awb-order-small:0;--awb-spacing-right-small:1.92%;--awb-spacing-left-small:1.92%;\" data-scroll-devices=\"small-visibility,medium-visibility,large-visibility\"><div class=\"fusion-column-wrapper fusion-column-has-shadow fusion-flex-justify-content-flex-start fusion-content-layout-column\"><div class=\"fusion-separator fusion-full-width-sep\" style=\"align-self: center;margin-left: auto;margin-right: auto;margin-top:10px;margin-bottom:20px;width:100%;\"><div class=\"fusion-separator-border sep-single sep-solid\" style=\"--awb-height:20px;--awb-amount:20px;border-color:#e0dede;border-top-width:1px;\"><\/div><\/div><\/div><\/div><div class=\"fusion-layout-column fusion_builder_column_inner fusion-builder-nested-column-1 fusion_builder_column_inner_1_3 1_3 fusion-flex-column\" style=\"--awb-bg-size:cover;--awb-width-large:33.333333333333%;--awb-margin-top-large:0px;--awb-spacing-right-large:5.76%;--awb-margin-bottom-large:0px;--awb-spacing-left-large:5.76%;--awb-width-medium:100%;--awb-order-medium:0;--awb-spacing-right-medium:1.92%;--awb-spacing-left-medium:1.92%;--awb-width-small:100%;--awb-order-small:0;--awb-spacing-right-small:1.92%;--awb-spacing-left-small:1.92%;\"><div class=\"fusion-column-wrapper fusion-column-has-shadow fusion-flex-justify-content-flex-start fusion-content-layout-column\"><div class=\"fusion-image-element\" style=\"text-align:center;--awb-aspect-ratio:1 \/ 1;--awb-object-position:20% 46%;--awb-mask-url: url(https:\/\/uyquelindo.com\/wp-content\/plugins\/fusion-builder\/\/assets\/images\/masks\/mask-10.svg);--awb-max-width:150px;--awb-caption-title-font-family:var(--h2_typography-font-family);--awb-caption-title-font-weight:var(--h2_typography-font-weight);--awb-caption-title-font-style:var(--h2_typography-font-style);--awb-caption-title-size:var(--h2_typography-font-size);--awb-caption-title-transform:var(--h2_typography-text-transform);--awb-caption-title-line-height:var(--h2_typography-line-height);--awb-caption-title-letter-spacing:var(--h2_typography-letter-spacing);\"><div style=\"display:inline-block;width:150px;\"><span class=\"fusion-imageframe imageframe-none imageframe-1 hover-type-none has-mask has-aspect-ratio\"><img decoding=\"async\" width=\"181\" height=\"184\" title=\"herbal node\" src=\"https:\/\/uyquelindo.com\/wp-content\/uploads\/2023\/12\/herbal-node.png\" class=\"img-responsive wp-image-11904 img-with-aspect-ratio\" data-parent-fit=\"cover\" data-parent-container=\".fusion-image-element\" alt srcset=\"https:\/\/uyquelindo.com\/wp-content\/uploads\/2023\/12\/herbal-node-12x12.png 12w, https:\/\/uyquelindo.com\/wp-content\/uploads\/2023\/12\/herbal-node-66x66.png 66w, https:\/\/uyquelindo.com\/wp-content\/uploads\/2023\/12\/herbal-node.png 181w\" sizes=\"(max-width: 181px) 100vw, 181px\" \/><\/span><\/div><\/div><\/div><\/div><div class=\"fusion-layout-column fusion_builder_column_inner fusion-builder-nested-column-2 fusion_builder_column_inner_2_3 2_3 fusion-flex-column\" style=\"--awb-bg-size:cover;--awb-width-large:66.666666666667%;--awb-margin-top-large:0px;--awb-spacing-right-large:2.88%;--awb-margin-bottom-large:0px;--awb-spacing-left-large:2.88%;--awb-width-medium:100%;--awb-order-medium:0;--awb-spacing-right-medium:1.92%;--awb-spacing-left-medium:1.92%;--awb-width-small:100%;--awb-order-small:0;--awb-spacing-right-small:1.92%;--awb-spacing-left-small:1.92%;\"><div class=\"fusion-column-wrapper fusion-column-has-shadow fusion-flex-justify-content-flex-start fusion-content-layout-column\"><div class=\"fusion-text fusion-text-5\" style=\"--awb-content-alignment:left;\"><p>Visitez les mod\u00e8les de<br \/>\n<a href=\"https:\/\/uyquelindo.com\/fr\/categoria-producto\/cortadores-de-arcilla-polimerica\/branding-para-joyeria-artesanal\/coleccion-herbal\/\">COLECCION HERBAL<\/a><\/p>\n<\/div><\/div><\/div><\/div><\/div><\/div>\n<\/div><\/div>","protected":false},"excerpt":{"rendered":"<p>Da un toque especial a tus expresiones de gratitud con nuestra pegatina personalizada de agradecimiento por compra. Ahora, puedes a\u00f1adir de manera r\u00e1pida y visualmente armoniosa un saludo festivo \u00fanico. Edita f\u00e1cilmente la informaci\u00f3n, el logo y los colores de tu marca en l\u00ednea, e incluso incorpora tus propias im\u00e1genes. Combina esta hermosa tarjeta con otras piezas coordinadas como etiquetas, papeles de seda y pegatinas para crear una presentaci\u00f3n encantadora.\u00bb<\/p>\n<p>\ud83d\udc49\u00a0<a href=\"https:\/\/www.corjl.com\/d\/2B7DJ4\/w\" target=\"_blank\" rel=\"noopener\"><strong>Essayez la d\u00e9mo en cliquant ici<\/strong><\/a> \ud83d\udc48<\/p>","protected":false},"featured_media":11952,"comment_status":"open","ping_status":"closed","template":"","meta":[],"product_brand":[],"product_cat":[567,616,569],"product_tag":[565,608,591,607],"class_list":{"0":"post-11944","1":"product","2":"type-product","3":"status-publish","4":"has-post-thumbnail","6":"product_cat-branding-para-joyeria-artesanal","7":"product_cat-coleccion-herbal","8":"product_cat-etiquetas-de-envio-personalizadas","9":"product_tag-estuche-joyeria","10":"product_tag-pegatina","11":"product_tag-plantilla-editable","12":"product_tag-sticker","14":"first","15":"outofstock","16":"virtual","17":"taxable","18":"purchasable","19":"product-type-simple"},"_links":{"self":[{"href":"https:\/\/uyquelindo.com\/fr\/wp-json\/wp\/v2\/product\/11944","targetHints":{"allow":["GET"]}}],"collection":[{"href":"https:\/\/uyquelindo.com\/fr\/wp-json\/wp\/v2\/product"}],"about":[{"href":"https:\/\/uyquelindo.com\/fr\/wp-json\/wp\/v2\/types\/product"}],"replies":[{"embeddable":true,"href":"https:\/\/uyquelindo.com\/fr\/wp-json\/wp\/v2\/comments?post=11944"}],"wp:featuredmedia":[{"embeddable":true,"href":"https:\/\/uyquelindo.com\/fr\/wp-json\/wp\/v2\/media\/11952"}],"wp:attachment":[{"href":"https:\/\/uyquelindo.com\/fr\/wp-json\/wp\/v2\/media?parent=11944"}],"wp:term":[{"taxonomy":"product_brand","embeddable":true,"href":"https:\/\/uyquelindo.com\/fr\/wp-json\/wp\/v2\/product_brand?post=11944"},{"taxonomy":"product_cat","embeddable":true,"href":"https:\/\/uyquelindo.com\/fr\/wp-json\/wp\/v2\/product_cat?post=11944"},{"taxonomy":"product_tag","embeddable":true,"href":"https:\/\/uyquelindo.com\/fr\/wp-json\/wp\/v2\/product_tag?post=11944"}],"curies":[{"name":"wp","href":"https:\/\/api.w.org\/{rel}","templated":true}]}}