{"id":11964,"date":"2024-01-07T16:28:45","date_gmt":"2024-01-07T15:28:45","guid":{"rendered":"https:\/\/uyquelindo.com\/?post_type=product&#038;p=11964"},"modified":"2025-12-02T13:17:25","modified_gmt":"2025-12-02T12:17:25","slug":"plantilla-para-caja-de-joyeria-personalizada-motivo-herbal","status":"publish","type":"product","link":"https:\/\/uyquelindo.com\/fr\/produit\/modele-boite-a-bijoux-modifiable\/","title":{"rendered":"Mod\u00e8le de bo\u00eete \u00e0 bijoux personnalis\u00e9e, motif Herbal"},"content":{"rendered":"<div class=\"fusion-fullwidth fullwidth-box fusion-builder-row-1 fusion-flex-container nonhundred-percent-fullwidth non-hundred-percent-height-scrolling\" style=\"--awb-border-radius-top-left:0px;--awb-border-radius-top-right:0px;--awb-border-radius-bottom-right:0px;--awb-border-radius-bottom-left:0px;--awb-flex-wrap:wrap;\" ><div class=\"fusion-builder-row fusion-row fusion-flex-align-items-flex-start fusion-flex-content-wrap\" style=\"max-width:1216.8px;margin-left: calc(-4% \/ 2 );margin-right: calc(-4% \/ 2 );\"><div class=\"fusion-layout-column fusion_builder_column fusion-builder-column-0 fusion_builder_column_2_3 2_3 fusion-flex-column\" style=\"--awb-bg-size:cover;--awb-width-large:66.666666666667%;--awb-margin-top-large:0px;--awb-spacing-right-large:3.84%;--awb-margin-bottom-large:0px;--awb-spacing-left-large:2.88%;--awb-width-medium:100%;--awb-spacing-right-medium:1.92%;--awb-spacing-left-medium:1.92%;--awb-width-small:100%;--awb-spacing-right-small:1.92%;--awb-spacing-left-small:1.92%;\"><div class=\"fusion-column-wrapper fusion-flex-justify-content-flex-start fusion-content-layout-column\"><div class=\"fusion-text fusion-text-1\"><h3>Mod\u00e8le de bo\u00eete \u00e0 bijoux personnalis\u00e9e, motif Herbal<\/h3>\n<\/div><div class=\"fusion-text fusion-text-2\"><p>Ce mod\u00e8le de bo\u00eete \u00e0 bijoux personnalis\u00e9e vous permet de cr\u00e9er rapidement votre propre emballage de bijoux personnalis\u00e9 pour votre boutique, de mani\u00e8re coordonn\u00e9e et avec un nombre illimit\u00e9 d'options de couleurs et de combinaisons de motifs :<\/p>\n<p>Taille disponible :<\/p>\n<ul>\n<li>8\u00d710,5 cm (approx. 3.14 x 4.13 pouces) ferm\u00e9.<\/li>\n<li>Nous avons inclus des options pr\u00e9con\u00e7ues sur diff\u00e9rentes pages du mod\u00e8le qui ne montrent que quelques-unes des possibilit\u00e9s et des combinaisons.<\/li>\n<li>Cette belle bo\u00eete est coordonn\u00e9e avec d'autres pi\u00e8ces de la collection HERBAL (vous y trouverez des autocollants, des cartes de remerciement, du papier de soie et bien d'autres choses encore pour compl\u00e9ter le look).<\/li>\n<\/ul>\n<p><strong>INCLUT :<\/strong><\/p>\n<p><strong>\u2022<\/strong> Un mod\u00e8le \u00e9ditable et t\u00e9l\u00e9chargeable au format .PDF, .PNG ou .JPG en haute r\u00e9solution (300 dpi). <strong>avec le fichier SVG d\u00e9coup\u00e9<\/strong>, que vous pouvez adapter \u00e0 votre traceur. Vous pouvez cr\u00e9er de nouvelles versions de votre original, les modifier et les sauvegarder.<strong><br \/>\n<\/strong><\/p>\n<ol>\n<li>Utilisation de fonds de couleur unie (que vous pouvez modifier \u00e0 votre guise en utilisant une autre palette que vous pouvez sauvegarder ou en reprenant les couleurs de votre logo \u00e0 l'aide de l'outil pipette).<\/li>\n<li>Ajout de textures que vous pouvez colorer, simuler des feuilles d'or ou des feuilles d'or rose, le tout en haute r\u00e9solution.<\/li>\n<\/ol>\n<p><strong>- Toutes les polices de caract\u00e8re <\/strong>disponible dans l'application<strong><br \/>\n<\/strong><\/p>\n<p><strong>\u2022 <\/strong>Une collection de <strong>ic\u00f4nes de m\u00e9dias sociaux et \u00e9l\u00e9ments de bijouterie <\/strong>pour illustrer<\/p>\n<p><strong>- Une palette <\/strong>proposition de sch\u00e9ma de couleurs<strong><br \/>\n<\/strong><\/p>\n<p><strong>- Tous nos mod\u00e8les sont pr\u00e9par\u00e9s professionnellement pour l'impression. <\/strong>Vous pouvez t\u00e9l\u00e9charger votre document individuellement ou en plusieurs exemplaires sur la m\u00eame feuille, avec des marques d'enregistrement et un surplus pour la d\u00e9coupe. Imprimez chez vous ou dans n'importe quelle imprimerie en ligne et d\u00e9coupez avec votre plotter.<br \/>\n<strong>- Votre mod\u00e8le est modifiable \u00e0 volont\u00e9 pour un usage personnel. <\/strong>(une seule boutique, si vous avez besoin d'une licence ouverte pour plusieurs boutiques, veuillez nous contacter)<br \/>\n<strong>- Les instructions :<\/strong> Disponible en <em><strong>Anglais, espagnol et fran\u00e7ais.<br \/>\n<\/strong><\/em><\/p>\n<p>Nous recommandons l'utilisation d'un papier ou d'un carton sp\u00e9cial de 300 \u00e0 350 gr.<\/p>\n<\/div><\/div><\/div><div class=\"fusion-layout-column fusion_builder_column fusion-builder-column-1 fusion_builder_column_1_3 1_3 fusion-flex-column\" style=\"--awb-bg-size:cover;--awb-width-large:33.333333333333%;--awb-margin-top-large:0px;--awb-spacing-right-large:5.76%;--awb-margin-bottom-large:0px;--awb-spacing-left-large:3.84%;--awb-width-medium:100%;--awb-order-medium:0;--awb-spacing-right-medium:1.92%;--awb-spacing-left-medium:1.92%;--awb-width-small:100%;--awb-order-small:0;--awb-spacing-right-small:1.92%;--awb-spacing-left-small:1.92%;\"><div class=\"fusion-column-wrapper fusion-column-has-shadow fusion-flex-justify-content-flex-start fusion-content-layout-column\"><div ><a class=\"fusion-button button-flat fusion-button-default-size button-default fusion-button-default button-1 fusion-button-default-span\" target=\"_blank\" rel=\"noopener noreferrer\" href=\"https:\/\/www.corjl.com\/d\/9D044\/w\"><span class=\"fusion-button-icon-divider button-icon-divider-left\"><i class=\"fa-external-link-alt fas awb-button__icon awb-button__icon--default\" aria-hidden=\"true\"><\/i><\/span><span class=\"fusion-button-text awb-button__text awb-button__text--default fusion-button-text-left\">Regardez la DEMO !<\/span><\/a><\/div><div class=\"fusion-separator fusion-full-width-sep\" style=\"align-self: center;margin-left: auto;margin-right: auto;margin-top:20px;margin-bottom:20px;width:100%;\"><\/div><div class=\"fusion-title title fusion-title-1 fusion-sep-none fusion-title-center fusion-title-text fusion-title-size-four\" style=\"--awb-margin-top-small:0px;--awb-margin-right-small:0px;--awb-margin-bottom-small:20px;--awb-margin-left-small:0px;\"><h4 class=\"fusion-title-heading title-heading-center fusion-responsive-typography-calculated\" style=\"margin:0;--fontSize:14;--minFontSize:14;line-height:1.5;\">Que puis-je changer ?<\/h4><\/div><div class=\"fusion-text fusion-text-3\"><ul>\n<li>Modifier, dupliquer, supprimer ou ajouter du texte.<\/li>\n<li>Modifier les polices, la couleur et la taille des polices (vous pouvez utiliser n'importe quelle police fournie dans l'application, vous ne pouvez pas t\u00e9l\u00e9charger de nouvelles polices).<\/li>\n<li>T\u00e9l\u00e9chargez vos propres images, logos, photos.<\/li>\n<li>Changez la couleur de l'arri\u00e8re-plan, supprimez des \u00e9l\u00e9ments ou ajoutez-en de nouveaux.<\/li>\n<li>D\u00e9placer, ajouter, supprimer, faire pivoter, mettre \u00e0 l'\u00e9chelle et modifier tous les \u00e9l\u00e9ments.<\/li>\n<li>Modifier sur n'importe quel ordinateur, mobile ou tablette, bien que nous recommandions l'ordinateur pour des raisons de commodit\u00e9.<\/li>\n<li>Vous ne pouvez pas modifier la taille et l'orientation globales du document, mais vous pouvez demander une personnalisation moyennant un co\u00fbt suppl\u00e9mentaire.<\/li>\n<li>Certains textes ou images peuvent ne pas \u00eatre modifiables afin de pr\u00e9server l'int\u00e9grit\u00e9 et l'intention de nos cr\u00e9ations.<\/li>\n<\/ul>\n<\/div><div class=\"fusion-title title fusion-title-2 fusion-sep-none fusion-title-center fusion-title-text fusion-title-size-four\" style=\"--awb-margin-top-small:0px;--awb-margin-right-small:0px;--awb-margin-bottom-small:20px;--awb-margin-left-small:0px;\"><h4 class=\"fusion-title-heading title-heading-center fusion-responsive-typography-calculated\" style=\"margin:0;--fontSize:14;--minFontSize:14;line-height:1.5;\">Quelle utilisation puis-je faire du mod\u00e8le ?<\/h4><\/div><div class=\"fusion-text fusion-text-4\"><ul>\n<li>Toutes les options comprennent l'utilisation illimit\u00e9e du mod\u00e8le \u00e0 des fins personnelles, c'est-\u00e0-dire exclusivement pour votre marque et votre logo, sans limite de versions (bo\u00eetes de couleurs diff\u00e9rentes, avec des textes diff\u00e9rents, pour autant qu'ils soient de votre marque). Les mod\u00e8les dont l'utilisation est diff\u00e9rente de celle pr\u00e9vue par la licence seront d\u00e9sactiv\u00e9s.<\/li>\n<\/ul>\n<\/div><\/div><\/div><div class=\"fusion-layout-column fusion_builder_column fusion-builder-column-2 fusion_builder_column_2_3 2_3 fusion-flex-column\" style=\"--awb-bg-size:cover;--awb-width-large:66.666666666667%;--awb-margin-top-large:0px;--awb-spacing-right-large:2.88%;--awb-margin-bottom-large:0px;--awb-spacing-left-large:2.88%;--awb-width-medium:100%;--awb-order-medium:0;--awb-spacing-right-medium:1.92%;--awb-spacing-left-medium:1.92%;--awb-width-small:100%;--awb-order-small:0;--awb-spacing-right-small:1.92%;--awb-spacing-left-small:1.92%;\"><div class=\"fusion-column-wrapper fusion-column-has-shadow fusion-flex-justify-content-flex-start fusion-content-layout-column\"><div class=\"fusion-reading-box-container reading-box-container-1\" style=\"--awb-title-color:#333333;--awb-margin-top:0px;--awb-margin-bottom:15px;\"><div class=\"reading-box\" style=\"background-color:#f6f6f6;border-width:1px;border-color:#f6f6f6;border-left-width:3px;border-left-color:var(--primary_color);border-style:solid;\"><h2>COMMENT ACHETER ?<\/h2><div class=\"reading-box-additional fusion-reading-box-additional\">\n<p>Voir les onglets ci-dessus pour la proc\u00e9dure. <span style=\"color: #ff6600;\"><strong>Cliquez sur les boutons ou les liens DEMO pour obtenir des d\u00e9tails sur les produits.<\/strong><\/span><\/p>\n<\/div><div class=\"fusion-clearfix\"><\/div><\/div><\/div><div class=\"fusion-reading-box-container reading-box-container-2\" style=\"--awb-title-color:#333333;--awb-margin-top:0px;--awb-margin-bottom:5px;\"><div class=\"reading-box\" style=\"background-color:#f6f6f6;border-width:1px;border-color:#f6f6f6;border-left-width:3px;border-left-color:var(--primary_color);border-style:solid;padding-bottom:15px;\"><h2>Instructions d'utilisation.<\/h2><div class=\"reading-box-additional fusion-reading-box-additional\">\n<p>T\u00e9l\u00e9chargez les instructions d'utilisation<br \/>\n<a href=\"https:\/\/uyquelindo.com\/wp-content\/uploads\/2024\/01\/Instrucciones-completas-para-el-cliente.pdf\" target=\"_blank\" rel=\"noopener\">\ud83c\uddea\ud83c\uddf8 Espagnol<\/a>\u00a0 <a href=\"https:\/\/uyquelindo.com\/wp-content\/uploads\/2024\/01\/Corjl-Customer-Instructions.pdf\" target=\"_blank\" rel=\"noopener\">\ud83c\uddec\ud83c\udde7 Anglais<\/a>\u00a0 <a href=\"https:\/\/uyquelindo.com\/wp-content\/uploads\/2024\/01\/Instructions-completes-pour-les-clients.pdf\" target=\"_blank\" rel=\"noopener\">\ud83c\uddeb\ud83c\uddf7  Fan\u00e7aise<\/a><\/p>\n<p><a href=\"https:\/\/youtu.be\/tH6R53b4dm4?si=YJI22LH7y9LFRSJx\" target=\"_blank\" rel=\"noopener\">\ud83d\udc41\ufe0f\u200d\ud83d\udde8\ufe0f Voir la vid\u00e9o avec las <strong>instructions d'\u00e9dition<\/strong><\/a> (seulement Anglais)<br \/>\n<a href=\"https:\/\/youtu.be\/QBNwJ8V8uUs?si=YgZU0t6SZ-eOYQRV\" target=\"_blank\" rel=\"noopener\">\ud83d\udc41\ufe0f\u200d\ud83d\udde8\ufe0f Regardez la vid\u00e9o sur <strong>l'utilisation de masques sur vos photos<\/strong><\/a> (seulement Anglais)<br \/>\n<a href=\"https:\/\/youtu.be\/0AUmg66BMIY?si=XD2v7vPh-5bI4ZPh\" target=\"_blank\" rel=\"noopener\">\ud83d\udc41\ufe0f\u200d\ud83d\udde8\ufe0f Regardez la vid\u00e9o avec des instructions sur <strong>recadrage dans vos photos<\/strong><\/a> (seulement Anglais)<\/p>\n<\/div><div class=\"fusion-clearfix\"><\/div><\/div><\/div><div class=\"fusion-builder-row fusion-builder-row-inner fusion-row fusion-flex-align-items-flex-start fusion-flex-content-wrap\" style=\"--awb-flex-grow:0;--awb-flex-grow-medium:0;--awb-flex-grow-small:0;--awb-flex-shrink:0;--awb-flex-shrink-medium:0;--awb-flex-shrink-small:0;width:104% !important;max-width:104% !important;margin-left: calc(-4% \/ 2 );margin-right: calc(-4% \/ 2 );\"><div class=\"fusion-layout-column fusion_builder_column_inner fusion-builder-nested-column-0 fusion_builder_column_inner_1_1 1_1 fusion-flex-column\" style=\"--awb-bg-size:cover;--awb-width-large:100%;--awb-margin-top-large:0px;--awb-spacing-right-large:1.92%;--awb-margin-bottom-large:0px;--awb-spacing-left-large:1.92%;--awb-width-medium:100%;--awb-order-medium:0;--awb-spacing-right-medium:1.92%;--awb-spacing-left-medium:1.92%;--awb-width-small:100%;--awb-order-small:0;--awb-spacing-right-small:1.92%;--awb-spacing-left-small:1.92%;\" data-scroll-devices=\"small-visibility,medium-visibility,large-visibility\"><div class=\"fusion-column-wrapper fusion-column-has-shadow fusion-flex-justify-content-flex-start fusion-content-layout-column\"><div class=\"fusion-separator fusion-full-width-sep\" style=\"align-self: center;margin-left: auto;margin-right: auto;margin-top:10px;margin-bottom:20px;width:100%;\"><div class=\"fusion-separator-border sep-single sep-solid\" style=\"--awb-height:20px;--awb-amount:20px;border-color:#e0dede;border-top-width:1px;\"><\/div><\/div><\/div><\/div><div class=\"fusion-layout-column fusion_builder_column_inner fusion-builder-nested-column-1 fusion_builder_column_inner_1_3 1_3 fusion-flex-column\" style=\"--awb-bg-size:cover;--awb-width-large:33.333333333333%;--awb-margin-top-large:0px;--awb-spacing-right-large:5.76%;--awb-margin-bottom-large:0px;--awb-spacing-left-large:5.76%;--awb-width-medium:100%;--awb-order-medium:0;--awb-spacing-right-medium:1.92%;--awb-spacing-left-medium:1.92%;--awb-width-small:100%;--awb-order-small:0;--awb-spacing-right-small:1.92%;--awb-spacing-left-small:1.92%;\"><div class=\"fusion-column-wrapper fusion-column-has-shadow fusion-flex-justify-content-flex-start fusion-content-layout-column\"><div class=\"fusion-image-element\" style=\"text-align:center;--awb-aspect-ratio:1 \/ 1;--awb-object-position:20% 46%;--awb-mask-url: url(https:\/\/uyquelindo.com\/wp-content\/plugins\/fusion-builder\/\/assets\/images\/masks\/mask-10.svg);--awb-max-width:150px;--awb-caption-title-font-family:var(--h2_typography-font-family);--awb-caption-title-font-weight:var(--h2_typography-font-weight);--awb-caption-title-font-style:var(--h2_typography-font-style);--awb-caption-title-size:var(--h2_typography-font-size);--awb-caption-title-transform:var(--h2_typography-text-transform);--awb-caption-title-line-height:var(--h2_typography-line-height);--awb-caption-title-letter-spacing:var(--h2_typography-letter-spacing);\"><div style=\"display:inline-block;width:150px;\"><span class=\"fusion-imageframe imageframe-none imageframe-1 hover-type-none has-mask has-aspect-ratio\"><img decoding=\"async\" width=\"181\" height=\"184\" title=\"herbal node\" src=\"https:\/\/uyquelindo.com\/wp-content\/uploads\/2023\/12\/herbal-node.png\" class=\"img-responsive wp-image-11904 img-with-aspect-ratio\" data-parent-fit=\"cover\" data-parent-container=\".fusion-image-element\" alt srcset=\"https:\/\/uyquelindo.com\/wp-content\/uploads\/2023\/12\/herbal-node-12x12.png 12w, https:\/\/uyquelindo.com\/wp-content\/uploads\/2023\/12\/herbal-node-66x66.png 66w, https:\/\/uyquelindo.com\/wp-content\/uploads\/2023\/12\/herbal-node.png 181w\" sizes=\"(max-width: 181px) 100vw, 181px\" \/><\/span><\/div><\/div><\/div><\/div><div class=\"fusion-layout-column fusion_builder_column_inner fusion-builder-nested-column-2 fusion_builder_column_inner_2_3 2_3 fusion-flex-column\" style=\"--awb-bg-size:cover;--awb-width-large:66.666666666667%;--awb-margin-top-large:0px;--awb-spacing-right-large:2.88%;--awb-margin-bottom-large:0px;--awb-spacing-left-large:2.88%;--awb-width-medium:100%;--awb-order-medium:0;--awb-spacing-right-medium:1.92%;--awb-spacing-left-medium:1.92%;--awb-width-small:100%;--awb-order-small:0;--awb-spacing-right-small:1.92%;--awb-spacing-left-small:1.92%;\"><div class=\"fusion-column-wrapper fusion-column-has-shadow fusion-flex-justify-content-flex-start fusion-content-layout-column\"><div class=\"fusion-text fusion-text-5\" style=\"--awb-content-alignment:left;\"><p>Visitez les mod\u00e8les de<br \/>\n<a href=\"https:\/\/uyquelindo.com\/fr\/categoria-producto\/cortadores-de-arcilla-polimerica\/branding-para-joyeria-artesanal\/coleccion-herbal\/\">COLECCION HERBAL<\/a><\/p>\n<\/div><\/div><\/div><\/div><\/div><\/div>\n<\/div><\/div>","protected":false},"excerpt":{"rendered":"<p>Notre mod\u00e8le de bo\u00eete \u00e0 bijoux personnalis\u00e9e est tr\u00e8s pratique pour emballer et pr\u00e9senter vos boucles d'oreilles, colliers et autres bijoux que vous fabriquez. Modifiez en ligne les informations relatives \u00e0 votre marque, votre logo et vos couleurs. Ajoutez des perforations si n\u00e9cessaire et combinez cette belle bo\u00eete avec d'autres \u00e9l\u00e9ments coordonn\u00e9s tels que des \u00e9tiquettes, des cartes de remerciement et des autocollants.<\/p>\n<p>\ud83d\udc49\u00a0<a href=\"https:\/\/www.corjl.com\/d\/9D044\/w\" target=\"_blank\" rel=\"noopener\"><strong>Essayez la d\u00e9mo en cliquant ici<\/strong><\/a> \ud83d\udc48<\/p>","protected":false},"featured_media":11970,"comment_status":"open","ping_status":"closed","template":"","meta":[],"product_brand":[],"product_cat":[567,570,616],"product_tag":[564,566,565,591],"class_list":{"0":"post-11964","1":"product","2":"type-product","3":"status-publish","4":"has-post-thumbnail","6":"product_cat-branding-para-joyeria-artesanal","7":"product_cat-cajas-para-joyeria-personalizadas","8":"product_cat-coleccion-herbal","9":"product_tag-caja-exhibidora","10":"product_tag-caja-personalizada-pequena","11":"product_tag-estuche-joyeria","12":"product_tag-plantilla-editable","14":"first","15":"outofstock","16":"virtual","17":"taxable","18":"purchasable","19":"product-type-simple"},"_links":{"self":[{"href":"https:\/\/uyquelindo.com\/fr\/wp-json\/wp\/v2\/product\/11964","targetHints":{"allow":["GET"]}}],"collection":[{"href":"https:\/\/uyquelindo.com\/fr\/wp-json\/wp\/v2\/product"}],"about":[{"href":"https:\/\/uyquelindo.com\/fr\/wp-json\/wp\/v2\/types\/product"}],"replies":[{"embeddable":true,"href":"https:\/\/uyquelindo.com\/fr\/wp-json\/wp\/v2\/comments?post=11964"}],"wp:featuredmedia":[{"embeddable":true,"href":"https:\/\/uyquelindo.com\/fr\/wp-json\/wp\/v2\/media\/11970"}],"wp:attachment":[{"href":"https:\/\/uyquelindo.com\/fr\/wp-json\/wp\/v2\/media?parent=11964"}],"wp:term":[{"taxonomy":"product_brand","embeddable":true,"href":"https:\/\/uyquelindo.com\/fr\/wp-json\/wp\/v2\/product_brand?post=11964"},{"taxonomy":"product_cat","embeddable":true,"href":"https:\/\/uyquelindo.com\/fr\/wp-json\/wp\/v2\/product_cat?post=11964"},{"taxonomy":"product_tag","embeddable":true,"href":"https:\/\/uyquelindo.com\/fr\/wp-json\/wp\/v2\/product_tag?post=11964"}],"curies":[{"name":"wp","href":"https:\/\/api.w.org\/{rel}","templated":true}]}}