{"id":13404,"date":"2024-05-13T18:19:59","date_gmt":"2024-05-13T16:19:59","guid":{"rendered":"https:\/\/uyquelindo.com\/?post_type=product&#038;p=13404"},"modified":"2026-01-12T13:08:38","modified_gmt":"2026-01-12T12:08:38","slug":"anillo-de-salto-acero-chapado-en-oro-8-x-0-8-mm-abierto-304-stainless-steel-24k-50pcs","status":"publish","type":"product","link":"https:\/\/uyquelindo.com\/fr\/produit\/anneau-saut-acier-plaque-or-8x8mm\/","title":{"rendered":"Anneau de saut en acier plaqu\u00e9 or 8 x 0.8 mm, ouvert, Acier inoxydable 304, 24k, 50pcs"},"content":{"rendered":"<div class=\"fusion-fullwidth fullwidth-box fusion-builder-row-1 fusion-flex-container nonhundred-percent-fullwidth non-hundred-percent-height-scrolling\" style=\"--awb-border-radius-top-left:0px;--awb-border-radius-top-right:0px;--awb-border-radius-bottom-right:0px;--awb-border-radius-bottom-left:0px;--awb-flex-wrap:wrap;\" ><div class=\"fusion-builder-row fusion-row fusion-flex-align-items-flex-start fusion-flex-content-wrap\" style=\"max-width:1216.8px;margin-left: calc(-4% \/ 2 );margin-right: calc(-4% \/ 2 );\"><div class=\"fusion-layout-column fusion_builder_column fusion-builder-column-0 fusion_builder_column_1_1 1_1 fusion-flex-column\" style=\"--awb-bg-size:cover;--awb-width-large:100%;--awb-margin-top-large:0px;--awb-spacing-right-large:2.56%;--awb-margin-bottom-large:0px;--awb-spacing-left-large:1.92%;--awb-width-medium:100%;--awb-spacing-right-medium:1.92%;--awb-spacing-left-medium:1.92%;--awb-width-small:100%;--awb-spacing-right-small:1.92%;--awb-spacing-left-small:1.92%;\"><div class=\"fusion-column-wrapper fusion-flex-justify-content-flex-start fusion-content-layout-column\"><div class=\"fusion-text fusion-text-1\"><h3>Anneau de saut en acier plaqu\u00e9 or 8 x 0.8 mm, ouvert, Acier inoxydable 304, 24k, 50pcs<\/h3>\n<\/div><div class=\"fusion-text fusion-text-2\"><ul>\n<li>Mat\u00e9riau : acier inoxydable 304, plaqu\u00e9 or v\u00e9ritable 24k.<\/li>\n<li>Utilisation : anneaux ouverts pour les joints<\/li>\n<li>Jauge : 20 \/ 8 x 0,80 mm \/ diam\u00e8tre int\u00e9rieur 6,5 mm<\/li>\n<li>Emballage : 50 pi\u00e8ces<\/li>\n<\/ul>\n<p>\ud83d\udc41\ufe0f\u200d\ud83d\udde8\ufe0f Veuillez noter que de l\u00e9gers \u00e9carts de couleur peuvent survenir en raison des diff\u00e9rents appareils que vous utilisez pour visualiser les images.<\/p>\n<\/div><\/div><\/div><\/div><\/div>","protected":false},"excerpt":{"rendered":"<p>Nos anneaux de saut en acier plaqu\u00e9 or 8 x 0,8 mm, ouverts en acier inoxydable 304, 24k, sont livr\u00e9s en paquets de 50 pi\u00e8ces, sont fabriqu\u00e9s de mani\u00e8re coh\u00e9rente, offrent une grande r\u00e9sistance tout en conservant leur forme, et ont des coupes claires aux extr\u00e9mit\u00e9s pour une meilleure finition des joints. Ils sont disponibles en or et en argent, voir la description du produit pour plus de d\u00e9tails.<\/p>","protected":false},"featured_media":13461,"comment_status":"open","ping_status":"closed","template":"","meta":[],"product_brand":[],"product_cat":[593,592],"product_tag":[],"class_list":{"0":"post-13404","1":"product","2":"type-product","3":"status-publish","4":"has-post-thumbnail","6":"product_cat-anillos-de-salto","7":"product_cat-componentes-de-joyeria","9":"first","10":"instock","11":"sale","12":"taxable","13":"shipping-taxable","14":"purchasable","15":"product-type-simple"},"_links":{"self":[{"href":"https:\/\/uyquelindo.com\/fr\/wp-json\/wp\/v2\/product\/13404","targetHints":{"allow":["GET"]}}],"collection":[{"href":"https:\/\/uyquelindo.com\/fr\/wp-json\/wp\/v2\/product"}],"about":[{"href":"https:\/\/uyquelindo.com\/fr\/wp-json\/wp\/v2\/types\/product"}],"replies":[{"embeddable":true,"href":"https:\/\/uyquelindo.com\/fr\/wp-json\/wp\/v2\/comments?post=13404"}],"wp:featuredmedia":[{"embeddable":true,"href":"https:\/\/uyquelindo.com\/fr\/wp-json\/wp\/v2\/media\/13461"}],"wp:attachment":[{"href":"https:\/\/uyquelindo.com\/fr\/wp-json\/wp\/v2\/media?parent=13404"}],"wp:term":[{"taxonomy":"product_brand","embeddable":true,"href":"https:\/\/uyquelindo.com\/fr\/wp-json\/wp\/v2\/product_brand?post=13404"},{"taxonomy":"product_cat","embeddable":true,"href":"https:\/\/uyquelindo.com\/fr\/wp-json\/wp\/v2\/product_cat?post=13404"},{"taxonomy":"product_tag","embeddable":true,"href":"https:\/\/uyquelindo.com\/fr\/wp-json\/wp\/v2\/product_tag?post=13404"}],"curies":[{"name":"wp","href":"https:\/\/api.w.org\/{rel}","templated":true}]}}