{"id":13405,"date":"2024-05-13T19:39:58","date_gmt":"2024-05-13T17:39:58","guid":{"rendered":"https:\/\/uyquelindo.com\/?post_type=product&#038;p=13405"},"modified":"2026-03-10T11:50:56","modified_gmt":"2026-03-10T10:50:56","slug":"pendientes-criollas-hilo-dorado-de-25-mm-acero-chapado-en-oro-18k-10pcs","status":"publish","type":"product","link":"https:\/\/uyquelindo.com\/fr\/produit\/anneaux-doreilles-cercle-boucles-doreilles-fils-25-mm\/","title":{"rendered":"Anneaux d'oreilles Cercle Boucles d'oreilles Fils 25 mm, acier plaqu\u00e9 or 18k, 10 pi\u00e8ces"},"content":{"rendered":"<div class=\"fusion-fullwidth fullwidth-box fusion-builder-row-1 fusion-flex-container nonhundred-percent-fullwidth non-hundred-percent-height-scrolling\" style=\"--awb-border-radius-top-left:0px;--awb-border-radius-top-right:0px;--awb-border-radius-bottom-right:0px;--awb-border-radius-bottom-left:0px;--awb-flex-wrap:wrap;\" ><div class=\"fusion-builder-row fusion-row fusion-flex-align-items-flex-start fusion-flex-content-wrap\" style=\"max-width:1216.8px;margin-left: calc(-4% \/ 2 );margin-right: calc(-4% \/ 2 );\"><div class=\"fusion-layout-column fusion_builder_column fusion-builder-column-0 fusion_builder_column_1_1 1_1 fusion-flex-column\" style=\"--awb-bg-size:cover;--awb-width-large:100%;--awb-margin-top-large:0px;--awb-spacing-right-large:2.56%;--awb-margin-bottom-large:0px;--awb-spacing-left-large:1.92%;--awb-width-medium:100%;--awb-spacing-right-medium:1.92%;--awb-spacing-left-medium:1.92%;--awb-width-small:100%;--awb-spacing-right-small:1.92%;--awb-spacing-left-small:1.92%;\"><div class=\"fusion-column-wrapper fusion-flex-justify-content-flex-start fusion-content-layout-column\"><div class=\"fusion-text fusion-text-1\"><h3>Anneaux d'oreilles Cercle Boucles d'oreilles Fils 25 mm, acier plaqu\u00e9 or 18k, 10 pi\u00e8ces<\/h3>\n<\/div><div class=\"fusion-text fusion-text-2\"><ul>\n<li>Mat\u00e9riau : acier inoxydable 304, plaqu\u00e9 or v\u00e9ritable 18k.<\/li>\n<li>Utilisation : Boucles d'oreilles pour breloques et perles<\/li>\n<li>Calibre : 21 \/ 25 x 0,7 mm<\/li>\n<li>Emballage : 10 pi\u00e8ces<\/li>\n<\/ul>\n<p>\ud83d\udc41\ufe0f\u200d\ud83d\udde8\ufe0f Veuillez noter que de l\u00e9gers \u00e9carts de couleur peuvent survenir en raison des diff\u00e9rents appareils que vous utilisez pour visualiser les images.<\/p>\n<\/div><\/div><\/div><\/div><\/div>","protected":false},"excerpt":{"rendered":"<p>Nos boucles d'oreilles en fil d'or de 25 mm et en acier plaqu\u00e9 or 18 carats sont vendues par lots de 10 pi\u00e8ces. Elles sont fabriqu\u00e9es de mani\u00e8re coh\u00e9rente, offrent une grande r\u00e9sistance tout en conservant leur forme et pr\u00e9sentent des coupes claires aux extr\u00e9mit\u00e9s pour une meilleure finition au niveau des joints. Voir la description du produit pour plus de d\u00e9tails.<\/p>","protected":false},"featured_media":13467,"comment_status":"open","ping_status":"closed","template":"","meta":[],"product_brand":[],"product_cat":[592,595],"product_tag":[],"class_list":{"0":"post-13405","1":"product","2":"type-product","3":"status-publish","4":"has-post-thumbnail","6":"product_cat-componentes-de-joyeria","7":"product_cat-pendientes-criollas","9":"first","10":"instock","11":"sale","12":"taxable","13":"shipping-taxable","14":"purchasable","15":"product-type-simple"},"_links":{"self":[{"href":"https:\/\/uyquelindo.com\/fr\/wp-json\/wp\/v2\/product\/13405","targetHints":{"allow":["GET"]}}],"collection":[{"href":"https:\/\/uyquelindo.com\/fr\/wp-json\/wp\/v2\/product"}],"about":[{"href":"https:\/\/uyquelindo.com\/fr\/wp-json\/wp\/v2\/types\/product"}],"replies":[{"embeddable":true,"href":"https:\/\/uyquelindo.com\/fr\/wp-json\/wp\/v2\/comments?post=13405"}],"wp:featuredmedia":[{"embeddable":true,"href":"https:\/\/uyquelindo.com\/fr\/wp-json\/wp\/v2\/media\/13467"}],"wp:attachment":[{"href":"https:\/\/uyquelindo.com\/fr\/wp-json\/wp\/v2\/media?parent=13405"}],"wp:term":[{"taxonomy":"product_brand","embeddable":true,"href":"https:\/\/uyquelindo.com\/fr\/wp-json\/wp\/v2\/product_brand?post=13405"},{"taxonomy":"product_cat","embeddable":true,"href":"https:\/\/uyquelindo.com\/fr\/wp-json\/wp\/v2\/product_cat?post=13405"},{"taxonomy":"product_tag","embeddable":true,"href":"https:\/\/uyquelindo.com\/fr\/wp-json\/wp\/v2\/product_tag?post=13405"}],"curies":[{"name":"wp","href":"https:\/\/api.w.org\/{rel}","templated":true}]}}