{"id":14291,"date":"2024-08-13T12:01:12","date_gmt":"2024-08-13T10:01:12","guid":{"rendered":"https:\/\/uyquelindo.com\/?post_type=product&#038;p=14291"},"modified":"2024-08-19T12:15:53","modified_gmt":"2024-08-19T10:15:53","slug":"stencil-texturizador-0016","status":"publish","type":"product","link":"https:\/\/uyquelindo.com\/fr\/produit\/pochoir-texturiser-0016\/","title":{"rendered":"Pochoir texturant 0016"},"content":{"rendered":"<div class=\"fusion-fullwidth fullwidth-box fusion-builder-row-1 fusion-flex-container nonhundred-percent-fullwidth non-hundred-percent-height-scrolling\" style=\"--awb-border-radius-top-left:0px;--awb-border-radius-top-right:0px;--awb-border-radius-bottom-right:0px;--awb-border-radius-bottom-left:0px;--awb-flex-wrap:wrap;\" ><div class=\"fusion-builder-row fusion-row fusion-flex-align-items-flex-start fusion-flex-content-wrap\" style=\"max-width:1216.8px;margin-left: calc(-4% \/ 2 );margin-right: calc(-4% \/ 2 );\"><div class=\"fusion-layout-column fusion_builder_column fusion-builder-column-0 fusion_builder_column_2_3 2_3 fusion-flex-column\" style=\"--awb-bg-blend:overlay;--awb-bg-size:cover;--awb-width-large:66.666666666667%;--awb-margin-top-large:0px;--awb-spacing-right-large:3.84%;--awb-margin-bottom-large:0px;--awb-spacing-left-large:2.88%;--awb-width-medium:100%;--awb-spacing-right-medium:1.92%;--awb-spacing-left-medium:1.92%;--awb-width-small:100%;--awb-spacing-right-small:1.92%;--awb-spacing-left-small:1.92%;\"><div class=\"fusion-column-wrapper fusion-flex-justify-content-flex-start fusion-content-layout-column\"><div class=\"fusion-text fusion-text-1\"><h3>Pochoir texturant 0016<\/h3>\n<\/div><div class=\"fusion-text fusion-text-2\"><p>Mesures disponibles :<\/p>\n<ul>\n<li>TEX 0016 \/ 90X150 mm<\/li>\n<\/ul>\n<p>\u2022 TEMPS DE PRODUCTION:\u00a0<strong>2 \u00e0 5 jours ouvrables.<br \/>\n<\/strong>\u2022 MAT\u00c9RIEL\u00a0: PLA<br \/>\nCONSEIL : une fois l'argile \u00e9tir\u00e9e, \u00e9talez une fine couche de f\u00e9cule de ma\u00efs sur l'argile et appuyez progressivement \u00e0 l'aide d'un rouleau \u00e0 p\u00e2tisserie pour transf\u00e9rer la texture de mani\u00e8re uniforme.<\/p>\n<\/div><div class=\"fusion-builder-row fusion-builder-row-inner fusion-row fusion-flex-align-items-flex-start fusion-flex-content-wrap\" style=\"--awb-flex-grow:0;--awb-flex-grow-medium:0;--awb-flex-grow-small:0;--awb-flex-shrink:0;--awb-flex-shrink-medium:0;--awb-flex-shrink-small:0;width:104% !important;max-width:104% !important;margin-left: calc(-4% \/ 2 );margin-right: calc(-4% \/ 2 );\"><div class=\"fusion-layout-column fusion_builder_column_inner fusion-builder-nested-column-0 fusion_builder_column_inner_1_2 1_2 fusion-flex-column\" style=\"--awb-bg-size:cover;--awb-width-large:50%;--awb-margin-top-large:0px;--awb-spacing-right-large:3.84%;--awb-margin-bottom-large:0px;--awb-spacing-left-large:3.84%;--awb-width-medium:100%;--awb-order-medium:0;--awb-spacing-right-medium:1.92%;--awb-spacing-left-medium:1.92%;--awb-width-small:100%;--awb-order-small:0;--awb-spacing-right-small:1.92%;--awb-spacing-left-small:1.92%;\"><div class=\"fusion-column-wrapper fusion-column-has-shadow fusion-flex-justify-content-flex-start fusion-content-layout-column\"><div class=\"fusion-image-element\" style=\"text-align:center;--awb-aspect-ratio:1 \/ 1;--awb-object-position:20% 46%;--awb-mask-url: url(https:\/\/uyquelindo.com\/wp-content\/plugins\/fusion-builder\/\/assets\/images\/masks\/mask-10.svg);--awb-max-width:150px;--awb-caption-title-font-family:var(--h2_typography-font-family);--awb-caption-title-font-weight:var(--h2_typography-font-weight);--awb-caption-title-font-style:var(--h2_typography-font-style);--awb-caption-title-size:var(--h2_typography-font-size);--awb-caption-title-transform:var(--h2_typography-text-transform);--awb-caption-title-line-height:var(--h2_typography-line-height);--awb-caption-title-letter-spacing:var(--h2_typography-letter-spacing);\"><div style=\"display:inline-block;width:150px;\"><span class=\"fusion-imageframe imageframe-none imageframe-1 hover-type-none has-mask has-aspect-ratio\"><a class=\"fusion-no-lightbox\" href=\"https:\/\/uyquelindo.com\/fr\/categoria-producto\/cortadores-de-arcilla-polimerica\/texturizadores\/\" target=\"_self\" aria-label=\"texturizadores008-c\"><img decoding=\"async\" width=\"819\" height=\"1024\" alt=\"Pochoir texturant 0008\" src=\"https:\/\/uyquelindo.com\/wp-content\/uploads\/2024\/05\/texturizadores008-c-819x1024.jpg\" class=\"img-responsive wp-image-13572 img-with-aspect-ratio\" data-parent-fit=\"cover\" data-parent-container=\".fusion-image-element\" srcset=\"https:\/\/uyquelindo.com\/wp-content\/uploads\/2024\/05\/texturizadores008-c-200x250.jpg 200w, https:\/\/uyquelindo.com\/wp-content\/uploads\/2024\/05\/texturizadores008-c-400x500.jpg 400w, https:\/\/uyquelindo.com\/wp-content\/uploads\/2024\/05\/texturizadores008-c-600x750.jpg 600w, https:\/\/uyquelindo.com\/wp-content\/uploads\/2024\/05\/texturizadores008-c-800x1000.jpg 800w, https:\/\/uyquelindo.com\/wp-content\/uploads\/2024\/05\/texturizadores008-c.jpg 1080w\" sizes=\"(max-width: 1024px) 100vw, (max-width: 640px) 100vw, 600px\" \/><\/a><\/span><\/div><\/div><\/div><\/div><div class=\"fusion-layout-column fusion_builder_column_inner fusion-builder-nested-column-1 fusion_builder_column_inner_1_2 1_2 fusion-flex-column\" style=\"--awb-bg-size:cover;--awb-width-large:50%;--awb-margin-top-large:0px;--awb-spacing-right-large:3.84%;--awb-margin-bottom-large:0px;--awb-spacing-left-large:3.84%;--awb-width-medium:100%;--awb-order-medium:0;--awb-spacing-right-medium:1.92%;--awb-spacing-left-medium:1.92%;--awb-width-small:100%;--awb-order-small:0;--awb-spacing-right-small:1.92%;--awb-spacing-left-small:1.92%;\"><div class=\"fusion-column-wrapper fusion-column-has-shadow fusion-flex-justify-content-flex-start fusion-content-layout-column\"><div class=\"fusion-text fusion-text-3\" style=\"--awb-content-alignment:left;\"><p>Visitez la collection de<br \/>\n<a href=\"https:\/\/uyquelindo.com\/fr\/categoria-producto\/cortadores-de-arcilla-polimerica\/texturizadores\/\">TEXTURISATEURS<\/a><\/p>\n<\/div><\/div><\/div><\/div>\n<\/div><\/div><div class=\"fusion-layout-column fusion_builder_column fusion-builder-column-1 fusion_builder_column_1_3 1_3 fusion-flex-column\" style=\"--awb-bg-size:cover;--awb-width-large:33.333333333333%;--awb-margin-top-large:0px;--awb-spacing-right-large:5.76%;--awb-margin-bottom-large:0px;--awb-spacing-left-large:3.84%;--awb-width-medium:100%;--awb-order-medium:0;--awb-spacing-right-medium:1.92%;--awb-spacing-left-medium:1.92%;--awb-width-small:100%;--awb-order-small:0;--awb-spacing-right-small:1.92%;--awb-spacing-left-small:1.92%;\"><div class=\"fusion-column-wrapper fusion-column-has-shadow fusion-flex-justify-content-flex-start fusion-content-layout-column\"><div class=\"fusion-title title fusion-title-1 fusion-sep-none fusion-title-center fusion-title-text fusion-title-size-three\" style=\"--awb-margin-top-small:0px;--awb-margin-right-small:0px;--awb-margin-bottom-small:20px;--awb-margin-left-small:0px;\"><h3 class=\"fusion-title-heading title-heading-center fusion-responsive-typography-calculated\" style=\"margin:0;--fontSize:18;--minFontSize:18;line-height:1;\">CONSEILS G\u00c9N\u00c9RAUX<\/h3><\/div><div class=\"fusion-title title fusion-title-2 fusion-sep-none fusion-title-center fusion-title-text fusion-title-size-four\" style=\"--awb-text-color:var(--awb-color5);--awb-margin-top:10px;--awb-margin-top-small:0px;--awb-margin-right-small:0px;--awb-margin-bottom-small:20px;--awb-margin-left-small:0px;\"><h4 class=\"fusion-title-heading title-heading-center fusion-responsive-typography-calculated\" style=\"margin:0;--fontSize:14;--minFontSize:14;line-height:1.5;\"><strong>Choisissez la bonne \u00e9paisseur pour votre empreinte<\/strong><\/h4><\/div><div class=\"fusion-text fusion-text-4\"><p>Nos emporte-pi\u00e8ces \u00e0 empreinte sont con\u00e7us pour couper et imprimer sur deux \u00e9paisseurs de plaque. Avant de les ajouter au panier, choisissez l\u2019option qui convient le mieux \u00e0 votre projet.<\/p>\n<ul>\n<li>R\u00e9gulier (3 \u00e0 4 mm) \u2013 \u00c9quivalent au n\u00b01 sur votre machine \u00e0 p\u00e2te.<\/li>\n<li>Fin (2,5 mm) \u2013 \u00c9quivalent au n\u00b02 sur votre machine \u00e0 p\u00e2te.<\/li>\n<\/ul>\n<p>\ud83d\udcac Si vous avez des questions, n\u2019h\u00e9sitez pas \u00e0 nous envoyer un message.<br \/>\n\ud83d\udccf De plus, nous pouvons personnaliser ces designs pour <strong>des \u00e9paisseurs sup\u00e9rieures \u00e0 4 mm<\/strong> ou ajuster la taille en fonction de vos besoins. <strong>Renseignez-vous sur un emporte-pi\u00e8ce sur mesure avec un petit suppl\u00e9ment.<\/strong><\/p>\n<\/div><div class=\"fusion-title title fusion-title-3 fusion-sep-none fusion-title-center fusion-title-text fusion-title-size-four\" style=\"--awb-text-color:var(--awb-color5);--awb-margin-top-small:0px;--awb-margin-right-small:0px;--awb-margin-bottom-small:20px;--awb-margin-left-small:0px;\"><h4 class=\"fusion-title-heading title-heading-center fusion-responsive-typography-calculated\" style=\"margin:0;--fontSize:14;--minFontSize:14;line-height:1.5;\"><strong>Mode d'Emploi<\/strong><\/h4><\/div><div class=\"fusion-text fusion-text-5\"><p>Tous nos emporte-pi\u00e8ces poss\u00e8dent des bords tranchants permettant de r\u00e9aliser une coupe nette, minimisant ainsi votre t\u00e2che de polissage ult\u00e9rieur. Pour les \u00e9paisseurs R\u00e9gulier (3 \u00e0 4 mm) et Fin (2,5 mm), nous vous recommandons d\u2019utiliser de l'amidon de ma\u00efs ou une \u00e9ponge imbib\u00e9e d'eau savonneuse pour pr\u00e9parer les bords et les contours, ce qui facilitera la t\u00e2che de d\u00e9coupe ou d'estampage, notamment pour les produits ayant de petits d\u00e9tails.<\/p>\n<p>Appuyez d'abord pour marquer, puis appuyez \u00e0 fond pour couper. Vous verrez que les r\u00e9sultats sont surprenants !<\/p>\n<\/div><div class=\"fusion-title title fusion-title-4 fusion-sep-none fusion-title-center fusion-title-text fusion-title-size-four\" style=\"--awb-text-color:var(--awb-color5);--awb-margin-top-small:0px;--awb-margin-right-small:0px;--awb-margin-bottom-small:20px;--awb-margin-left-small:0px;\"><h4 class=\"fusion-title-heading title-heading-center fusion-responsive-typography-calculated\" style=\"margin:0;--fontSize:14;--minFontSize:14;line-height:1.5;\"><strong>conseils d&#039;entretien<\/strong><\/h4><\/div><div class=\"fusion-text fusion-text-6\"><ul>\n<li>N&#039;exposez pas vos couteaux \u00e0 des temp\u00e9ratures \u00e9lev\u00e9es ou au soleil pendant de longues p\u00e9riodes pour \u00e9viter qu&#039;ils ne se d\u00e9forment.<\/li>\n<li>Nettoyez-les avec de l&#039;eau savonneuse ou un chiffon humide apr\u00e8s utilisation.<\/li>\n<li>Ne va pas au lave-vaisselle.<\/li>\n<\/ul>\n<\/div><\/div><\/div>\n<\/div><\/div>","protected":false},"excerpt":{"rendered":"<p>Notre pochoir texturant 0016 pour p\u00e2te polym\u00e8re a une \u00e9paisseur qui permet de cr\u00e9er des textures dans l'argile avec une finition agr\u00e9able. Vous pouvez l'utiliser avec tous les types de mastics et de p\u00e2tes \u00e0 modeler sur des surfaces planes car il poss\u00e8de la rigidit\u00e9 id\u00e9ale pour un retrait facile.<\/p>","protected":false},"featured_media":14417,"comment_status":"open","ping_status":"closed","template":"","meta":[],"product_brand":[],"product_cat":[431,624],"product_tag":[],"class_list":{"0":"post-14291","1":"product","2":"type-product","3":"status-publish","4":"has-post-thumbnail","6":"product_cat-cortadores-de-arcilla-polimerica","7":"product_cat-texturizadores","9":"first","10":"instock","11":"sale","12":"taxable","13":"shipping-taxable","14":"purchasable","15":"product-type-simple"},"_links":{"self":[{"href":"https:\/\/uyquelindo.com\/fr\/wp-json\/wp\/v2\/product\/14291","targetHints":{"allow":["GET"]}}],"collection":[{"href":"https:\/\/uyquelindo.com\/fr\/wp-json\/wp\/v2\/product"}],"about":[{"href":"https:\/\/uyquelindo.com\/fr\/wp-json\/wp\/v2\/types\/product"}],"replies":[{"embeddable":true,"href":"https:\/\/uyquelindo.com\/fr\/wp-json\/wp\/v2\/comments?post=14291"}],"wp:featuredmedia":[{"embeddable":true,"href":"https:\/\/uyquelindo.com\/fr\/wp-json\/wp\/v2\/media\/14417"}],"wp:attachment":[{"href":"https:\/\/uyquelindo.com\/fr\/wp-json\/wp\/v2\/media?parent=14291"}],"wp:term":[{"taxonomy":"product_brand","embeddable":true,"href":"https:\/\/uyquelindo.com\/fr\/wp-json\/wp\/v2\/product_brand?post=14291"},{"taxonomy":"product_cat","embeddable":true,"href":"https:\/\/uyquelindo.com\/fr\/wp-json\/wp\/v2\/product_cat?post=14291"},{"taxonomy":"product_tag","embeddable":true,"href":"https:\/\/uyquelindo.com\/fr\/wp-json\/wp\/v2\/product_tag?post=14291"}],"curies":[{"name":"wp","href":"https:\/\/api.w.org\/{rel}","templated":true}]}}