{"id":15448,"date":"2024-12-26T13:38:53","date_gmt":"2024-12-26T12:38:53","guid":{"rendered":"https:\/\/uyquelindo.com\/?post_type=product&#038;p=15448"},"modified":"2026-03-06T19:58:46","modified_gmt":"2026-03-06T18:58:46","slug":"tuercas-de-silicona-para-pendientes-con-forma-de-corazon","status":"publish","type":"product","link":"https:\/\/uyquelindo.com\/fr\/produit\/ecrous-silicone-forme-coeur-pour-boucles-doreilles\/","title":{"rendered":"Clous d'oreilles en silicone pour boucles d'oreilles en forme de c\u0153ur"},"content":{"rendered":"<div class=\"fusion-fullwidth fullwidth-box fusion-builder-row-1 fusion-flex-container nonhundred-percent-fullwidth non-hundred-percent-height-scrolling\" style=\"--awb-border-radius-top-left:0px;--awb-border-radius-top-right:0px;--awb-border-radius-bottom-right:0px;--awb-border-radius-bottom-left:0px;--awb-flex-wrap:wrap;\" ><div class=\"fusion-builder-row fusion-row fusion-flex-align-items-flex-start fusion-flex-content-wrap\" style=\"max-width:1216.8px;margin-left: calc(-4% \/ 2 );margin-right: calc(-4% \/ 2 );\"><div class=\"fusion-layout-column fusion_builder_column fusion-builder-column-0 fusion_builder_column_1_1 1_1 fusion-flex-column\" style=\"--awb-bg-blend:overlay;--awb-bg-size:cover;--awb-width-large:100%;--awb-margin-top-large:0px;--awb-spacing-right-large:2.56%;--awb-margin-bottom-large:0px;--awb-spacing-left-large:1.92%;--awb-width-medium:100%;--awb-spacing-right-medium:1.92%;--awb-spacing-left-medium:1.92%;--awb-width-small:100%;--awb-spacing-right-small:1.92%;--awb-spacing-left-small:1.92%;\"><div class=\"fusion-column-wrapper fusion-flex-justify-content-flex-start fusion-content-layout-column\"><div class=\"fusion-text fusion-text-1\"><h3>Clous d'oreilles en silicone pour boucles d'oreilles en forme de c\u0153ur<\/h3>\n<\/div><div class=\"fusion-text fusion-text-2\"><ul>\n<li>Mat\u00e9riau : Silicone hypoallerg\u00e9nique<\/li>\n<li>Utilisation : Fixation arri\u00e8re pour une pente traversante<\/li>\n<li>Taille : en forme de c\u0153ur \/ 5,7 x 5,2 x 3,5mm \/ perforation 0,5mm<\/li>\n<li>Emballage : 50 pi\u00e8ces<\/li>\n<\/ul>\n<p>\ud83d\udc41\ufe0f\u200d\ud83d\udde8\ufe0f Veuillez noter que de l\u00e9gers \u00e9carts de couleur peuvent survenir en raison des diff\u00e9rents appareils que vous utilisez pour visualiser les images.<\/p>\n<\/div><\/div><\/div><\/div><\/div>","protected":false},"excerpt":{"rendered":"<p>Nos \u00e9crous de boucles d'oreilles en silicone en forme de c\u0153ur sont vendus par lots de 50 pi\u00e8ces, offrent une grande r\u00e9sistance \u00e0 l'usure et sont hypoallerg\u00e9niques. Voir la description du produit pour plus de d\u00e9tails.<\/p>","protected":false},"featured_media":15450,"comment_status":"open","ping_status":"closed","template":"","meta":[],"product_brand":[],"product_cat":[592,597],"product_tag":[],"class_list":{"0":"post-15448","1":"product","2":"type-product","3":"status-publish","4":"has-post-thumbnail","6":"product_cat-componentes-de-joyeria","7":"product_cat-tuercas-de-pendientes","9":"first","10":"instock","11":"sale","12":"taxable","13":"shipping-taxable","14":"purchasable","15":"product-type-simple"},"_links":{"self":[{"href":"https:\/\/uyquelindo.com\/fr\/wp-json\/wp\/v2\/product\/15448","targetHints":{"allow":["GET"]}}],"collection":[{"href":"https:\/\/uyquelindo.com\/fr\/wp-json\/wp\/v2\/product"}],"about":[{"href":"https:\/\/uyquelindo.com\/fr\/wp-json\/wp\/v2\/types\/product"}],"replies":[{"embeddable":true,"href":"https:\/\/uyquelindo.com\/fr\/wp-json\/wp\/v2\/comments?post=15448"}],"wp:featuredmedia":[{"embeddable":true,"href":"https:\/\/uyquelindo.com\/fr\/wp-json\/wp\/v2\/media\/15450"}],"wp:attachment":[{"href":"https:\/\/uyquelindo.com\/fr\/wp-json\/wp\/v2\/media?parent=15448"}],"wp:term":[{"taxonomy":"product_brand","embeddable":true,"href":"https:\/\/uyquelindo.com\/fr\/wp-json\/wp\/v2\/product_brand?post=15448"},{"taxonomy":"product_cat","embeddable":true,"href":"https:\/\/uyquelindo.com\/fr\/wp-json\/wp\/v2\/product_cat?post=15448"},{"taxonomy":"product_tag","embeddable":true,"href":"https:\/\/uyquelindo.com\/fr\/wp-json\/wp\/v2\/product_tag?post=15448"}],"curies":[{"name":"wp","href":"https:\/\/api.w.org\/{rel}","templated":true}]}}