{"id":15459,"date":"2024-12-27T11:45:19","date_gmt":"2024-12-27T10:45:19","guid":{"rendered":"https:\/\/uyquelindo.com\/?post_type=product&#038;p=15459"},"modified":"2026-03-05T12:05:40","modified_gmt":"2026-03-05T11:05:40","slug":"pendientes-criollas-16-5-mm-chapados-en-oro-18k-2-pcs","status":"publish","type":"product","link":"https:\/\/uyquelindo.com\/fr\/produit\/boucles-doreilles-creoles-165-mm-plaquees-or-18k\/","title":{"rendered":"Boucles d'oreilles cr\u00e9oles 16,5 mm plaqu\u00e9es or 18k, 2 pcs"},"content":{"rendered":"<div class=\"fusion-fullwidth fullwidth-box fusion-builder-row-1 fusion-flex-container nonhundred-percent-fullwidth non-hundred-percent-height-scrolling\" style=\"--awb-border-radius-top-left:0px;--awb-border-radius-top-right:0px;--awb-border-radius-bottom-right:0px;--awb-border-radius-bottom-left:0px;--awb-flex-wrap:wrap;\" ><div class=\"fusion-builder-row fusion-row fusion-flex-align-items-flex-start fusion-flex-content-wrap\" style=\"max-width:1216.8px;margin-left: calc(-4% \/ 2 );margin-right: calc(-4% \/ 2 );\"><div class=\"fusion-layout-column fusion_builder_column fusion-builder-column-0 fusion_builder_column_1_1 1_1 fusion-flex-column\" style=\"--awb-bg-blend:overlay;--awb-bg-size:cover;--awb-width-large:100%;--awb-margin-top-large:0px;--awb-spacing-right-large:2.56%;--awb-margin-bottom-large:0px;--awb-spacing-left-large:1.92%;--awb-width-medium:100%;--awb-spacing-right-medium:1.92%;--awb-spacing-left-medium:1.92%;--awb-width-small:100%;--awb-spacing-right-small:1.92%;--awb-spacing-left-small:1.92%;\"><div class=\"fusion-column-wrapper fusion-flex-justify-content-flex-start fusion-content-layout-column\"><div class=\"fusion-text fusion-text-1\"><h3>Boucles d'oreilles cr\u00e9oles 16,5 mm. plaqu\u00e9es or 18k<\/h3>\n<\/div><div class=\"fusion-text fusion-text-2\"><ul>\n<li>Mati\u00e8re : laiton, plaqu\u00e9 or 18K et hypoallerg\u00e9nique.<\/li>\n<li>Utilisation : crochet de passage pour la pente.<\/li>\n<li>Dimensions : 16,5 x 17,2 x 2 mm \/ Broche 0,9 mm<\/li>\n<li>Emballage : 2 pi\u00e8ces<\/li>\n<\/ul>\n<p>\ud83d\udc41\ufe0f\u200d\ud83d\udde8\ufe0f Veuillez noter que de l\u00e9gers \u00e9carts de couleur peuvent survenir en raison des diff\u00e9rents appareils que vous utilisez pour visualiser les images.<\/p>\n<\/div><\/div><\/div><\/div><\/div>","protected":false},"excerpt":{"rendered":"<p>Nos boucles d'oreilles cr\u00e9oles hypoallerg\u00e9niques de 16,5 mm plaqu\u00e9es or 18 carats sont pr\u00e9sent\u00e9es en paquets de 2 pi\u00e8ces. Elles sont fabriqu\u00e9es de mani\u00e8re coh\u00e9rente, offrent une grande r\u00e9sistance tout en conservant leur forme et pr\u00e9sentent des coupes claires aux extr\u00e9mit\u00e9s pour une meilleure finition des articulations. Elles sont disponibles en or, voir la description du produit pour plus de d\u00e9tails.<\/p>","protected":false},"featured_media":15455,"comment_status":"open","ping_status":"closed","template":"","meta":[],"product_brand":[],"product_cat":[592,595],"product_tag":[],"class_list":{"0":"post-15459","1":"product","2":"type-product","3":"status-publish","4":"has-post-thumbnail","6":"product_cat-componentes-de-joyeria","7":"product_cat-pendientes-criollas","9":"first","10":"instock","11":"sale","12":"taxable","13":"shipping-taxable","14":"purchasable","15":"product-type-simple"},"_links":{"self":[{"href":"https:\/\/uyquelindo.com\/fr\/wp-json\/wp\/v2\/product\/15459","targetHints":{"allow":["GET"]}}],"collection":[{"href":"https:\/\/uyquelindo.com\/fr\/wp-json\/wp\/v2\/product"}],"about":[{"href":"https:\/\/uyquelindo.com\/fr\/wp-json\/wp\/v2\/types\/product"}],"replies":[{"embeddable":true,"href":"https:\/\/uyquelindo.com\/fr\/wp-json\/wp\/v2\/comments?post=15459"}],"wp:featuredmedia":[{"embeddable":true,"href":"https:\/\/uyquelindo.com\/fr\/wp-json\/wp\/v2\/media\/15455"}],"wp:attachment":[{"href":"https:\/\/uyquelindo.com\/fr\/wp-json\/wp\/v2\/media?parent=15459"}],"wp:term":[{"taxonomy":"product_brand","embeddable":true,"href":"https:\/\/uyquelindo.com\/fr\/wp-json\/wp\/v2\/product_brand?post=15459"},{"taxonomy":"product_cat","embeddable":true,"href":"https:\/\/uyquelindo.com\/fr\/wp-json\/wp\/v2\/product_cat?post=15459"},{"taxonomy":"product_tag","embeddable":true,"href":"https:\/\/uyquelindo.com\/fr\/wp-json\/wp\/v2\/product_tag?post=15459"}],"curies":[{"name":"wp","href":"https:\/\/api.w.org\/{rel}","templated":true}]}}