{"id":18879,"date":"2026-01-19T21:01:43","date_gmt":"2026-01-19T20:01:43","guid":{"rendered":"https:\/\/uyquelindo.com\/?post_type=product&#038;p=18879"},"modified":"2026-03-07T16:35:40","modified_gmt":"2026-03-07T15:35:40","slug":"expositor-de-pendientes-personalizado-con-luz-led-uy","status":"publish","type":"product","link":"https:\/\/uyquelindo.com\/fr\/produit\/presentoir-a-boucles-doreilles-personnalise-led\/","title":{"rendered":"Pr\u00e9sentoir \u00e0 boucles d\u2019oreilles personnalis\u00e9 avec \u00e9clairage LED"},"content":{"rendered":"<div class=\"fusion-fullwidth fullwidth-box fusion-builder-row-1 fusion-flex-container nonhundred-percent-fullwidth non-hundred-percent-height-scrolling\" style=\"--awb-border-radius-top-left:0px;--awb-border-radius-top-right:0px;--awb-border-radius-bottom-right:0px;--awb-border-radius-bottom-left:0px;--awb-flex-wrap:wrap;\" ><div class=\"fusion-builder-row fusion-row fusion-flex-align-items-flex-start fusion-flex-content-wrap\" style=\"max-width:1216.8px;margin-left: calc(-4% \/ 2 );margin-right: calc(-4% \/ 2 );\"><div class=\"fusion-layout-column fusion_builder_column fusion-builder-column-0 fusion_builder_column_2_3 2_3 fusion-flex-column\" style=\"--awb-bg-blend:overlay;--awb-bg-size:cover;--awb-width-large:66.666666666667%;--awb-margin-top-large:0px;--awb-spacing-right-large:3.84%;--awb-margin-bottom-large:0px;--awb-spacing-left-large:2.88%;--awb-width-medium:100%;--awb-spacing-right-medium:1.92%;--awb-spacing-left-medium:1.92%;--awb-width-small:100%;--awb-spacing-right-small:1.92%;--awb-spacing-left-small:1.92%;\"><div class=\"fusion-column-wrapper fusion-flex-justify-content-flex-start fusion-content-layout-column\"><div class=\"fusion-text fusion-text-1\"><h3>Pr\u00e9sentoir \u00e0 boucles d\u2019oreilles personnalis\u00e9 avec \u00e9clairage LED<\/h3>\n<\/div><div class=\"fusion-text fusion-text-2\"><p>Mod\u00e8les disponibles :<\/p>\n<ul>\n<li>Hauteur 120 mm (distance de la base au pivot : 115 mm) ou 180 mm (distance de la base au pivot : 170 mm)<\/li>\n<li>Avec ou sans lumi\u00e8re LED<\/li>\n<li>Embout droit ou courb\u00e9<\/li>\n<li>10 variantes de couleur<\/li>\n<\/ul>\n<h5>\u2022 <strong>D\u00c9LAI DE PRODUCTION : 5 jours ouvr\u00e9s<br \/>\n<\/strong>\u2022 MAT\u00c9RIEL\u00a0: PLA<\/h5>\n<p>Le pr\u00e9sentoir \u00e0 boucles d\u2019oreilles UY! est con\u00e7u pour sublimer vos bijoux sans leur voler la vedette. Fabriqu\u00e9 en Espagne par impression 3D avec des filaments premium, il allie design \u00e9pur\u00e9, stabilit\u00e9 et pr\u00e9sence soign\u00e9e, pens\u00e9 pour les marques qui accordent de l\u2019importance au d\u00e9tail.<\/p>\n<p>Sa structure permet de suspendre les boucles d\u2019oreilles de mani\u00e8re claire et ordonn\u00e9e, facilitant leur visualisation aussi bien en vente directe qu\u2019en exposition. Disponible en hauteur de 12 ou 18 cm, il s\u2019adapte \u00e0 la taille de vos pi\u00e8ces et \u00e0 l\u2019espace disponible.<\/p>\n<p>Il est propos\u00e9 avec des extr\u00e9mit\u00e9s droites ou courbes, selon le style de boucles d\u2019oreilles ou l\u2019esth\u00e9tique recherch\u00e9e. Vous pouvez \u00e9galement choisir la version avec base \u00e9clair\u00e9e par LED, id\u00e9ale pour attirer le regard en vitrine, lors de salons ou dans des points de vente peu \u00e9clair\u00e9s, ou opter pour la version sans \u00e9clairage pour une pr\u00e9sentation plus sobre.<\/p>\n<p>Le pr\u00e9sentoir est disponible en 10 couleurs diff\u00e9rentes, ce qui permet de l\u2019aligner avec l\u2019identit\u00e9 de votre marque ou de cr\u00e9er des compositions visuelles coh\u00e9rentes dans votre espace de vente.<\/p>\n<p>Un support fonctionnel et r\u00e9sistant, pens\u00e9 pour accompagner des bijoux de cr\u00e9ateur, de la bijouterie contemporaine et des collections artisanales avec une pr\u00e9sentation professionnelle et soign\u00e9e.<\/p>\n<p>\ud83d\udc97 Chaque pr\u00e9sentoir est fabriqu\u00e9 et test\u00e9 exclusivement pour vous.<\/p>\n<\/div><\/div><\/div><div class=\"fusion-layout-column fusion_builder_column fusion-builder-column-1 fusion_builder_column_1_3 1_3 fusion-flex-column\" style=\"--awb-bg-size:cover;--awb-width-large:33.333333333333%;--awb-margin-top-large:0px;--awb-spacing-right-large:5.76%;--awb-margin-bottom-large:0px;--awb-spacing-left-large:3.84%;--awb-width-medium:100%;--awb-order-medium:0;--awb-spacing-right-medium:1.92%;--awb-spacing-left-medium:1.92%;--awb-width-small:100%;--awb-order-small:0;--awb-spacing-right-small:1.92%;--awb-spacing-left-small:1.92%;\"><div class=\"fusion-column-wrapper fusion-column-has-shadow fusion-flex-justify-content-flex-start fusion-content-layout-column\"><div class=\"fusion-title title fusion-title-1 fusion-sep-none fusion-title-center fusion-title-text fusion-title-size-three\" style=\"--awb-margin-top-small:0px;--awb-margin-right-small:0px;--awb-margin-bottom-small:20px;--awb-margin-left-small:0px;\"><h3 class=\"fusion-title-heading title-heading-center fusion-responsive-typography-calculated\" style=\"margin:0;--fontSize:18;--minFontSize:18;line-height:1;\">Caract\u00e9ristiques<\/h3><\/div><div class=\"fusion-text fusion-text-3\"><ul>\n<li>Fabriqu\u00e9 en Espagne<\/li>\n<li>2 hauteurs disponibles (12 et 18 cm)<\/li>\n<li>10 options de couleur<\/li>\n<li>L\u2019option avec LED n\u00e9cessite 2 piles AAA (non incluses)<\/li>\n<\/ul>\n<\/div><\/div><\/div><\/div><\/div>","protected":false},"excerpt":{"rendered":"<p>Pr\u00e9sentoir \u00e0 boucles d\u2019oreilles personnalis\u00e9 avec \u00e9clairage LED, fabriqu\u00e9 en Espagne \u00e0 partir de filaments premium. Disponible en hauteur de 12 ou 18 cm, avec extr\u00e9mit\u00e9s droites ou courbes et option avec ou sans \u00e9clairage LED int\u00e9gr\u00e9. Personnalisable en 10 couleurs, id\u00e9al pour mettre en valeur vos cr\u00e9ations sur un comptoir, lors de salons ou en vitrine.<\/p>","protected":false},"featured_media":18881,"comment_status":"open","ping_status":"closed","template":"","meta":[],"product_brand":[],"product_cat":[519,665],"product_tag":[],"class_list":{"0":"post-18879","1":"product","2":"type-product","3":"status-publish","4":"has-post-thumbnail","6":"product_cat-accesorios-y-herramientas","7":"product_cat-expositores","9":"first","10":"instock","11":"taxable","12":"shipping-taxable","13":"purchasable","14":"product-type-variable"},"_links":{"self":[{"href":"https:\/\/uyquelindo.com\/fr\/wp-json\/wp\/v2\/product\/18879","targetHints":{"allow":["GET"]}}],"collection":[{"href":"https:\/\/uyquelindo.com\/fr\/wp-json\/wp\/v2\/product"}],"about":[{"href":"https:\/\/uyquelindo.com\/fr\/wp-json\/wp\/v2\/types\/product"}],"replies":[{"embeddable":true,"href":"https:\/\/uyquelindo.com\/fr\/wp-json\/wp\/v2\/comments?post=18879"}],"wp:featuredmedia":[{"embeddable":true,"href":"https:\/\/uyquelindo.com\/fr\/wp-json\/wp\/v2\/media\/18881"}],"wp:attachment":[{"href":"https:\/\/uyquelindo.com\/fr\/wp-json\/wp\/v2\/media?parent=18879"}],"wp:term":[{"taxonomy":"product_brand","embeddable":true,"href":"https:\/\/uyquelindo.com\/fr\/wp-json\/wp\/v2\/product_brand?post=18879"},{"taxonomy":"product_cat","embeddable":true,"href":"https:\/\/uyquelindo.com\/fr\/wp-json\/wp\/v2\/product_cat?post=18879"},{"taxonomy":"product_tag","embeddable":true,"href":"https:\/\/uyquelindo.com\/fr\/wp-json\/wp\/v2\/product_tag?post=18879"}],"curies":[{"name":"wp","href":"https:\/\/api.w.org\/{rel}","templated":true}]}}