{"id":19548,"date":"2026-03-04T14:02:34","date_gmt":"2026-03-04T13:02:34","guid":{"rendered":"https:\/\/uyquelindo.com\/?post_type=product&#038;p=19548"},"modified":"2026-03-09T20:26:55","modified_gmt":"2026-03-09T19:26:55","slug":"expositor-de-pendientes-individual-personalizado-con-logo","status":"publish","type":"product","link":"https:\/\/uyquelindo.com\/fr\/produit\/presentoir-boucles-oreilles-logo-personnalise\/","title":{"rendered":"Pr\u00e9sentoir individuel pour boucles d\u2019oreilles personnalis\u00e9 avec logo"},"content":{"rendered":"<div class=\"fusion-fullwidth fullwidth-box fusion-builder-row-1 fusion-flex-container nonhundred-percent-fullwidth non-hundred-percent-height-scrolling\" style=\"--awb-border-radius-top-left:0px;--awb-border-radius-top-right:0px;--awb-border-radius-bottom-right:0px;--awb-border-radius-bottom-left:0px;--awb-flex-wrap:wrap;\" ><div class=\"fusion-builder-row fusion-row fusion-flex-align-items-flex-start fusion-flex-content-wrap\" style=\"max-width:1216.8px;margin-left: calc(-4% \/ 2 );margin-right: calc(-4% \/ 2 );\"><div class=\"fusion-layout-column fusion_builder_column fusion-builder-column-0 fusion_builder_column_2_3 2_3 fusion-flex-column\" style=\"--awb-bg-blend:overlay;--awb-bg-size:cover;--awb-width-large:66.666666666667%;--awb-margin-top-large:0px;--awb-spacing-right-large:3.84%;--awb-margin-bottom-large:0px;--awb-spacing-left-large:2.88%;--awb-width-medium:100%;--awb-spacing-right-medium:1.92%;--awb-spacing-left-medium:1.92%;--awb-width-small:100%;--awb-spacing-right-small:1.92%;--awb-spacing-left-small:1.92%;\"><div class=\"fusion-column-wrapper fusion-flex-justify-content-flex-start fusion-content-layout-column\"><div class=\"fusion-text fusion-text-1\"><h3>Pr\u00e9sentoir individuel pour boucles d\u2019oreilles personnalis\u00e9 avec logo<\/h3>\n<\/div><div class=\"fusion-text fusion-text-2\"><p>TEMPS DE PRODUCTION : 2 \u00e0 5 jours ouvr\u00e9s<\/p>\n<\/div>\n<div class=\"table-1\">\n<table width=\"100%\">\n<thead>\n<tr>\n<th style=\"text-align: center;\" align=\"left\">Quantit\u00e9<\/th>\n<th style=\"text-align: center;\" align=\"left\">10 cm<\/th>\n<th style=\"text-align: center;\" align=\"left\">12 cm<\/th>\n<th style=\"text-align: center;\" align=\"left\">16 cm<\/th>\n<\/tr>\n<\/thead>\n<tbody>\n<tr>\n<td style=\"text-align: center;\" align=\"left\">1\u20134<\/td>\n<td style=\"text-align: center;\" align=\"left\">12 \u20ac<\/td>\n<td style=\"text-align: center;\" align=\"left\">14 \u20ac<\/td>\n<td style=\"text-align: center;\" align=\"left\">18 \u20ac<\/td>\n<\/tr>\n<tr>\n<td style=\"text-align: center;\" align=\"left\">5\u201314<\/td>\n<td style=\"text-align: center;\" align=\"left\">11.40 \u20ac<\/td>\n<td style=\"text-align: center;\" align=\"left\">13.30 \u20ac<\/td>\n<td style=\"text-align: center;\" align=\"left\">17.10 \u20ac<\/td>\n<\/tr>\n<tr>\n<td style=\"text-align: center;\" align=\"left\">15+<\/td>\n<td style=\"text-align: center;\" align=\"left\">10.80 \u20ac<\/td>\n<td style=\"text-align: center;\" align=\"left\">12.60 \u20ac<\/td>\n<td style=\"text-align: center;\" align=\"left\">16.20 \u20ac<\/td>\n<\/tr>\n<\/tbody>\n<\/table>\n<\/div>\n<div class=\"fusion-text fusion-text-3\" style=\"--awb-margin-top:20PX;\"><p>Le pr\u00e9sentoir pour boucles d\u2019oreilles UY! est con\u00e7u pour mettre en valeur vos bijoux sans leur voler la vedette. Fabriqu\u00e9 en Espagne par impression 3D avec des filaments de haute qualit\u00e9, il associe un design \u00e9pur\u00e9, une bonne stabilit\u00e9 et une pr\u00e9sence soign\u00e9e pens\u00e9e pour les marques attentives aux d\u00e9tails.<\/p>\n<p class=\"isSelectedEnd\">Sa structure permet de suspendre les bijoux de mani\u00e8re ordonn\u00e9e, facilitant leur visualisation aussi bien en vente directe qu\u2019en exposition. Il est disponible en trois hauteurs \u2014 10, 12 et 16 cm \u2014 afin de s\u2019adapter \u00e0 la taille de vos pi\u00e8ces et \u00e0 l\u2019espace disponible sur votre comptoir ou dans votre vitrine.<\/p>\n<p class=\"isSelectedEnd\">Vous pouvez choisir parmi 10 couleurs diff\u00e9rentes, ce qui permet d\u2019harmoniser le pr\u00e9sentoir avec l\u2019identit\u00e9 de votre marque ou de cr\u00e9er des compositions visuelles coh\u00e9rentes dans votre espace de vente.<\/p>\n<p>Un support fonctionnel et r\u00e9sistant, pens\u00e9 pour accompagner les bijoux d\u2019auteur, la bijouterie contemporaine et les collections artisanales avec une pr\u00e9sentation professionnelle.<\/p>\n<p>\ud83d\udc97 Chaque pr\u00e9sentoir est fabriqu\u00e9 et test\u00e9 exclusivement pour vous.<\/p>\n<\/div><\/div><\/div><div class=\"fusion-layout-column fusion_builder_column fusion-builder-column-1 fusion_builder_column_1_3 1_3 fusion-flex-column\" style=\"--awb-bg-size:cover;--awb-width-large:33.333333333333%;--awb-margin-top-large:0px;--awb-spacing-right-large:5.76%;--awb-margin-bottom-large:0px;--awb-spacing-left-large:3.84%;--awb-width-medium:100%;--awb-order-medium:0;--awb-spacing-right-medium:1.92%;--awb-spacing-left-medium:1.92%;--awb-width-small:100%;--awb-order-small:0;--awb-spacing-right-small:1.92%;--awb-spacing-left-small:1.92%;\"><div class=\"fusion-column-wrapper fusion-column-has-shadow fusion-flex-justify-content-flex-start fusion-content-layout-column\"><div class=\"fusion-title title fusion-title-1 fusion-sep-none fusion-title-center fusion-title-text fusion-title-size-three\" style=\"--awb-margin-top-small:0px;--awb-margin-right-small:0px;--awb-margin-bottom-small:20px;--awb-margin-left-small:0px;\"><h3 class=\"fusion-title-heading title-heading-center fusion-responsive-typography-calculated\" style=\"margin:0;--fontSize:18;--minFontSize:18;line-height:1;\">AGREGA TU LOGO<\/h3><\/div><div class=\"fusion-form fusion-form-builder fusion-form-form-wrapper fusion-form-19735\" style=\"--awb-tooltip-text-color:#ffffff;--awb-tooltip-background-color:#333333;--awb-form-placeholder-color:rgba(71,71,71,0.5);--awb-form-text-color:#474747;\" data-form-id=\"19735\" data-config=\"{&quot;form_id&quot;:&quot;19735&quot;,&quot;form_post_id&quot;:&quot;19735&quot;,&quot;post_id&quot;:19548,&quot;form_type&quot;:&quot;ajax&quot;,&quot;confirmation_type&quot;:&quot;message&quot;,&quot;redirect_url&quot;:&quot;&quot;,&quot;redirect_timeout&quot;:&quot;0&quot;,&quot;field_labels&quot;:{&quot;nombre&quot;:&quot;Nombre&quot;,&quot;email&quot;:&quot;email&quot;,&quot;&quot;:&quot;&quot;},&quot;field_logics&quot;:{&quot;nombre&quot;:&quot;&quot;,&quot;email&quot;:&quot;&quot;,&quot;&quot;:&quot;&quot;,&quot;notice_1&quot;:&quot;&quot;,&quot;submit_1&quot;:&quot;&quot;},&quot;field_types&quot;:{&quot;nombre&quot;:&quot;text&quot;,&quot;email&quot;:&quot;email&quot;,&quot;&quot;:&quot;upload&quot;,&quot;notice_1&quot;:&quot;notice&quot;,&quot;recaptcha_1&quot;:&quot;recaptcha&quot;,&quot;submit_1&quot;:&quot;submit&quot;},&quot;nonce_method&quot;:&quot;ajax&quot;,&quot;form_views&quot;:&quot;&quot;,&quot;form_views_counting&quot;:&quot;&quot;}\"><form action=\"https:\/\/uyquelindo.com\/fr\/produit\/presentoir-boucles-oreilles-logo-personnalise\/\" method=\"post\" class=\"fusion-form fusion-form-19735\" enctype=\"multipart\/form-data\" data-trp-original-action=\"https:\/\/uyquelindo.com\/fr\/produit\/presentoir-boucles-oreilles-logo-personnalise\/\"><div class=\"fusion-fullwidth fullwidth-box fusion-builder-row-1-1 fusion-flex-container nonhundred-percent-fullwidth non-hundred-percent-height-scrolling\" style=\"--awb-border-radius-top-left:0px;--awb-border-radius-top-right:0px;--awb-border-radius-bottom-right:0px;--awb-border-radius-bottom-left:0px;--awb-flex-wrap:wrap;\" ><div class=\"fusion-builder-row fusion-row fusion-flex-align-items-flex-start fusion-flex-content-wrap\" style=\"width:103% !important;max-width:103% !important;margin-left: calc(-3% \/ 2 );margin-right: calc(-3% \/ 2 );\"><div class=\"fusion-layout-column fusion_builder_column fusion-builder-column-2 fusion_builder_column_1_1 1_1 fusion-flex-column\" style=\"--awb-bg-size:cover;--awb-width-large:100%;--awb-flex-grow:0;--awb-flex-shrink:0;--awb-margin-top-large:0px;--awb-spacing-right-large:1.455%;--awb-margin-bottom-large:0px;--awb-spacing-left-large:1.455%;--awb-width-medium:100%;--awb-order-medium:0;--awb-flex-grow-medium:0;--awb-flex-shrink-medium:0;--awb-spacing-right-medium:1.455%;--awb-spacing-left-medium:1.455%;--awb-width-small:100%;--awb-order-small:0;--awb-flex-grow-small:0;--awb-flex-shrink-small:0;--awb-spacing-right-small:1.455%;--awb-spacing-left-small:1.455%;\"><div class=\"fusion-column-wrapper fusion-column-has-shadow fusion-flex-justify-content-flex-start fusion-content-layout-column\"><div class=\"fusion-text fusion-text-4\"><p>Completa tus datos y adjunta el logo en este formulario o env\u00edalo directamente a <a href=\"mailto:mipedido@uyquelindo.com\">mipedido@uyquelindo.com<\/a><\/p>\n<\/div>\n<div class=\"fusion-form-field fusion-form-text-field fusion-form-label-above\" style=\"\" data-form-id=\"19735\"><div class=\"fusion-form-label-wrapper\"><label for=\"nombre\">Nom <abbr class=\"fusion-form-element-required\" title=\"requis\">*<\/abbr><\/label><\/div><input type=\"text\" autocomplete=\"off\" name=\"nombre\" id=\"nombre\" value=\"\"  class=\"fusion-form-input\" required=\"true\" aria-required=\"true\" data-holds-private-data=\"false\" minlength=\"0\"\/><\/div><div class=\"fusion-form-field fusion-form-email-field fusion-form-label-above\" style=\"\" data-form-id=\"19735\"><div class=\"fusion-form-label-wrapper\"><label for=\"email\">email <abbr class=\"fusion-form-element-required\" title=\"requis\">*<\/abbr><\/label><\/div><input type=\"email\" autocomplete=\"off\" name=\"email\" id=\"email\" value=\"\"  class=\"fusion-form-input\" required=\"true\" aria-required=\"true\" data-holds-private-data=\"false\"\/><\/div><div class=\"fusion-form-field fusion-form-upload-field fusion-form-label-above\" style=\"--awb-preview-thumb-width:115px;\" data-form-id=\"19735\"><div class=\"fusion-form-input-with-icon\"><i class=\"fa-upload fas\"><\/i><div class=\"fusion-form-upload-field-container\"><input type=\"file\" data-empty-notice=\"Necesitamos que nos env\u00edes tu imagen para poder cotizar\" id=\"\" name=\"[]\" value=\"\"  class=\"fusion-form-input\"accept=\".jpg, .png\" required=\"true\" aria-required=\"true\" placeholder=\"Click o arrastra una imagen a este espacio para subir *\" data-size=\"2\" multiple data-single-add-remove=\"no\" data-min-upload-files=\"0\" data-max-upload-files=\"0\" data-uploads-preview=\"filenames\"\/><div class=\"fusion-form-upload-field\"  data-holds-private-data=\"false\"><span class=\"awb-upload-placeholder\" data-default=\"Click o arrastra una imagen a este espacio para subir\">Click o arrastra una imagen a este espacio para subir<\/span><div class=\"awb-uploads-preview\"><div class=\"awb-preview-thumbs\"><\/div><\/div><\/div><div ><a class=\"fusion-button button-flat button-medium button-default fusion-button-default button-1 fusion-button-default-span fusion-button-default-type fusion-form-upload-field-button\" style=\"--button-border-radius-top-left:0px;--button-border-radius-top-right:0px;--button-border-radius-bottom-right:0px;--button-border-radius-bottom-left:0px;\" target=\"_self\" href=\"javascript:void();\"><span class=\"fusion-button-text awb-button__text awb-button__text--default\">Choose File<\/span><\/a><\/div><\/div><\/div><\/div><div class=\"form-submission-notices data-notice_1\" id=\"fusion-notices-1\" data-instance=\"1\"><div class=\"fusion-alert alert success alert-success fusion-alert-center fusion-form-response fusion-form-response-success fusion-alert-capitalize awb-alert-native-link-color alert-dismissable awb-alert-close-boxed\" role=\"alert\"><div class=\"fusion-alert-content-wrapper\"><span class=\"alert-icon\"><i class=\"awb-icon-check-circle\" aria-hidden=\"true\"><\/i><\/span><span class=\"fusion-alert-content\">\u00a1Gracias! Tu mensaje se ha enviado correctamente. Revisa tu correo (y la carpeta de Spam, por si acaso) para nuestra respuesta.<\/span><\/div><button type=\"button\" class=\"close toggle-alert\" data-dismiss=\"alert\" aria-label=\"fermer\">\u00d7<\/button><\/div><div class=\"fusion-alert alert error alert-danger fusion-alert-center fusion-form-response fusion-form-response-error fusion-alert-capitalize awb-alert-native-link-color alert-dismissable awb-alert-close-boxed\" role=\"alert\"><div class=\"fusion-alert-content-wrapper\"><span class=\"alert-icon\"><i class=\"awb-icon-exclamation-triangle\" aria-hidden=\"true\"><\/i><\/span><span class=\"fusion-alert-content\">Une erreur est survenue lors de l&#039;envoi de votre message. Veuillez r\u00e9essayer dans un instant.<\/span><\/div><button type=\"button\" class=\"close toggle-alert\" data-dismiss=\"alert\" aria-label=\"fermer\">\u00d7<\/button><\/div><\/div><div class=\"fusion-form-field fusion-form-recaptcha-field fusion-form-label-above\" style=\"\" data-form-id=\"19735\">\t\t\t\t<div class=\"form-creator-recaptcha\" >\n\t\t\t\t\t\t\t\t\t\t\t\t\t\t\t\t\t\t\t\t\t\t\t\t<div\n\t\t\t\t\t\t\tid=\"g-recaptcha-id-form-19735\"\n\t\t\t\t\t\t\tclass=\"fusion-form-recaptcha-v3 recaptcha-container  fusion-form-hide-recaptcha-badge\"\n\t\t\t\t\t\t\tdata-sitekey=\"6Lccgy4sAAAAADx7V5spdlUZktRVbY1nE54sa2oB\"\n\t\t\t\t\t\t\tdata-badge=\"hide\">\n\t\t\t\t\t\t<\/div>\n\t\t\t\t\t\t<input\n\t\t\t\t\t\t\ttype=\"hidden\"\n\t\t\t\t\t\t\tname=\"fusion-form-recaptcha-response\"\n\t\t\t\t\t\t\tclass=\"g-recaptcha-response\"\n\t\t\t\t\t\t\tid=\"fusion-form-recaptcha-response-19735\"\n\t\t\t\t\t\t\tvalue=\"\">\n\t\t\t\t\t\t\t\t\t\t\t\t\t\t\t<\/div>\n\t\t\t\t<\/div><div class=\"fusion-form-field fusion-form-submit-field fusion-form-label-above\" style=\"\" data-form-id=\"19735\"><div ><button type=\"submit\" class=\"fusion-button button-flat button-small button-default fusion-button-default button-2 fusion-button-span-yes  button-default form-form-submit\" style=\"--button_text_transform:uppercase;\" data-form-number=\"19735\" tabindex=\"\"><span class=\"fusion-button-text awb-button__text awb-button__text--default\">Envoyer<\/span><\/button><\/div><\/div><\/div><\/div><\/div><\/div><input type=\"hidden\" name=\"fusion_privacy_expiration_interval\" value=\"48\"><input type=\"hidden\" name=\"privacy_expiration_action\" value=\"anonymize\"><\/form><\/div><div class=\"fusion-title title fusion-title-2 fusion-sep-none fusion-title-center fusion-title-text fusion-title-size-three\" style=\"--awb-margin-top-small:0px;--awb-margin-right-small:0px;--awb-margin-bottom-small:20px;--awb-margin-left-small:0px;\"><h3 class=\"fusion-title-heading title-heading-center fusion-responsive-typography-calculated\" style=\"margin:0;--fontSize:18;--minFontSize:18;line-height:1;\">Caract\u00e9ristiques<\/h3><\/div><div class=\"fusion-text fusion-text-5\"><ul>\n<li>Fabriqu\u00e9 en Espagne en PLA+<\/li>\n<li>3 hauteurs disponibles (10, 12 et 16 cm)<\/li>\n<li>10 options de couleur<\/li>\n<li>Personnalis\u00e9 avec votre logo<\/li>\n<li>Remises disponibles selon la quantit\u00e9<\/li>\n<\/ul>\n<\/div><\/div><\/div><\/div><\/div>","protected":false},"excerpt":{"rendered":"<p>Expositor de pendientes individual personalizado con logo, fabricado en Espa\u00f1a con filamentos premium. Disponible en 10, 12 o 16 cm de altura,\u00a0 y personalizable en 10 colores, ideal para destacar tus piezas en mostrador, ferias o escaparates. Elige el color, tama\u00f1o y la cantidad. [fusion_table fusion_table_type=\"1\" hide_on_mobile=\"small-visibility,medium-visibility,large-visibility\" animation_direction=\"left\" animation_speed=\"0.3\" animation_delay=\"0\"]<\/p>\n<div class=\"table-2\">\n<table width=\"100%\">\n<thead>\n<tr>\n<th style=\"text-align: center;\" align=\"left\">Cantidad<\/th>\n<th style=\"text-align: center;\" align=\"left\">10 cm<\/th>\n<th style=\"text-align: center;\" align=\"left\">12 cm<\/th>\n<th style=\"text-align: center;\" align=\"left\">16 cm<\/th>\n<\/tr>\n<\/thead>\n<tbody>\n<tr>\n<td style=\"text-align: center;\" align=\"left\">1\u20134<\/td>\n<td style=\"text-align: center;\" align=\"left\">12 \u20ac<\/td>\n<td style=\"text-align: center;\" align=\"left\">14 \u20ac<\/td>\n<td style=\"text-align: center;\" align=\"left\">18 \u20ac<\/td>\n<\/tr>\n<tr>\n<td style=\"text-align: center;\" align=\"left\">5\u201314<\/td>\n<td style=\"text-align: center;\" align=\"left\">11.40 \u20ac<\/td>\n<td style=\"text-align: center;\" align=\"left\">13.30 \u20ac<\/td>\n<td style=\"text-align: center;\" align=\"left\">17.10 \u20ac<\/td>\n<\/tr>\n<tr>\n<td style=\"text-align: center;\" align=\"left\">15+<\/td>\n<td style=\"text-align: center;\" align=\"left\">10.80 \u20ac<\/td>\n<td style=\"text-align: center;\" align=\"left\">12.60 \u20ac<\/td>\n<td style=\"text-align: center;\" align=\"left\">16.20 \u20ac<\/td>\n<\/tr>\n<\/tbody>\n<\/table>\n<\/div>\n<p>[\/fusion_table]<\/p>\n","protected":false},"featured_media":19708,"comment_status":"open","ping_status":"closed","template":"","meta":[],"product_brand":[],"product_cat":[519,665],"product_tag":[],"class_list":{"0":"post-19548","1":"product","2":"type-product","3":"status-publish","4":"has-post-thumbnail","6":"product_cat-accesorios-y-herramientas","7":"product_cat-expositores","9":"first","10":"instock","11":"sale","12":"taxable","13":"shipping-taxable","14":"purchasable","15":"product-type-variable"},"_links":{"self":[{"href":"https:\/\/uyquelindo.com\/fr\/wp-json\/wp\/v2\/product\/19548","targetHints":{"allow":["GET"]}}],"collection":[{"href":"https:\/\/uyquelindo.com\/fr\/wp-json\/wp\/v2\/product"}],"about":[{"href":"https:\/\/uyquelindo.com\/fr\/wp-json\/wp\/v2\/types\/product"}],"replies":[{"embeddable":true,"href":"https:\/\/uyquelindo.com\/fr\/wp-json\/wp\/v2\/comments?post=19548"}],"wp:featuredmedia":[{"embeddable":true,"href":"https:\/\/uyquelindo.com\/fr\/wp-json\/wp\/v2\/media\/19708"}],"wp:attachment":[{"href":"https:\/\/uyquelindo.com\/fr\/wp-json\/wp\/v2\/media?parent=19548"}],"wp:term":[{"taxonomy":"product_brand","embeddable":true,"href":"https:\/\/uyquelindo.com\/fr\/wp-json\/wp\/v2\/product_brand?post=19548"},{"taxonomy":"product_cat","embeddable":true,"href":"https:\/\/uyquelindo.com\/fr\/wp-json\/wp\/v2\/product_cat?post=19548"},{"taxonomy":"product_tag","embeddable":true,"href":"https:\/\/uyquelindo.com\/fr\/wp-json\/wp\/v2\/product_tag?post=19548"}],"curies":[{"name":"wp","href":"https:\/\/api.w.org\/{rel}","templated":true}]}}