{"id":19700,"date":"2026-03-06T14:41:20","date_gmt":"2026-03-06T13:41:20","guid":{"rendered":"https:\/\/uyquelindo.com\/?post_type=product&#038;p=19700"},"modified":"2026-03-09T20:28:11","modified_gmt":"2026-03-09T19:28:11","slug":"expositor-de-pendientes-individual-en-3-tamanos-y-10-colores","status":"publish","type":"product","link":"https:\/\/uyquelindo.com\/fr\/produit\/presentoir-boucles-oreilles-individuel\/","title":{"rendered":"Pr\u00e9sentoir individuel pour boucles d\u2019oreilles en 3 tailles et 10 couleurs"},"content":{"rendered":"<div class=\"fusion-fullwidth fullwidth-box fusion-builder-row-1 fusion-flex-container nonhundred-percent-fullwidth non-hundred-percent-height-scrolling\" style=\"--awb-border-radius-top-left:0px;--awb-border-radius-top-right:0px;--awb-border-radius-bottom-right:0px;--awb-border-radius-bottom-left:0px;--awb-flex-wrap:wrap;\" ><div class=\"fusion-builder-row fusion-row fusion-flex-align-items-flex-start fusion-flex-content-wrap\" style=\"max-width:1216.8px;margin-left: calc(-4% \/ 2 );margin-right: calc(-4% \/ 2 );\"><div class=\"fusion-layout-column fusion_builder_column fusion-builder-column-0 fusion_builder_column_2_3 2_3 fusion-flex-column\" style=\"--awb-bg-blend:overlay;--awb-bg-size:cover;--awb-width-large:66.666666666667%;--awb-margin-top-large:0px;--awb-spacing-right-large:3.84%;--awb-margin-bottom-large:0px;--awb-spacing-left-large:2.88%;--awb-width-medium:100%;--awb-spacing-right-medium:1.92%;--awb-spacing-left-medium:1.92%;--awb-width-small:100%;--awb-spacing-right-small:1.92%;--awb-spacing-left-small:1.92%;\"><div class=\"fusion-column-wrapper fusion-flex-justify-content-flex-start fusion-content-layout-column\"><div class=\"fusion-text fusion-text-1\"><h3>Pr\u00e9sentoir individuel pour boucles d\u2019oreilles en 3 tailles et 10 couleurs<\/h3>\n<\/div><div class=\"fusion-text fusion-text-2\"><p>TEMPS DE PRODUCTION : 2 \u00e0 5 jours ouvr\u00e9s<\/p>\n<\/div>\n<div class=\"table-1\">\n<table width=\"100%\">\n<thead>\n<tr>\n<th style=\"text-align: center;\" align=\"left\">Quantit\u00e9<\/th>\n<th style=\"text-align: center;\" align=\"left\">10 cm<\/th>\n<th style=\"text-align: center;\" align=\"left\">12 cm<\/th>\n<th style=\"text-align: center;\" align=\"left\">16 cm<\/th>\n<\/tr>\n<\/thead>\n<tbody>\n<tr>\n<td style=\"text-align: center;\" align=\"left\">1\u20134<\/td>\n<td style=\"text-align: center;\" align=\"left\">10 \u20ac<\/td>\n<td style=\"text-align: center;\" align=\"left\">12 \u20ac<\/td>\n<td style=\"text-align: center;\" align=\"left\">16 \u20ac<\/td>\n<\/tr>\n<tr>\n<td style=\"text-align: center;\" align=\"left\">5\u201314<\/td>\n<td style=\"text-align: center;\" align=\"left\">9.50 \u20ac<\/td>\n<td style=\"text-align: center;\" align=\"left\">11.40 \u20ac<\/td>\n<td style=\"text-align: center;\" align=\"left\">15.20 \u20ac<\/td>\n<\/tr>\n<tr>\n<td style=\"text-align: center;\" align=\"left\">15+<\/td>\n<td style=\"text-align: center;\" align=\"left\">9 \u20ac<\/td>\n<td style=\"text-align: center;\" align=\"left\">10.80 \u20ac<\/td>\n<td style=\"text-align: center;\" align=\"left\">14.40 \u20ac<\/td>\n<\/tr>\n<\/tbody>\n<\/table>\n<\/div>\n<div class=\"fusion-text fusion-text-3\" style=\"--awb-margin-top:20PX;\"><p>Le pr\u00e9sentoir pour boucles d\u2019oreilles UY! est con\u00e7u pour mettre en valeur vos bijoux sans leur voler la vedette. Fabriqu\u00e9 en Espagne par impression 3D avec des filaments de haute qualit\u00e9, il associe un design \u00e9pur\u00e9, une bonne stabilit\u00e9 et une pr\u00e9sence soign\u00e9e pens\u00e9e pour les marques attentives aux d\u00e9tails.<\/p>\n<p class=\"isSelectedEnd\">Sa structure permet de suspendre les bijoux de mani\u00e8re ordonn\u00e9e, facilitant leur visualisation aussi bien en vente directe qu\u2019en exposition. Il est disponible en trois hauteurs \u2014 10, 12 et 16 cm \u2014 afin de s\u2019adapter \u00e0 la taille de vos pi\u00e8ces et \u00e0 l\u2019espace disponible sur votre comptoir ou dans votre vitrine.<\/p>\n<p class=\"isSelectedEnd\">Vous pouvez s\u00e9lectionner parmi 10 couleurs diff\u00e9rentes et cr\u00e9er des compositions visuelles coh\u00e9rentes dans votre espace de vente.<\/p>\n<p>Un support fonctionnel et r\u00e9sistant, pens\u00e9 pour accompagner les bijoux d\u2019auteur, la bijouterie contemporaine et les collections artisanales avec une pr\u00e9sentation professionnelle.<\/p>\n<p>\ud83d\udc97 Chaque pr\u00e9sentoir est fabriqu\u00e9 et test\u00e9 exclusivement pour vous.<\/p>\n<\/div><\/div><\/div><div class=\"fusion-layout-column fusion_builder_column fusion-builder-column-1 fusion_builder_column_1_3 1_3 fusion-flex-column\" style=\"--awb-bg-size:cover;--awb-width-large:33.333333333333%;--awb-margin-top-large:0px;--awb-spacing-right-large:5.76%;--awb-margin-bottom-large:0px;--awb-spacing-left-large:3.84%;--awb-width-medium:100%;--awb-order-medium:0;--awb-spacing-right-medium:1.92%;--awb-spacing-left-medium:1.92%;--awb-width-small:100%;--awb-order-small:0;--awb-spacing-right-small:1.92%;--awb-spacing-left-small:1.92%;\"><div class=\"fusion-column-wrapper fusion-column-has-shadow fusion-flex-justify-content-flex-start fusion-content-layout-column\"><div class=\"fusion-title title fusion-title-1 fusion-sep-none fusion-title-center fusion-title-text fusion-title-size-three\" style=\"--awb-margin-top-small:0px;--awb-margin-right-small:0px;--awb-margin-bottom-small:20px;--awb-margin-left-small:0px;\"><h3 class=\"fusion-title-heading title-heading-center fusion-responsive-typography-calculated\" style=\"margin:0;--fontSize:18;--minFontSize:18;line-height:1;\">Caract\u00e9ristiques<\/h3><\/div><div class=\"fusion-text fusion-text-4\"><ul>\n<li>Fabriqu\u00e9 en Espagne en PLA+<\/li>\n<li>3 hauteurs disponibles (10, 12 et 16 cm)<\/li>\n<li>10 options de couleur<\/li>\n<li>Remises disponibles selon la quantit\u00e9<\/li>\n<\/ul>\n<\/div><\/div><\/div><\/div><\/div>","protected":false},"excerpt":{"rendered":"<p>Expositor de pendientes individual, fabricado en Espa\u00f1a con filamentos premium. Disponible en 10, 12 o 16 cm de altura,\u00a0 y personalizable en 10 colores, ideal para destacar tus piezas en mostrador, ferias o escaparates. Elige el color, tama\u00f1o y la cantidad. [fusion_table fusion_table_type=\"1\" hide_on_mobile=\"small-visibility,medium-visibility,large-visibility\" animation_direction=\"left\" animation_speed=\"0.3\" animation_delay=\"0\"]<\/p>\n<div class=\"table-2\">\n<table width=\"100%\">\n<thead>\n<tr>\n<th style=\"text-align: center;\" align=\"left\">Cantidad<\/th>\n<th style=\"text-align: center;\" align=\"left\">10 cm<\/th>\n<th style=\"text-align: center;\" align=\"left\">12 cm<\/th>\n<th style=\"text-align: center;\" align=\"left\">16 cm<\/th>\n<\/tr>\n<\/thead>\n<tbody>\n<tr>\n<td style=\"text-align: center;\" align=\"left\">1\u20134<\/td>\n<td style=\"text-align: center;\" align=\"left\">10 \u20ac<\/td>\n<td style=\"text-align: center;\" align=\"left\">12 \u20ac<\/td>\n<td style=\"text-align: center;\" align=\"left\">16 \u20ac<\/td>\n<\/tr>\n<tr>\n<td style=\"text-align: center;\" align=\"left\">5\u201314<\/td>\n<td style=\"text-align: center;\" align=\"left\">9,50 \u20ac<\/td>\n<td style=\"text-align: center;\" align=\"left\">11,40 \u20ac<\/td>\n<td style=\"text-align: center;\" align=\"left\">15.20 \u20ac<\/td>\n<\/tr>\n<tr>\n<td style=\"text-align: center;\" align=\"left\">15+<\/td>\n<td style=\"text-align: center;\" align=\"left\">9 \u20ac<\/td>\n<td style=\"text-align: center;\" align=\"left\">10,80 \u20ac<\/td>\n<td style=\"text-align: center;\" align=\"left\">14.40 \u20ac<\/td>\n<\/tr>\n<\/tbody>\n<\/table>\n<\/div>\n<p>[\/fusion_table]<\/p>\n","protected":false},"featured_media":19706,"comment_status":"open","ping_status":"closed","template":"","meta":[],"product_brand":[],"product_cat":[519,665],"product_tag":[],"class_list":{"0":"post-19700","1":"product","2":"type-product","3":"status-publish","4":"has-post-thumbnail","6":"product_cat-accesorios-y-herramientas","7":"product_cat-expositores","9":"first","10":"instock","11":"sale","12":"taxable","13":"shipping-taxable","14":"purchasable","15":"product-type-variable"},"_links":{"self":[{"href":"https:\/\/uyquelindo.com\/fr\/wp-json\/wp\/v2\/product\/19700","targetHints":{"allow":["GET"]}}],"collection":[{"href":"https:\/\/uyquelindo.com\/fr\/wp-json\/wp\/v2\/product"}],"about":[{"href":"https:\/\/uyquelindo.com\/fr\/wp-json\/wp\/v2\/types\/product"}],"replies":[{"embeddable":true,"href":"https:\/\/uyquelindo.com\/fr\/wp-json\/wp\/v2\/comments?post=19700"}],"wp:featuredmedia":[{"embeddable":true,"href":"https:\/\/uyquelindo.com\/fr\/wp-json\/wp\/v2\/media\/19706"}],"wp:attachment":[{"href":"https:\/\/uyquelindo.com\/fr\/wp-json\/wp\/v2\/media?parent=19700"}],"wp:term":[{"taxonomy":"product_brand","embeddable":true,"href":"https:\/\/uyquelindo.com\/fr\/wp-json\/wp\/v2\/product_brand?post=19700"},{"taxonomy":"product_cat","embeddable":true,"href":"https:\/\/uyquelindo.com\/fr\/wp-json\/wp\/v2\/product_cat?post=19700"},{"taxonomy":"product_tag","embeddable":true,"href":"https:\/\/uyquelindo.com\/fr\/wp-json\/wp\/v2\/product_tag?post=19700"}],"curies":[{"name":"wp","href":"https:\/\/api.w.org\/{rel}","templated":true}]}}