{"id":4747,"date":"2021-05-31T19:17:46","date_gmt":"2021-05-31T22:17:46","guid":{"rendered":"https:\/\/uyquelindo.com\/?post_type=product&#038;p=4747"},"modified":"2026-04-12T16:15:05","modified_gmt":"2026-04-12T14:15:05","slug":"collar-personalizado-con-inicial-regalo-para-mama","status":"publish","type":"product","link":"https:\/\/uyquelindo.com\/fr\/produit\/collier-avec-initiale-pour-maman\/","title":{"rendered":"Collier personnalis\u00e9 avec initiale, cadeau pour maman, Mod\u00e8le PV03"},"content":{"rendered":"<div class=\"fusion-fullwidth fullwidth-box fusion-builder-row-1 fusion-flex-container nonhundred-percent-fullwidth non-hundred-percent-height-scrolling\" style=\"--awb-border-radius-top-left:0px;--awb-border-radius-top-right:0px;--awb-border-radius-bottom-right:0px;--awb-border-radius-bottom-left:0px;--awb-flex-wrap:wrap;\" ><div class=\"fusion-builder-row fusion-row fusion-flex-align-items-flex-start fusion-flex-content-wrap\" style=\"max-width:1216.8px;margin-left: calc(-4% \/ 2 );margin-right: calc(-4% \/ 2 );\"><div class=\"fusion-layout-column fusion_builder_column fusion-builder-column-0 fusion_builder_column_2_3 2_3 fusion-flex-column\" style=\"--awb-bg-size:cover;--awb-width-large:66.666666666667%;--awb-margin-top-large:0px;--awb-spacing-right-large:3.84%;--awb-margin-bottom-large:0px;--awb-spacing-left-large:2.88%;--awb-width-medium:100%;--awb-spacing-right-medium:1.92%;--awb-spacing-left-medium:1.92%;--awb-width-small:100%;--awb-spacing-right-small:1.92%;--awb-spacing-left-small:1.92%;\"><div class=\"fusion-column-wrapper fusion-flex-justify-content-flex-start fusion-content-layout-column\"><div class=\"fusion-title title fusion-title-1 sep-underline sep-dotted fusion-title-text fusion-title-size-three\" style=\"--awb-margin-bottom:15px;--awb-margin-top-small:0px;--awb-margin-right-small:0px;--awb-margin-bottom-small:20px;--awb-margin-left-small:0px;\"><h3 class=\"fusion-title-heading title-heading-left fusion-responsive-typography-calculated\" style=\"margin:0;--fontSize:18;--minFontSize:18;line-height:1;\"><span style=\"color: #f05858;\">Collier personnalis\u00e9 avec initiale, cadeau pour maman, Mod\u00e8le PV03<\/span><\/h3><\/div><div class=\"fusion-text fusion-text-1\"><p>Le collier personnalis\u00e9 avec initiale, cadeau pour maman, Mod\u00e8le PV03 est id\u00e9al pour l&#039;accompagner partout et pr\u00e8s du c\u0153ur. Ce cadeau d\u00e9licat est fait de porcelaine et d&#039;acier plaqu\u00e9 or, avec des breloques en option. La carte de message est un beau d\u00e9tail de c\u00e9l\u00e9bration que vous n&#039;oublierez jamais.<\/p>\n<p>\ud83d\udc49 S\u00e9lectionnez de ne pas ajouter de charms ou le nombre d&#039;initiales et \u00e9crivez sous la forme lesquels ils sont et de quelle couleur parmi les suivants :<br \/>\n\ud83c\udfa8 BLANC \/ GRIS \/ BRONZE (ex : <strong>H gris<\/strong>, <strong>E blanc<\/strong>, <strong>moi bronze<\/strong>)<br \/>\n<span style=\"color: #ff6600;\">N&#039;oubliez pas de pr\u00e9ciser les noms de la d\u00e9dicace de la carte, comme vous le voyez sur la photo.<\/span><\/p>\n<p>\u2022 TEMPS DE PRODUCTION: <strong>7 \u00e0 10 jours ouvrables.<br \/>\n<\/strong>Toutes les pi\u00e8ces sont fabriqu\u00e9es sur commande, elles peuvent donc \u00eatre L\u00c9G\u00c8REMENT diff\u00e9rentes de la photo du produit.<br \/>\nUne fois votre commande pay\u00e9e, nous vous contacterons pour revoir toutes les informations que vous avez saisies. Ensuite, nous proc\u00e9dons \u00e0 la production et enfin nous vous informons du num\u00e9ro guide lorsqu&#039;il est effectu\u00e9 dans l&#039;exp\u00e9dition. Pour toute question, envoyez-nous un message via WhatsApp \u00e0 partir de l&#039;ic\u00f4ne visible ci-dessous.<\/p>\n<p>\u2022 MAT\u00c9RIAUX : Porcelaine, acier dor\u00e9, joints en fil de cuivre dor\u00e9, pigments acryliques et laque de scellement.<\/p>\n<p>\u2022 CARTE SP\u00c9CIALE AVEC MESSAGE<\/p>\n<p>\ud83d\udc97 Chaque breloque et initiale est cr\u00e9\u00e9e et estamp\u00e9e, polie, estamp\u00e9e et peinte \u00e0 la main et chaque carte est produite sp\u00e9cialement pour votre cadeau. Consultez les d\u00e9lais de production.<\/p>\n<p>\ud83d\udcb3 Les charmes sont produits coordonn\u00e9s dans la palette de couleurs du mod\u00e8le, si vous avez besoin d&#039;un mod\u00e8le personnalis\u00e9 ou ajoutez plus d&#039;initiales, demandez le suppl\u00e9mentaire pour cr\u00e9er un produit personnalis\u00e9.<\/p>\n<\/div><div class=\"fusion-text fusion-text-2\"><p>MERCI<br \/>\nUy qu\u00e9 lindo!<\/p>\n<\/div><div class=\"fusion-title title fusion-title-2 fusion-sep-none fusion-title-text fusion-title-size-six\" style=\"--awb-margin-bottom:15px;--awb-margin-top-small:0px;--awb-margin-right-small:0px;--awb-margin-bottom-small:20px;--awb-margin-left-small:0px;\"><h6 class=\"fusion-title-heading title-heading-left fusion-responsive-typography-calculated\" style=\"margin:0;--fontSize:14;--minFontSize:14;line-height:1.55;\"><span style=\"color: #f05858;\">Collier personnalis\u00e9 avec initiale, cadeau pour maman, Mod\u00e8le PV03<\/span><\/h6><\/div><div class=\"fusion-text fusion-text-3\"><h6>\u00a9 Copyright by Uy qu\u00e9 lindo!\u00a0 Tous les articles vendus sont destin\u00e9s \u00e0 un usage personnel. Nos conceptions ne peuvent \u00eatre partag\u00e9es, vendues ou distribu\u00e9es sous quelque forme que ce soit, \u00e0 la fois num\u00e9rique et physique.<\/h6>\n<\/div><\/div><\/div><div class=\"fusion-layout-column fusion_builder_column fusion-builder-column-1 fusion_builder_column_1_3 1_3 fusion-flex-column\" style=\"--awb-bg-size:cover;--awb-width-large:33.333333333333%;--awb-margin-top-large:0px;--awb-spacing-right-large:5.76%;--awb-margin-bottom-large:0px;--awb-spacing-left-large:3.84%;--awb-width-medium:100%;--awb-order-medium:0;--awb-spacing-right-medium:1.92%;--awb-spacing-left-medium:1.92%;--awb-width-small:100%;--awb-order-small:0;--awb-spacing-right-small:1.92%;--awb-spacing-left-small:1.92%;\"><div class=\"fusion-column-wrapper fusion-column-has-shadow fusion-flex-justify-content-flex-start fusion-content-layout-column\"><div class=\"fusion-video fusion-youtube\" style=\"--awb-max-width:1080px;--awb-max-height:1920px;\" data-autoplay=\"1\"><div class=\"video-shortcode\"><lite-youtube videoid=\"WujtvEI6y4o\" class=\"portrait\" params=\"wmode=transparent&autoplay=1&amp;rel=0&amp;enablejsapi=1\" title=\"Lecteur vid\u00e9o YouTube\u00a01\" data-button-label=\"Play Video\" width=\"1080\" height=\"1920\" data-thumbnail-size=\"auto\" data-no-cookie=\"on\"><\/lite-youtube><\/div><\/div><div class=\"fusion-title title fusion-title-3 fusion-sep-none fusion-title-center fusion-title-text fusion-title-size-three\" style=\"--awb-margin-bottom:15px;--awb-margin-top-small:0px;--awb-margin-right-small:0px;--awb-margin-bottom-small:20px;--awb-margin-left-small:0px;\"><h3 class=\"fusion-title-heading title-heading-center fusion-responsive-typography-calculated\" style=\"margin:0;--fontSize:18;--minFontSize:18;line-height:1;\">Suivez-nous!<\/h3><\/div><div class=\"fusion-social-links fusion-social-links-1\" style=\"--awb-margin-top:0px;--awb-margin-right:0px;--awb-margin-bottom:0px;--awb-margin-left:0px;--awb-alignment:center;--awb-box-border-top:0px;--awb-box-border-right:0px;--awb-box-border-bottom:0px;--awb-box-border-left:0px;--awb-icon-colors-hover:rgba(190,189,189,0.8);--awb-box-colors-hover:rgba(232,232,232,0.8);--awb-box-border-color:var(--awb-color3);--awb-box-border-color-hover:var(--awb-color4);\"><div class=\"fusion-social-networks color-type-custom\"><div class=\"fusion-social-networks-wrapper\"><a class=\"fusion-social-network-icon fusion-tooltip fusion-instagram awb-icon-instagram\" style=\"color:#f05858;font-size:18px;\" data-placement=\"top\" data-title=\"Instagram\" data-toggle=\"tooltip\" title=\"Instagram\" aria-label=\"Instagram\" target=\"_blank\" rel=\"noopener noreferrer nofollow\" href=\"https:\/\/www.instagram.com\/uyquelindo\"><\/a><a class=\"fusion-social-network-icon fusion-tooltip fusion-facebook awb-icon-facebook\" style=\"color:#f05858;font-size:18px;\" data-placement=\"top\" data-title=\"Facebook\" data-toggle=\"tooltip\" title=\"Facebook\" aria-label=\"Facebook\" target=\"_blank\" rel=\"noopener noreferrer nofollow\" href=\"https:\/\/www.facebook.com\/uyquelindo.fbk\"><\/a><a class=\"fusion-social-network-icon fusion-tooltip fusion-pinterest awb-icon-pinterest\" style=\"color:#f05858;font-size:18px;\" data-placement=\"top\" data-title=\"Pinterest\" data-toggle=\"tooltip\" title=\"pinterest\" aria-label=\"pinterest\" target=\"_blank\" rel=\"noopener noreferrer nofollow\" href=\"https:\/\/www.pinterest.com\/uyquelindo\"><\/a><a class=\"fusion-social-network-icon fusion-tooltip fusion-mail awb-icon-mail\" style=\"color:#f05858;font-size:18px;\" data-placement=\"top\" data-title=\"Email\" data-toggle=\"tooltip\" title=\"E-mail\" aria-label=\"e-mail\" target=\"_blank\" rel=\"noopener noreferrer nofollow\" href=\"mailto:c&#111;&#110;&#116;ac&#116;&#111;&#064;uyqu&#101;&#108;ind&#111;.&#099;om\"><\/a><\/div><\/div><\/div><\/div><\/div><\/div><\/div>","protected":false},"excerpt":{"rendered":"<p>Le collier personnalis\u00e9 avec initiale, cadeau pour maman, Mod\u00e8le PV03 est id\u00e9al pour l&#039;accompagner partout et pr\u00e8s du c\u0153ur. Ce cadeau d\u00e9licat est fait de porcelaine et d&#039;acier plaqu\u00e9 or, avec des breloques en option. La carte de message est un beau d\u00e9tail de c\u00e9l\u00e9bration que vous n&#039;oublierez jamais.<\/p>\n<p>\ud83d\udc49 S\u00e9lectionnez ensuite le nombre d&#039;initiales et \u00e9crivez dans le formulaire ci-dessous <strong>quels sont<\/strong> et <strong>Dans quelle couleur<\/strong> parmi les suivants :<br \/>\n\ud83c\udfa8 BLANC \/ GRIS \/ BRONZE (ex : <strong>H gris<\/strong>, <strong>E blanc<\/strong>, <strong>moi bronze<\/strong>)<br \/>\nN&#039;oubliez pas de pr\u00e9ciser les noms de la d\u00e9dicace de la carte, comme vous le voyez sur la photo.<\/p>","protected":false},"featured_media":4752,"comment_status":"open","ping_status":"closed","template":"","meta":[],"product_brand":[],"product_cat":[300],"product_tag":[308,390,355,395,328,396],"class_list":{"0":"post-4747","1":"product","2":"type-product","3":"status-publish","4":"has-post-thumbnail","6":"product_cat-sin-categorizar","7":"product_tag-cadena-con-dije","8":"product_tag-collar-con-charms","9":"product_tag-collar-personalizado-con-inicial","10":"product_tag-querida-mama","11":"product_tag-regalo-para-mama","12":"product_tag-te-quiero-mama","13":"wcpa_has_options","15":"first","16":"instock","17":"taxable","18":"shipping-taxable","19":"purchasable","20":"product-type-variable"},"_links":{"self":[{"href":"https:\/\/uyquelindo.com\/fr\/wp-json\/wp\/v2\/product\/4747","targetHints":{"allow":["GET"]}}],"collection":[{"href":"https:\/\/uyquelindo.com\/fr\/wp-json\/wp\/v2\/product"}],"about":[{"href":"https:\/\/uyquelindo.com\/fr\/wp-json\/wp\/v2\/types\/product"}],"replies":[{"embeddable":true,"href":"https:\/\/uyquelindo.com\/fr\/wp-json\/wp\/v2\/comments?post=4747"}],"wp:featuredmedia":[{"embeddable":true,"href":"https:\/\/uyquelindo.com\/fr\/wp-json\/wp\/v2\/media\/4752"}],"wp:attachment":[{"href":"https:\/\/uyquelindo.com\/fr\/wp-json\/wp\/v2\/media?parent=4747"}],"wp:term":[{"taxonomy":"product_brand","embeddable":true,"href":"https:\/\/uyquelindo.com\/fr\/wp-json\/wp\/v2\/product_brand?post=4747"},{"taxonomy":"product_cat","embeddable":true,"href":"https:\/\/uyquelindo.com\/fr\/wp-json\/wp\/v2\/product_cat?post=4747"},{"taxonomy":"product_tag","embeddable":true,"href":"https:\/\/uyquelindo.com\/fr\/wp-json\/wp\/v2\/product_tag?post=4747"}],"curies":[{"name":"wp","href":"https:\/\/api.w.org\/{rel}","templated":true}]}}