{"id":9287,"date":"2023-06-09T13:02:24","date_gmt":"2023-06-09T11:02:24","guid":{"rendered":"https:\/\/uyquelindo.com\/?post_type=product&#038;p=9287"},"modified":"2026-01-20T16:05:06","modified_gmt":"2026-01-20T15:05:06","slug":"maxi-cortador-reforzado-para-arcilla-polimerica","status":"publish","type":"product","link":"https:\/\/uyquelindo.com\/fr\/produit\/renforce-maxi-emporte-piece\/","title":{"rendered":"Maxi d\u00e9coupoir renforc\u00e9 pour p\u00e2te polym\u00e8re 12 x 8cm"},"content":{"rendered":"<div class=\"fusion-fullwidth fullwidth-box fusion-builder-row-1 fusion-flex-container nonhundred-percent-fullwidth non-hundred-percent-height-scrolling\" style=\"--awb-border-radius-top-left:0px;--awb-border-radius-top-right:0px;--awb-border-radius-bottom-right:0px;--awb-border-radius-bottom-left:0px;--awb-flex-wrap:wrap;\" ><div class=\"fusion-builder-row fusion-row fusion-flex-align-items-flex-start fusion-flex-content-wrap\" style=\"max-width:1216.8px;margin-left: calc(-4% \/ 2 );margin-right: calc(-4% \/ 2 );\"><div class=\"fusion-layout-column fusion_builder_column fusion-builder-column-0 fusion_builder_column_2_3 2_3 fusion-flex-column\" style=\"--awb-bg-blend:overlay;--awb-bg-size:cover;--awb-width-large:66.666666666667%;--awb-margin-top-large:0px;--awb-spacing-right-large:3.84%;--awb-margin-bottom-large:0px;--awb-spacing-left-large:2.88%;--awb-width-medium:100%;--awb-spacing-right-medium:1.92%;--awb-spacing-left-medium:1.92%;--awb-width-small:100%;--awb-spacing-right-small:1.92%;--awb-spacing-left-small:1.92%;\"><div class=\"fusion-column-wrapper fusion-flex-justify-content-flex-start fusion-content-layout-column\"><div class=\"fusion-text fusion-text-1\"><h3>Maxi cutter renforc\u00e9 pour p\u00e2te polym\u00e8re<\/h3>\n<\/div><div class=\"fusion-text fusion-text-2\"><p>Mesures disponibles :<\/p>\n<ul>\n<li>TL-01 SQ12X08<\/li>\n<li>Format personnalis\u00e9<\/li>\n<\/ul>\n<p><strong>TEMPS DE PRODUCTION : 2 \u00e0 5 jours ouvr\u00e9s<br \/>\n<\/strong>\u2022 MAT\u00c9RIEL\u00a0: PLA<\/p>\n<p>\ud83d\udc97 Chaque cutter est fabriqu\u00e9 exclusivement pour vous<\/p>\n<p>\ud83e\udd6a Vous pouvez demander une mesure sp\u00e9ciale du m\u00eame mod\u00e8le en ajoutant la TAILLE PERSONNALIS\u00c9E \u00e0 votre panier et en entrant la mesure en millim\u00e8tres dans le champ sous le menu d\u00e9roulant.<\/p>\n<\/div><div class=\"fusion-builder-row fusion-builder-row-inner fusion-row fusion-flex-align-items-flex-start fusion-flex-content-wrap\" style=\"--awb-flex-grow:0;--awb-flex-grow-medium:0;--awb-flex-grow-small:0;--awb-flex-shrink:0;--awb-flex-shrink-medium:0;--awb-flex-shrink-small:0;width:104% !important;max-width:104% !important;margin-left: calc(-4% \/ 2 );margin-right: calc(-4% \/ 2 );\"><div class=\"fusion-layout-column fusion_builder_column_inner fusion-builder-nested-column-0 fusion_builder_column_inner_1_1 1_1 fusion-flex-column\" style=\"--awb-bg-size:cover;--awb-width-large:100%;--awb-margin-top-large:0px;--awb-spacing-right-large:1.92%;--awb-margin-bottom-large:0px;--awb-spacing-left-large:1.92%;--awb-width-medium:100%;--awb-order-medium:0;--awb-spacing-right-medium:1.92%;--awb-spacing-left-medium:1.92%;--awb-width-small:100%;--awb-order-small:0;--awb-spacing-right-small:1.92%;--awb-spacing-left-small:1.92%;\"><div class=\"fusion-column-wrapper fusion-column-has-shadow fusion-flex-justify-content-flex-start fusion-content-layout-column\"><div class=\"fusion-separator fusion-full-width-sep\" style=\"align-self: center;margin-left: auto;margin-right: auto;margin-top:10px;margin-bottom:20px;width:100%;\"><div class=\"fusion-separator-border sep-single sep-solid\" style=\"--awb-height:20px;--awb-amount:20px;border-color:#e0dede;border-top-width:1px;\"><\/div><\/div><\/div><\/div><div class=\"fusion-layout-column fusion_builder_column_inner fusion-builder-nested-column-1 fusion_builder_column_inner_1_2 1_2 fusion-flex-column\" style=\"--awb-bg-size:cover;--awb-width-large:50%;--awb-margin-top-large:0px;--awb-spacing-right-large:3.84%;--awb-margin-bottom-large:0px;--awb-spacing-left-large:3.84%;--awb-width-medium:100%;--awb-order-medium:0;--awb-spacing-right-medium:1.92%;--awb-spacing-left-medium:1.92%;--awb-width-small:100%;--awb-order-small:0;--awb-spacing-right-small:1.92%;--awb-spacing-left-small:1.92%;\"><div class=\"fusion-column-wrapper fusion-column-has-shadow fusion-flex-justify-content-flex-start fusion-content-layout-column\"><div class=\"fusion-image-element\" style=\"text-align:center;--awb-aspect-ratio:1 \/ 1;--awb-object-position:20% 46%;--awb-mask-url: url(https:\/\/uyquelindo.com\/wp-content\/plugins\/fusion-builder\/\/assets\/images\/masks\/mask-10.svg);--awb-max-width:150px;--awb-caption-title-font-family:var(--h2_typography-font-family);--awb-caption-title-font-weight:var(--h2_typography-font-weight);--awb-caption-title-font-style:var(--h2_typography-font-style);--awb-caption-title-size:var(--h2_typography-font-size);--awb-caption-title-transform:var(--h2_typography-text-transform);--awb-caption-title-line-height:var(--h2_typography-line-height);--awb-caption-title-letter-spacing:var(--h2_typography-letter-spacing);\"><div style=\"display:inline-block;width:150px;\"><span class=\"fusion-imageframe imageframe-none imageframe-1 hover-type-none has-mask has-aspect-ratio\"><img decoding=\"async\" width=\"150\" height=\"150\" alt=\"Mousqueton personnalis\u00e9\" title=\"crochets\" src=\"https:\/\/uyquelindo.com\/wp-content\/uploads\/2023\/01\/ganchos-150x150.jpg\" class=\"img-responsive wp-image-7943 img-with-aspect-ratio\" data-parent-fit=\"cover\" data-parent-container=\".fusion-image-element\" srcset=\"https:\/\/uyquelindo.com\/wp-content\/uploads\/2023\/01\/ganchos-66x66.jpg 66w, https:\/\/uyquelindo.com\/wp-content\/uploads\/2023\/01\/ganchos-100x100.jpg 100w, https:\/\/uyquelindo.com\/wp-content\/uploads\/2023\/01\/ganchos-150x150.jpg 150w\" sizes=\"(max-width: 150px) 100vw, 150px\" \/><\/span><\/div><\/div><\/div><\/div><div class=\"fusion-layout-column fusion_builder_column_inner fusion-builder-nested-column-2 fusion_builder_column_inner_1_2 1_2 fusion-flex-column\" style=\"--awb-bg-size:cover;--awb-width-large:50%;--awb-margin-top-large:0px;--awb-spacing-right-large:3.84%;--awb-margin-bottom-large:0px;--awb-spacing-left-large:3.84%;--awb-width-medium:100%;--awb-order-medium:0;--awb-spacing-right-medium:1.92%;--awb-spacing-left-medium:1.92%;--awb-width-small:100%;--awb-order-small:0;--awb-spacing-right-small:1.92%;--awb-spacing-left-small:1.92%;\"><div class=\"fusion-column-wrapper fusion-column-has-shadow fusion-flex-justify-content-flex-start fusion-content-layout-column\"><div class=\"fusion-text fusion-text-3\" style=\"--awb-content-alignment:left;\"><p>Visitez la collection de<br \/>\n<a href=\"https:\/\/uyquelindo.com\/fr\/categoria-producto\/cortadores-de-arcilla-polimerica\/accesorios-para-arcilla-polimerica\/\">ACCESSOIRES<\/a><\/p>\n<\/div><\/div><\/div><\/div>\n<\/div><\/div><div class=\"fusion-layout-column fusion_builder_column fusion-builder-column-1 fusion_builder_column_1_3 1_3 fusion-flex-column\" style=\"--awb-bg-size:cover;--awb-width-large:33.333333333333%;--awb-margin-top-large:0px;--awb-spacing-right-large:5.76%;--awb-margin-bottom-large:0px;--awb-spacing-left-large:3.84%;--awb-width-medium:100%;--awb-order-medium:0;--awb-spacing-right-medium:1.92%;--awb-spacing-left-medium:1.92%;--awb-width-small:100%;--awb-order-small:0;--awb-spacing-right-small:1.92%;--awb-spacing-left-small:1.92%;\"><div class=\"fusion-column-wrapper fusion-column-has-shadow fusion-flex-justify-content-flex-start fusion-content-layout-column\"><div class=\"fusion-video fusion-youtube\" style=\"--awb-max-width:1080px;--awb-max-height:1920px;\" data-autoplay=\"1\"><div class=\"video-shortcode\"><lite-youtube videoid=\"L0TYSY9hEUw\" class=\"portrait\" params=\"wmode=transparent&autoplay=1&amp;rel=0&amp;enablejsapi=1\" title=\"Lecteur vid\u00e9o YouTube\u00a01\" data-button-label=\"Play Video\" width=\"1080\" height=\"1920\" data-thumbnail-size=\"auto\" data-no-cookie=\"on\"><\/lite-youtube><\/div><\/div><div class=\"fusion-separator fusion-full-width-sep\" style=\"align-self: center;margin-left: auto;margin-right: auto;margin-top:20px;margin-bottom:20px;width:100%;\"><\/div><div class=\"fusion-title title fusion-title-1 fusion-sep-none fusion-title-center fusion-title-text fusion-title-size-four\" style=\"--awb-margin-top-small:0px;--awb-margin-right-small:0px;--awb-margin-bottom-small:20px;--awb-margin-left-small:0px;\"><h4 class=\"fusion-title-heading title-heading-center fusion-responsive-typography-calculated\" style=\"margin:0;--fontSize:14;--minFontSize:14;line-height:1.5;\">Conseils d&#039;utilisation<\/h4><\/div><div class=\"fusion-text fusion-text-4\"><p>Tous nos cutters ont des bords tranchants qui permettent une coupe nette qui minimise votre t\u00e2che de polissage ult\u00e9rieure pour une \u00e9paisseur d&#039;environ 3 mm. Cependant, nous vous recommandons d&#039;utiliser de l&#039;amidon de ma\u00efs ou une \u00e9ponge imbib\u00e9e d&#039;eau savonneuse pour pr\u00e9parer les bords et les contours et faciliter le t\u00e2che de couper ou d&#039;emboutir, en particulier dans les produits qui ont de petits d\u00e9tails. Appuyez d&#039;abord pour marquer puis \u00e0 fond pour couper. Vous verrez que les r\u00e9sultats sont incroyables !<\/p>\n<\/div><div class=\"fusion-title title fusion-title-2 fusion-sep-none fusion-title-center fusion-title-text fusion-title-size-four\" style=\"--awb-margin-top-small:0px;--awb-margin-right-small:0px;--awb-margin-bottom-small:20px;--awb-margin-left-small:0px;\"><h4 class=\"fusion-title-heading title-heading-center fusion-responsive-typography-calculated\" style=\"margin:0;--fontSize:14;--minFontSize:14;line-height:1.5;\">conseils d&#039;entretien<\/h4><\/div><div class=\"fusion-text fusion-text-5\"><ul>\n<li>N&#039;exposez pas vos couteaux \u00e0 des temp\u00e9ratures \u00e9lev\u00e9es ou au soleil pendant de longues p\u00e9riodes pour \u00e9viter qu&#039;ils ne se d\u00e9forment.<\/li>\n<li>Nettoyez-les avec de l&#039;eau savonneuse ou un chiffon humide apr\u00e8s utilisation.<\/li>\n<li>Ne va pas au lave-vaisselle.<\/li>\n<\/ul>\n<\/div><\/div><\/div><\/div><\/div>","protected":false},"excerpt":{"rendered":"<p>Notre maxi cutter renforc\u00e9 pour p\u00e2te polym\u00e8re 12 x 8cm, d\u00e9coupe de grandes surfaces pour acc\u00e9l\u00e9rer vos d\u00e9monstrations de travail avec une finition professionnelle. Il est utile pour tout type de projet tel que conteneurs ou d\u00e9coration.<\/p>","protected":false},"featured_media":9298,"comment_status":"open","ping_status":"closed","template":"","meta":[],"product_brand":[],"product_cat":[431,519,660],"product_tag":[528],"class_list":{"0":"post-9287","1":"product","2":"type-product","3":"status-publish","4":"has-post-thumbnail","6":"product_cat-cortadores-de-arcilla-polimerica","7":"product_cat-accesorios-y-herramientas","8":"product_cat-herramientas","9":"product_tag-guias-de-profundidad","10":"wcpa_has_options","12":"first","13":"instock","14":"taxable","15":"shipping-taxable","16":"purchasable","17":"product-type-variable"},"_links":{"self":[{"href":"https:\/\/uyquelindo.com\/fr\/wp-json\/wp\/v2\/product\/9287","targetHints":{"allow":["GET"]}}],"collection":[{"href":"https:\/\/uyquelindo.com\/fr\/wp-json\/wp\/v2\/product"}],"about":[{"href":"https:\/\/uyquelindo.com\/fr\/wp-json\/wp\/v2\/types\/product"}],"replies":[{"embeddable":true,"href":"https:\/\/uyquelindo.com\/fr\/wp-json\/wp\/v2\/comments?post=9287"}],"wp:featuredmedia":[{"embeddable":true,"href":"https:\/\/uyquelindo.com\/fr\/wp-json\/wp\/v2\/media\/9298"}],"wp:attachment":[{"href":"https:\/\/uyquelindo.com\/fr\/wp-json\/wp\/v2\/media?parent=9287"}],"wp:term":[{"taxonomy":"product_brand","embeddable":true,"href":"https:\/\/uyquelindo.com\/fr\/wp-json\/wp\/v2\/product_brand?post=9287"},{"taxonomy":"product_cat","embeddable":true,"href":"https:\/\/uyquelindo.com\/fr\/wp-json\/wp\/v2\/product_cat?post=9287"},{"taxonomy":"product_tag","embeddable":true,"href":"https:\/\/uyquelindo.com\/fr\/wp-json\/wp\/v2\/product_tag?post=9287"}],"curies":[{"name":"wp","href":"https:\/\/api.w.org\/{rel}","templated":true}]}}